{"id":2227,"date":"2022-04-22T15:26:44","date_gmt":"2022-04-22T15:26:44","guid":{"rendered":"https:\/\/dalmatia-express.com\/?page_id=2227"},"modified":"2022-05-02T16:09:10","modified_gmt":"2022-05-02T16:09:10","slug":"lolivul-9","status":"publish","type":"page","link":"https:\/\/dalmatia-express.com\/de\/our-fleet\/lolivul-9\/","title":{"rendered":"Lolivul 9"},"content":{"rendered":"<div data-elementor-type=\"wp-page\" data-elementor-id=\"2227\" class=\"elementor elementor-2227\">\n\t\t\t\t\t\t\t\t\t<section class=\"elementor-section elementor-top-section elementor-element elementor-element-7e52b4b elementor-section-full_width elementor-section-height-default elementor-section-height-default\" data-id=\"7e52b4b\" data-element_type=\"section\">\n\t\t\t\t\t\t<div class=\"elementor-container elementor-column-gap-default\">\n\t\t\t\t\t<div class=\"elementor-column elementor-col-100 elementor-top-column elementor-element elementor-element-ff0f0fb\" data-id=\"ff0f0fb\" data-element_type=\"column\">\n\t\t\t<div class=\"elementor-widget-wrap elementor-element-populated\">\n\t\t\t\t\t\t\t\t<div class=\"elementor-element elementor-element-46d5cf8 elementor-widget elementor-widget-lanong_yacht_single\" data-id=\"46d5cf8\" data-element_type=\"widget\" data-widget_type=\"lanong_yacht_single.default\">\n\t\t\t\t<div class=\"elementor-widget-container\">\n\t\t\t        \r\n        <!--yacht Details Section-->\r\n        <section class=\"yacht-details\">\r\n            <div class=\"auto-container\">\r\n                <div class=\"main-image-box\">\r\n                    <figure class=\"image\">\r\n                        <img decoding=\"async\" src=\"https:\/\/dalmatia-express.com\/wp-content\/uploads\/2022\/04\/Lolivul-9.webp\" alt=\"Tolles Bild\">\r\n                    <\/figure>\r\n                    <div class=\"caption-box\">\r\n                        <h2>Lolivul 9<\/h2>\r\n                        <div class=\"info\">9 Meter Schlauchboot <\/div>\r\n                    <\/div>\r\n                <\/div>\r\n                <div class=\"basic-info clearfix\">\r\n                                                        <\/div>\r\n        \r\n                <div class=\"row clearfix\">\r\n                    <div class=\"content-column col-xl-7 col-lg-6 col-md-12 cl-sm-12\">\r\n                        <div class=\"inner\">\r\n                            <div class=\"text-block\">\r\n                                <h4>\u00dcber Lolivul 9<\/h4>\r\n                                <p>Lolivul 9 ist ein gro\u00dfartiges Schnellboot f\u00fcr den schnellen Transport zwischen den Inseln Dalmatiens. Sparen Sie Zeit und Geld beim Reisen mit dem Dalmatia Express Speed Boat Taxi.<\/p>\r\n                                <h4>EINRICHTUNGEN AN BORD<\/h4>\r\n                                <p>Ihre Sicherheit und Ihr Komfort haben f\u00fcr uns oberste Priorit\u00e4t.<\/p>\r\n                            <\/div>\r\n        \r\n                            <div class=\"scroller-box\">\r\n                                <div class=\"scroller\">\r\n                                                                        <div class=\"feature\">\r\n                                        <div class=\"feature-inner\">\r\n                                            <div class=\"icon\"><i class=\"flaticon flaticon-shield\"><\/i><\/div>\r\n                                            <h5>Raymarine-Radar, GPS-Plotter, UKW<\/h5>\r\n                                            <div class=\"text\">Auch auf unseren Kurztrips nutzen wir alle verf\u00fcgbaren Sicherheitsausr\u00fcstungen<\/div>\r\n                                        <\/div>\r\n                                    <\/div>\r\n        \t\t\t\t\t\t\t                                    <div class=\"feature\">\r\n                                        <div class=\"feature-inner\">\r\n                                            <div class=\"icon\"><i class=\"far fa-life-ring\"><\/i><\/div>\r\n                                            <h5>Sicherheitsausr\u00fcstung<\/h5>\r\n                                            <div class=\"text\">Sicherheitsausr\u00fcstung steht allen G\u00e4sten und der Besatzung jederzeit zur Verf\u00fcgung <\/div>\r\n                                        <\/div>\r\n                                    <\/div>\r\n        \t\t\t\t\t\t\t                                    <div class=\"feature\">\r\n                                        <div class=\"feature-inner\">\r\n                                            <div class=\"icon\"><i class=\"fas fa-music\"><\/i><\/div>\r\n                                            <h5>Hi-Fi-Audiosystem<\/h5>\r\n                                            <div class=\"text\">Was f\u00fcr ein Schiff hat kein Audio?<\/div>\r\n                                        <\/div>\r\n                                    <\/div>\r\n        \t\t\t\t\t\t\t                                    <div class=\"feature\">\r\n                                        <div class=\"feature-inner\">\r\n                                            <div class=\"icon\"><i class=\"flaticon flaticon-people\"><\/i><\/div>\r\n                                            <h5>Skipper und Crew immer an Bord<\/h5>\r\n                                            <div class=\"text\">Unsere Schiffe werden den Hafen niemals ohne eine f\u00e4hige Besatzung verlassen<\/div>\r\n                                        <\/div>\r\n                                    <\/div>\r\n        \t\t\t\t\t\t\t                                <\/div>\r\n                            <\/div>\r\n        \r\n                        <\/div>\r\n                    <\/div>\r\n        \r\n                    <div class=\"specs-column col-xl-5 col-lg-6 col-md-12 cl-sm-12\">\r\n                        <div class=\"inner\">\r\n                            <div class=\"title-box clearfix\">\r\n                                <h4>SPEZIFIKATION<\/h4>\r\n                                <div class=\"options clearfix\">\r\n                                                                                                        <\/div>\r\n                            <\/div>\r\n                            <div class=\"features-list\">\r\n                                <ul>\r\n                                                                        \t                                        <li class=\"clearfix\"><span class=\"ttl\">Schiffstyp<\/span><span class=\"dtl\">Aufblasbares Schnellboot<\/span><\/li>\r\n                                    \t\t\t\t\t\t\t\t\t\t                                    \t                                        <li class=\"clearfix\"><span class=\"ttl\">MOTOR<\/span><span class=\"dtl\">Yamaha V8 5.3 350 PS<\/span><\/li>\r\n                                    \t\t\t\t\t\t\t\t\t\t                                    \t                                        <li class=\"clearfix\"><span class=\"ttl\">H\u00d6CHSTGESCHWINDIGKEIT<\/span><span class=\"dtl\">50 Knoten<\/span><\/li>\r\n                                    \t\t\t\t\t\t\t\t\t\t                                    \t                                        <li class=\"clearfix\"><span class=\"ttl\">Cruising-Geschwindigkeit<\/span><span class=\"dtl\">30 Knoten<\/span><\/li>\r\n                                    \t\t\t\t\t\t\t\t\t\t                                    \t                                        <li class=\"clearfix\"><span class=\"ttl\">Bootsl\u00e4nge<\/span><span class=\"dtl\">9 Meter<\/span><\/li>\r\n                                    \t\t\t\t\t\t\t\t\t\t                                <\/ul>\r\n                            <\/div>\r\n                        <\/div>\r\n                    <\/div>\r\n        \r\n                <\/div>\r\n        \r\n            <\/div>\r\n        <\/section>\r\n        \r\n        \t\t<\/div>\n\t\t\t\t<\/div>\n\t\t\t\t\t<\/div>\n\t\t<\/div>\n\t\t\t\t\t\t\t<\/div>\n\t\t<\/section>\n\t\t\t\t<section class=\"elementor-section elementor-top-section elementor-element elementor-element-e2b46c8 elementor-section-boxed elementor-section-height-default elementor-section-height-default\" data-id=\"e2b46c8\" data-element_type=\"section\">\n\t\t\t\t\t\t<div class=\"elementor-container elementor-column-gap-default\">\n\t\t\t\t\t<div class=\"elementor-column elementor-col-100 elementor-top-column elementor-element elementor-element-f4550ab\" data-id=\"f4550ab\" data-element_type=\"column\">\n\t\t\t<div class=\"elementor-widget-wrap\">\n\t\t\t\t\t\t\t\t\t<\/div>\n\t\t<\/div>\n\t\t\t\t\t\t\t<\/div>\n\t\t<\/section>\n\t\t\t\t\t\t\t<\/div>","protected":false},"excerpt":{"rendered":"<p>Lolivul 9 9 Meter Schlauchboot \u00dcber Lolivul 9 Lolivul 9 ist ein gro\u00dfartiges Schnellboot f\u00fcr den schnellen Transport zwischen den dalmatinischen Inseln. Sparen Sie Zeit und Geld mit dem Dalmatia Express Speed Boat Taxi. AUSSTATTUNG AN BORD Ihre Sicherheit und Ihr Komfort haben f\u00fcr uns oberste Priorit\u00e4t. Raymarine Radar, GPS-Plotter, UKW. Auch auf [\u2026]<\/p>","protected":false},"author":1,"featured_media":0,"parent":986,"menu_order":0,"comment_status":"closed","ping_status":"closed","template":"elementor_header_footer","meta":{"footnotes":""},"class_list":["post-2227","page","type-page","status-publish","hentry"],"_links":{"self":[{"href":"https:\/\/dalmatia-express.com\/de\/wp-json\/wp\/v2\/pages\/2227","targetHints":{"allow":["GET"]}}],"collection":[{"href":"https:\/\/dalmatia-express.com\/de\/wp-json\/wp\/v2\/pages"}],"about":[{"href":"https:\/\/dalmatia-express.com\/de\/wp-json\/wp\/v2\/types\/page"}],"author":[{"embeddable":true,"href":"https:\/\/dalmatia-express.com\/de\/wp-json\/wp\/v2\/users\/1"}],"replies":[{"embeddable":true,"href":"https:\/\/dalmatia-express.com\/de\/wp-json\/wp\/v2\/comments?post=2227"}],"version-history":[{"count":0,"href":"https:\/\/dalmatia-express.com\/de\/wp-json\/wp\/v2\/pages\/2227\/revisions"}],"up":[{"embeddable":true,"href":"https:\/\/dalmatia-express.com\/de\/wp-json\/wp\/v2\/pages\/986"}],"wp:attachment":[{"href":"https:\/\/dalmatia-express.com\/de\/wp-json\/wp\/v2\/media?parent=2227"}],"curies":[{"name":"wp","href":"https:\/\/api.w.org\/{rel}","templated":true}]}}