{"id":2291,"date":"2022-04-23T16:16:33","date_gmt":"2022-04-23T16:16:33","guid":{"rendered":"https:\/\/dalmatia-express.com\/?page_id=2291"},"modified":"2022-05-02T16:05:26","modified_gmt":"2022-05-02T16:05:26","slug":"great-white-39","status":"publish","type":"page","link":"https:\/\/dalmatia-express.com\/de\/our-fleet\/great-white-39\/","title":{"rendered":"Wei\u00dfer Hai 39"},"content":{"rendered":"<div data-elementor-type=\"wp-page\" data-elementor-id=\"2291\" class=\"elementor elementor-2291\">\n\t\t\t\t\t\t\t\t\t<section class=\"elementor-section elementor-top-section elementor-element elementor-element-7e52b4b elementor-section-full_width elementor-section-height-default elementor-section-height-default\" data-id=\"7e52b4b\" data-element_type=\"section\">\n\t\t\t\t\t\t<div class=\"elementor-container elementor-column-gap-default\">\n\t\t\t\t\t<div class=\"elementor-column elementor-col-100 elementor-top-column elementor-element elementor-element-ff0f0fb\" data-id=\"ff0f0fb\" data-element_type=\"column\">\n\t\t\t<div class=\"elementor-widget-wrap elementor-element-populated\">\n\t\t\t\t\t\t\t\t<div class=\"elementor-element elementor-element-46d5cf8 elementor-widget elementor-widget-lanong_yacht_single\" data-id=\"46d5cf8\" data-element_type=\"widget\" data-widget_type=\"lanong_yacht_single.default\">\n\t\t\t\t<div class=\"elementor-widget-container\">\n\t\t\t        \r\n        <!--yacht Details Section-->\r\n        <section class=\"yacht-details\">\r\n            <div class=\"auto-container\">\r\n                <div class=\"main-image-box\">\r\n                    <figure class=\"image\">\r\n                        <img decoding=\"async\" src=\"https:\/\/dalmatia-express.com\/wp-content\/uploads\/2022\/04\/gw39.webp\" alt=\"Tolles Bild\">\r\n                    <\/figure>\r\n                    <div class=\"caption-box\">\r\n                        <h2>Wei\u00dfer Hai 39<\/h2>\r\n                        <div class=\"info\">13 Meter Festrumpfschlauchboot (RIB) <\/div>\r\n                    <\/div>\r\n                <\/div>\r\n                <div class=\"basic-info clearfix\">\r\n                                                        <\/div>\r\n        \r\n                <div class=\"row clearfix\">\r\n                    <div class=\"content-column col-xl-7 col-lg-6 col-md-12 cl-sm-12\">\r\n                        <div class=\"inner\">\r\n                            <div class=\"text-block\">\r\n                                <h4>\u00dcber Great White 39<\/h4>\r\n                                <p>Geschwindigkeit und Sicherheit beschreiben dieses Boot am besten. Robust, um allen Bedingungen auf See standzuhalten, und bequem genug f\u00fcr jede Dame und jeden Herrn. Klasse und \u00fcberlegener K\u00f6rperbau machen einen Great White ohne Konkurrenz aus.<\/p>\r\n                                <h4>EINRICHTUNGEN AN BORD<\/h4>\r\n                                <p>Ihre Sicherheit und Ihr Komfort haben f\u00fcr uns oberste Priorit\u00e4t.<\/p>\r\n                            <\/div>\r\n        \r\n                            <div class=\"scroller-box\">\r\n                                <div class=\"scroller\">\r\n                                                                        <div class=\"feature\">\r\n                                        <div class=\"feature-inner\">\r\n                                            <div class=\"icon\"><i class=\"flaticon flaticon-house\"><\/i><\/div>\r\n                                            <h5>Kabine<\/h5>\r\n                                            <div class=\"text\">Gew\u00e4hrleistung der Sicherheit der G\u00e4ste und ihres Gep\u00e4cks vor Meerwasser<\/div>\r\n                                        <\/div>\r\n                                    <\/div>\r\n        \t\t\t\t\t\t\t                                    <div class=\"feature\">\r\n                                        <div class=\"feature-inner\">\r\n                                            <div class=\"icon\"><i class=\"far fa-sun\"><\/i><\/div>\r\n                                            <h5>Au\u00dfendeck<\/h5>\r\n                                            <div class=\"text\">Tanken Sie etwas Sonne und bewundern Sie die Sch\u00f6nheit der dalmatinischen K\u00fcste<\/div>\r\n                                        <\/div>\r\n                                    <\/div>\r\n        \t\t\t\t\t\t\t                                    <div class=\"feature\">\r\n                                        <div class=\"feature-inner\">\r\n                                            <div class=\"icon\"><i class=\"fas fa-chair\"><\/i><\/div>\r\n                                            <h5>Luxus-Sto\u00dfd\u00e4mpfersitze<\/h5>\r\n                                            <div class=\"text\">Selbst bei rauer See werden Sie die Wellen nicht sp\u00fcren.<\/div>\r\n                                        <\/div>\r\n                                    <\/div>\r\n        \t\t\t\t\t\t\t                                    <div class=\"feature\">\r\n                                        <div class=\"feature-inner\">\r\n                                            <div class=\"icon\"><i class=\"flaticon flaticon-shield\"><\/i><\/div>\r\n                                            <h5>Raymarine-Radar, GPS-Plotter, UKW<\/h5>\r\n                                            <div class=\"text\">Auch auf unseren Kurztrips nutzen wir alle verf\u00fcgbaren Sicherheitsausr\u00fcstungen<\/div>\r\n                                        <\/div>\r\n                                    <\/div>\r\n        \t\t\t\t\t\t\t                                    <div class=\"feature\">\r\n                                        <div class=\"feature-inner\">\r\n                                            <div class=\"icon\"><i class=\"far fa-life-ring\"><\/i><\/div>\r\n                                            <h5>Sicherheitsausr\u00fcstung<\/h5>\r\n                                            <div class=\"text\">Sicherheitsausr\u00fcstung steht allen G\u00e4sten und der Besatzung jederzeit zur Verf\u00fcgung <\/div>\r\n                                        <\/div>\r\n                                    <\/div>\r\n        \t\t\t\t\t\t\t                                    <div class=\"feature\">\r\n                                        <div class=\"feature-inner\">\r\n                                            <div class=\"icon\"><i class=\"fas fa-toilet\"><\/i><\/div>\r\n                                            <h5>Toiletten<\/h5>\r\n                                            <div class=\"text\">Wenn Sie es eilig haben, sind Sie bei uns genau richtig<\/div>\r\n                                        <\/div>\r\n                                    <\/div>\r\n        \t\t\t\t\t\t\t                                    <div class=\"feature\">\r\n                                        <div class=\"feature-inner\">\r\n                                            <div class=\"icon\"><i class=\"far fa-snowflake\"><\/i><\/div>\r\n                                            <h5>Gro\u00dfer K\u00fchlschrank<\/h5>\r\n                                            <div class=\"text\">Halten Sie Ihre Getr\u00e4nke und Speisen k\u00fchl<\/div>\r\n                                        <\/div>\r\n                                    <\/div>\r\n        \t\t\t\t\t\t\t                                    <div class=\"feature\">\r\n                                        <div class=\"feature-inner\">\r\n                                            <div class=\"icon\"><i class=\"fas fa-music\"><\/i><\/div>\r\n                                            <h5>Hi-Fi-Audiosystem<\/h5>\r\n                                            <div class=\"text\">Was f\u00fcr ein Schiff hat kein Audio?<\/div>\r\n                                        <\/div>\r\n                                    <\/div>\r\n        \t\t\t\t\t\t\t                                    <div class=\"feature\">\r\n                                        <div class=\"feature-inner\">\r\n                                            <div class=\"icon\"><i class=\"flaticon flaticon-people\"><\/i><\/div>\r\n                                            <h5>Skipper und Crew immer an Bord<\/h5>\r\n                                            <div class=\"text\">Unsere Schiffe werden den Hafen niemals ohne eine f\u00e4hige Besatzung verlassen<\/div>\r\n                                        <\/div>\r\n                                    <\/div>\r\n        \t\t\t\t\t\t\t                                <\/div>\r\n                            <\/div>\r\n        \r\n                        <\/div>\r\n                    <\/div>\r\n        \r\n                    <div class=\"specs-column col-xl-5 col-lg-6 col-md-12 cl-sm-12\">\r\n                        <div class=\"inner\">\r\n                            <div class=\"title-box clearfix\">\r\n                                <h4>SPEZIFIKATION<\/h4>\r\n                                <div class=\"options clearfix\">\r\n                                                                                                        <\/div>\r\n                            <\/div>\r\n                            <div class=\"features-list\">\r\n                                <ul>\r\n                                                                        \t                                        <li class=\"clearfix\"><span class=\"ttl\">Schiffstyp<\/span><span class=\"dtl\">Starres Schlauchboot<\/span><\/li>\r\n                                    \t\t\t\t\t\t\t\t\t\t                                    \t                                        <li class=\"clearfix\"><span class=\"ttl\">MOTOREN<\/span><span class=\"dtl\">2xYamaha V8 350 PS \/ Gesamt 700 PS\n<\/span><\/li>\r\n                                    \t\t\t\t\t\t\t\t\t\t                                    \t                                        <li class=\"clearfix\"><span class=\"ttl\">H\u00d6CHSTGESCHWINDIGKEIT<\/span><span class=\"dtl\">50 Knoten<\/span><\/li>\r\n                                    \t\t\t\t\t\t\t\t\t\t                                    \t                                        <li class=\"clearfix\"><span class=\"ttl\">Cruising-Geschwindigkeit<\/span><span class=\"dtl\">30 Knoten<\/span><\/li>\r\n                                    \t\t\t\t\t\t\t\t\t\t                                    \t                                        <li class=\"clearfix\"><span class=\"ttl\">BAUER<\/span><span class=\"dtl\">Blizanac doo \/ Dalmatia Express<\/span><\/li>\r\n                                    \t\t\t\t\t\t\t\t\t\t                                    \t                                        <li class=\"clearfix\"><span class=\"ttl\">BAUJAHR<\/span><span class=\"dtl\">2014<\/span><\/li>\r\n                                    \t\t\t\t\t\t\t\t\t\t                                    \t                                        <li class=\"clearfix\"><span class=\"ttl\">Bootsl\u00e4nge<\/span><span class=\"dtl\">13 Meter<\/span><\/li>\r\n                                    \t\t\t\t\t\t\t\t\t\t                                <\/ul>\r\n                            <\/div>\r\n                        <\/div>\r\n                    <\/div>\r\n        \r\n                <\/div>\r\n        \r\n            <\/div>\r\n        <\/section>\r\n        \r\n        \t\t<\/div>\n\t\t\t\t<\/div>\n\t\t\t\t\t<\/div>\n\t\t<\/div>\n\t\t\t\t\t\t\t<\/div>\n\t\t<\/section>\n\t\t\t\t<section class=\"elementor-section elementor-top-section elementor-element elementor-element-8ed01a3 elementor-section-full_width elementor-section-height-default elementor-section-height-default\" data-id=\"8ed01a3\" data-element_type=\"section\">\n\t\t\t\t\t\t<div class=\"elementor-container elementor-column-gap-no\">\n\t\t\t\t\t<div class=\"elementor-column elementor-col-100 elementor-top-column elementor-element elementor-element-16546b8\" data-id=\"16546b8\" data-element_type=\"column\">\n\t\t\t<div class=\"elementor-widget-wrap elementor-element-populated\">\n\t\t\t\t\t\t\t\t<div class=\"elementor-element elementor-element-3a58902 elementor-widget elementor-widget-lanong_tk_gallery\" data-id=\"3a58902\" data-element_type=\"widget\" data-widget_type=\"lanong_tk_gallery.default\">\n\t\t\t\t<div class=\"elementor-widget-container\">\n\t\t\t        \r\n        <section class=\"yacht-featured-images\">\r\n            <div class=\"images-container\">\r\n                <div class=\"outer-box clearfix\">\r\n                    <!--Featured Image Block-->\r\n                                        <div class=\"yacht-featured-image\">\r\n                        <div class=\"inner-box\">\r\n                            <div class=\"image-layer\" style=\"background-image: url(https:\/\/dalmatia-express.com\/wp-content\/uploads\/2022\/04\/In-Action_2_11zon.jpg);\"><\/div>\r\n                            <div class=\"image-box\">\r\n                                <figure class=\"image\">\r\n                                    <a href=\"\"><img decoding=\"async\" src=\"https:\/\/dalmatia-express.com\/wp-content\/uploads\/2022\/04\/In-Action_2_11zon.jpg\" alt=\"Tolles Bild\"><\/a>\r\n                                <\/figure>\r\n                            <\/div>\r\n                            <div class=\"hover-box\">\r\n                                <div class=\"hover-inner\">\r\n                                    <h3><a href=\"\">In Aktion<\/a><\/h3>\r\n                                <\/div>\r\n                            <\/div>\r\n                        <\/div>\r\n                    <\/div>\r\n        \t\t\t                    <div class=\"yacht-featured-image\">\r\n                        <div class=\"inner-box\">\r\n                            <div class=\"image-layer\" style=\"background-image: url(https:\/\/dalmatia-express.com\/wp-content\/uploads\/2022\/04\/Ship-in-Action-4_9_11zon.jpg);\"><\/div>\r\n                            <div class=\"image-box\">\r\n                                <figure class=\"image\">\r\n                                    <a href=\"\"><img decoding=\"async\" src=\"https:\/\/dalmatia-express.com\/wp-content\/uploads\/2022\/04\/Ship-in-Action-4_9_11zon.jpg\" alt=\"Tolles Bild\"><\/a>\r\n                                <\/figure>\r\n                            <\/div>\r\n                            <div class=\"hover-box\">\r\n                                <div class=\"hover-inner\">\r\n                                    <h3><a href=\"\">In Aktion<\/a><\/h3>\r\n                                <\/div>\r\n                            <\/div>\r\n                        <\/div>\r\n                    <\/div>\r\n        \t\t\t                    <div class=\"yacht-featured-image\">\r\n                        <div class=\"inner-box\">\r\n                            <div class=\"image-layer\" style=\"background-image: url(https:\/\/dalmatia-express.com\/wp-content\/uploads\/2022\/04\/Ship-in-Action-3_8_11zon.jpg);\"><\/div>\r\n                            <div class=\"image-box\">\r\n                                <figure class=\"image\">\r\n                                    <a href=\"\"><img decoding=\"async\" src=\"https:\/\/dalmatia-express.com\/wp-content\/uploads\/2022\/04\/Ship-in-Action-3_8_11zon.jpg\" alt=\"Tolles Bild\"><\/a>\r\n                                <\/figure>\r\n                            <\/div>\r\n                            <div class=\"hover-box\">\r\n                                <div class=\"hover-inner\">\r\n                                    <h3><a href=\"\">In Aktion<\/a><\/h3>\r\n                                <\/div>\r\n                            <\/div>\r\n                        <\/div>\r\n                    <\/div>\r\n        \t\t\t                    <div class=\"yacht-featured-image\">\r\n                        <div class=\"inner-box\">\r\n                            <div class=\"image-layer\" style=\"background-image: url(https:\/\/dalmatia-express.com\/wp-content\/uploads\/2022\/04\/Ship-in-Action-2_7_11zon.jpg);\"><\/div>\r\n                            <div class=\"image-box\">\r\n                                <figure class=\"image\">\r\n                                    <a href=\"\"><img decoding=\"async\" src=\"https:\/\/dalmatia-express.com\/wp-content\/uploads\/2022\/04\/Ship-in-Action-2_7_11zon.jpg\" alt=\"Tolles Bild\"><\/a>\r\n                                <\/figure>\r\n                            <\/div>\r\n                            <div class=\"hover-box\">\r\n                                <div class=\"hover-inner\">\r\n                                    <h3><a href=\"\">In Aktion<\/a><\/h3>\r\n                                <\/div>\r\n                            <\/div>\r\n                        <\/div>\r\n                    <\/div>\r\n        \t\t\t                    <div class=\"yacht-featured-image\">\r\n                        <div class=\"inner-box\">\r\n                            <div class=\"image-layer\" style=\"background-image: url(https:\/\/dalmatia-express.com\/wp-content\/uploads\/2022\/04\/Ship-in-Action-7_12_11zon.jpg);\"><\/div>\r\n                            <div class=\"image-box\">\r\n                                <figure class=\"image\">\r\n                                    <a href=\"\"><img decoding=\"async\" src=\"https:\/\/dalmatia-express.com\/wp-content\/uploads\/2022\/04\/Ship-in-Action-7_12_11zon.jpg\" alt=\"Tolles Bild\"><\/a>\r\n                                <\/figure>\r\n                            <\/div>\r\n                            <div class=\"hover-box\">\r\n                                <div class=\"hover-inner\">\r\n                                    <h3><a href=\"\">In Aktion<\/a><\/h3>\r\n                                <\/div>\r\n                            <\/div>\r\n                        <\/div>\r\n                    <\/div>\r\n        \t\t\t                <\/div>\r\n            <\/div>\r\n        <\/section>\r\n            \r\n\t\t\t\t<\/div>\n\t\t\t\t<\/div>\n\t\t\t\t<div class=\"elementor-element elementor-element-c90db88 elementor-widget elementor-widget-lanong_tk_gallery\" data-id=\"c90db88\" data-element_type=\"widget\" data-widget_type=\"lanong_tk_gallery.default\">\n\t\t\t\t<div class=\"elementor-widget-container\">\n\t\t\t        \r\n        <section class=\"yacht-featured-images\">\r\n            <div class=\"images-container\">\r\n                <div class=\"outer-box clearfix\">\r\n                    <!--Featured Image Block-->\r\n                                        <div class=\"yacht-featured-image\">\r\n                        <div class=\"inner-box\">\r\n                            <div class=\"image-layer\" style=\"background-image: url(https:\/\/dalmatia-express.com\/wp-content\/uploads\/2022\/04\/Luxury-Shock-Absorber-Seats-1_3_11zon.jpg);\"><\/div>\r\n                            <div class=\"image-box\">\r\n                                <figure class=\"image\">\r\n                                    <a href=\"\"><img decoding=\"async\" src=\"https:\/\/dalmatia-express.com\/wp-content\/uploads\/2022\/04\/Luxury-Shock-Absorber-Seats-1_3_11zon.jpg\" alt=\"Tolles Bild\"><\/a>\r\n                                <\/figure>\r\n                            <\/div>\r\n                            <div class=\"hover-box\">\r\n                                <div class=\"hover-inner\">\r\n                                    <h3><a href=\"\">Luxus-Sto\u00dfd\u00e4mpfersitze<\/a><\/h3>\r\n                                <\/div>\r\n                            <\/div>\r\n                        <\/div>\r\n                    <\/div>\r\n        \t\t\t                    <div class=\"yacht-featured-image\">\r\n                        <div class=\"inner-box\">\r\n                            <div class=\"image-layer\" style=\"background-image: url(https:\/\/dalmatia-express.com\/wp-content\/uploads\/2022\/04\/Luxury-Shock-Absorber-Seats-2_4_11zon.jpg);\"><\/div>\r\n                            <div class=\"image-box\">\r\n                                <figure class=\"image\">\r\n                                    <a href=\"\"><img decoding=\"async\" src=\"https:\/\/dalmatia-express.com\/wp-content\/uploads\/2022\/04\/Luxury-Shock-Absorber-Seats-2_4_11zon.jpg\" alt=\"Tolles Bild\"><\/a>\r\n                                <\/figure>\r\n                            <\/div>\r\n                            <div class=\"hover-box\">\r\n                                <div class=\"hover-inner\">\r\n                                    <h3><a href=\"\">Luxus-Sto\u00dfd\u00e4mpfersitze<\/a><\/h3>\r\n                                <\/div>\r\n                            <\/div>\r\n                        <\/div>\r\n                    <\/div>\r\n        \t\t\t                    <div class=\"yacht-featured-image\">\r\n                        <div class=\"inner-box\">\r\n                            <div class=\"image-layer\" style=\"background-image: url(https:\/\/dalmatia-express.com\/wp-content\/uploads\/2022\/04\/Cabin-Entrence_1_11zon.jpg);\"><\/div>\r\n                            <div class=\"image-box\">\r\n                                <figure class=\"image\">\r\n                                    <a href=\"\"><img decoding=\"async\" src=\"https:\/\/dalmatia-express.com\/wp-content\/uploads\/2022\/04\/Cabin-Entrence_1_11zon.jpg\" alt=\"Tolles Bild\"><\/a>\r\n                                <\/figure>\r\n                            <\/div>\r\n                            <div class=\"hover-box\">\r\n                                <div class=\"hover-inner\">\r\n                                    <h3><a href=\"\">Kabineneingang<\/a><\/h3>\r\n                                <\/div>\r\n                            <\/div>\r\n                        <\/div>\r\n                    <\/div>\r\n        \t\t\t                    <div class=\"yacht-featured-image\">\r\n                        <div class=\"inner-box\">\r\n                            <div class=\"image-layer\" style=\"background-image: url(https:\/\/dalmatia-express.com\/wp-content\/uploads\/2022\/04\/Stearing-Equipment_13_11zon.jpg);\"><\/div>\r\n                            <div class=\"image-box\">\r\n                                <figure class=\"image\">\r\n                                    <a href=\"\"><img decoding=\"async\" src=\"https:\/\/dalmatia-express.com\/wp-content\/uploads\/2022\/04\/Stearing-Equipment_13_11zon.jpg\" alt=\"Tolles Bild\"><\/a>\r\n                                <\/figure>\r\n                            <\/div>\r\n                            <div class=\"hover-box\">\r\n                                <div class=\"hover-inner\">\r\n                                    <h3><a href=\"\">Lenkausr\u00fcstung<\/a><\/h3>\r\n                                <\/div>\r\n                            <\/div>\r\n                        <\/div>\r\n                    <\/div>\r\n        \t\t\t                    <div class=\"yacht-featured-image\">\r\n                        <div class=\"inner-box\">\r\n                            <div class=\"image-layer\" style=\"background-image: url(https:\/\/dalmatia-express.com\/wp-content\/uploads\/2022\/04\/Ship-Docked_5_11zon.jpg);\"><\/div>\r\n                            <div class=\"image-box\">\r\n                                <figure class=\"image\">\r\n                                    <a href=\"\"><img decoding=\"async\" src=\"https:\/\/dalmatia-express.com\/wp-content\/uploads\/2022\/04\/Ship-Docked_5_11zon.jpg\" alt=\"Tolles Bild\"><\/a>\r\n                                <\/figure>\r\n                            <\/div>\r\n                            <div class=\"hover-box\">\r\n                                <div class=\"hover-inner\">\r\n                                    <h3><a href=\"\">Boot angedockt<\/a><\/h3>\r\n                                <\/div>\r\n                            <\/div>\r\n                        <\/div>\r\n                    <\/div>\r\n        \t\t\t                <\/div>\r\n            <\/div>\r\n        <\/section>\r\n            \r\n\t\t\t\t<\/div>\n\t\t\t\t<\/div>\n\t\t\t\t\t<\/div>\n\t\t<\/div>\n\t\t\t\t\t\t\t<\/div>\n\t\t<\/section>\n\t\t\t\t\t\t\t<\/div>","protected":false},"excerpt":{"rendered":"<p>Great White 39 13 Meter Festrumpfschlauchboot (RIB) \u00dcber die Great White 39 Geschwindigkeit und Sicherheit beschreiben dieses Boot am besten. Robust gebaut, um allen Bedingungen auf See standzuhalten und komfortabel genug f\u00fcr jede Dame oder jeden Herrn. Klasse und \u00fcberlegene Verarbeitung machen die Great White konkurrenzlos. BORDAUSSTATTUNG Ihre Sicherheit und [\u2026]<\/p>","protected":false},"author":1,"featured_media":0,"parent":986,"menu_order":0,"comment_status":"closed","ping_status":"closed","template":"elementor_header_footer","meta":{"footnotes":""},"class_list":["post-2291","page","type-page","status-publish","hentry"],"_links":{"self":[{"href":"https:\/\/dalmatia-express.com\/de\/wp-json\/wp\/v2\/pages\/2291","targetHints":{"allow":["GET"]}}],"collection":[{"href":"https:\/\/dalmatia-express.com\/de\/wp-json\/wp\/v2\/pages"}],"about":[{"href":"https:\/\/dalmatia-express.com\/de\/wp-json\/wp\/v2\/types\/page"}],"author":[{"embeddable":true,"href":"https:\/\/dalmatia-express.com\/de\/wp-json\/wp\/v2\/users\/1"}],"replies":[{"embeddable":true,"href":"https:\/\/dalmatia-express.com\/de\/wp-json\/wp\/v2\/comments?post=2291"}],"version-history":[{"count":0,"href":"https:\/\/dalmatia-express.com\/de\/wp-json\/wp\/v2\/pages\/2291\/revisions"}],"up":[{"embeddable":true,"href":"https:\/\/dalmatia-express.com\/de\/wp-json\/wp\/v2\/pages\/986"}],"wp:attachment":[{"href":"https:\/\/dalmatia-express.com\/de\/wp-json\/wp\/v2\/media?parent=2291"}],"curies":[{"name":"wp","href":"https:\/\/api.w.org\/{rel}","templated":true}]}}