{"id":3697,"date":"2022-04-28T22:51:37","date_gmt":"2022-04-28T22:51:37","guid":{"rendered":"https:\/\/dalmatia-express.com\/?page_id=3697"},"modified":"2022-05-02T15:04:12","modified_gmt":"2022-05-02T15:04:12","slug":"adriatiq","status":"publish","type":"page","link":"https:\/\/dalmatia-express.com\/de\/taxi-boat\/split-to-hvar\/adriatiq\/","title":{"rendered":"Adriatiq Resort (Fontana) Hotel, Jelsa"},"content":{"rendered":"<div data-elementor-type=\"wp-page\" data-elementor-id=\"3697\" class=\"elementor elementor-3697\">\n\t\t\t\t\t\t\t\t\t<section class=\"elementor-section elementor-top-section elementor-element elementor-element-e36ce4a elementor-section-boxed elementor-section-height-default elementor-section-height-default\" data-id=\"e36ce4a\" data-element_type=\"section\">\n\t\t\t\t\t\t<div class=\"elementor-container elementor-column-gap-default\">\n\t\t\t\t\t<div class=\"elementor-column elementor-col-100 elementor-top-column elementor-element elementor-element-1388a68\" data-id=\"1388a68\" data-element_type=\"column\">\n\t\t\t<div class=\"elementor-widget-wrap elementor-element-populated\">\n\t\t\t\t\t\t\t\t<div class=\"elementor-element elementor-element-b2ded84 elementor-widget elementor-widget-heading\" data-id=\"b2ded84\" data-element_type=\"widget\" data-widget_type=\"heading.default\">\n\t\t\t\t<div class=\"elementor-widget-container\">\n\t\t\t<style>\/*! elementor - v3.6.6 - 08-06-2022 *\/\n.elementor-heading-title{padding:0;margin:0;line-height:1}.elementor-widget-heading .elementor-heading-title[class*=elementor-size-]>a{color:inherit;font-size:inherit;line-height:inherit}.elementor-widget-heading .elementor-heading-title.elementor-size-small{font-size:15px}.elementor-widget-heading .elementor-heading-title.elementor-size-medium{font-size:19px}.elementor-widget-heading .elementor-heading-title.elementor-size-large{font-size:29px}.elementor-widget-heading .elementor-heading-title.elementor-size-xl{font-size:39px}.elementor-widget-heading .elementor-heading-title.elementor-size-xxl{font-size:59px}<\/style><h2 class=\"elementor-heading-title elementor-size-xl\">Hotel ADRIATIQ RESORT (FONTANA), JELSA<\/h2>\t\t<\/div>\n\t\t\t\t<\/div>\n\t\t\t\t\t<\/div>\n\t\t<\/div>\n\t\t\t\t\t\t\t<\/div>\n\t\t<\/section>\n\t\t\t\t<section class=\"elementor-section elementor-top-section elementor-element elementor-element-e052cdb elementor-section-boxed elementor-section-height-default elementor-section-height-default\" data-id=\"e052cdb\" data-element_type=\"section\">\n\t\t\t\t\t\t<div class=\"elementor-container elementor-column-gap-default\">\n\t\t\t\t\t<div data-wts-url=\"https:\/\/www.google.com\/travel\/hotels\/Hotel%20Adriatiq%20Resort%20(Fontana)\/entity\/CgsIv5X_xo62hMfiARAB\/reviews?g2lb=2502548,2503771,2503781,4258168,4270442,4284970,4291517,4306835,4518327,4597339,4640247,4649665,4680677,4722900,4723331,4733969,4747697,4757164,4758102,4758493,4762561&amp;hl=hr-HR&amp;gl=hr&amp;ssta=1&amp;q=Hotel+Adriatiq+Resort+(Fontana)&amp;grf=EmQKLAgOEigSJnIkKiIKBwjmDxAGGBISBwjmDxAGGBUYAjAeQMoCSgcI5g8QBBgcCjQIDBIwEi6yASsSKQonCiUweDEzNGE3ZDVmMDAyY2YwNzk6MHhlMjhlMTFiMGU4ZGZjYWJm&amp;rp=EL-V_8aOtoTH4gEQv5X_xo62hMfiATgCQABIAcABAg&amp;ictx=1&amp;sa=X&amp;ved=2ahUKEwiZz_mB2rf3AhWFzosKHXYQDCAQ4gl6BAhYEAU\" data-wts-link=\"yes\" data-wts-new-window=\"yes\" class=\"elementor-column elementor-col-100 elementor-top-column elementor-element elementor-element-af16745 ae-link-yes\" data-id=\"af16745\" data-element_type=\"column\">\n\t\t\t<div class=\"elementor-widget-wrap elementor-element-populated\">\n\t\t\t\t\t\t\t\t<div class=\"elementor-element elementor-element-9a61ef5 elementor-star-rating-mobile--align-left elementor--star-style-star_fontawesome elementor-widget elementor-widget-star-rating\" data-id=\"9a61ef5\" data-element_type=\"widget\" data-widget_type=\"star-rating.default\">\n\t\t\t\t<div class=\"elementor-widget-container\">\n\t\t\t<style>\/*! elementor - v3.6.6 - 08-06-2022 *\/\n.elementor-star-rating{color:#ccd6df;font-family:eicons;display:inline-block}.elementor-star-rating i{display:inline-block;position:relative;font-style:normal;cursor:default}.elementor-star-rating i:before{content:\"\\e934\";display:block;font-size:inherit;font-family:inherit;position:absolute;overflow:hidden;color:#f0ad4e;top:0;left:0}.elementor-star-rating .elementor-star-empty:before{content:none}.elementor-star-rating .elementor-star-1:before{width:10%}.elementor-star-rating .elementor-star-2:before{width:20%}.elementor-star-rating .elementor-star-3:before{width:30%}.elementor-star-rating .elementor-star-4:before{width:40%}.elementor-star-rating .elementor-star-5:before{width:50%}.elementor-star-rating .elementor-star-6:before{width:60%}.elementor-star-rating .elementor-star-7:before{width:70%}.elementor-star-rating .elementor-star-8:before{width:80%}.elementor-star-rating .elementor-star-9:before{width:90%}.elementor-star-rating__wrapper{display:-webkit-box;display:-ms-flexbox;display:flex;-webkit-box-align:center;-ms-flex-align:center;align-items:center}.elementor-star-rating__title{margin-right:10px}.elementor-star-rating--align-right .elementor-star-rating__wrapper{text-align:right;-webkit-box-pack:end;-ms-flex-pack:end;justify-content:flex-end}.elementor-star-rating--align-left .elementor-star-rating__wrapper{text-align:left;-webkit-box-pack:start;-ms-flex-pack:start;justify-content:flex-start}.elementor-star-rating--align-center .elementor-star-rating__wrapper{text-align:center;-webkit-box-pack:center;-ms-flex-pack:center;justify-content:center}.elementor-star-rating--align-justify .elementor-star-rating__title{margin-right:auto}@media (max-width:1024px){.elementor-star-rating-tablet--align-right .elementor-star-rating__wrapper{text-align:right;-webkit-box-pack:end;-ms-flex-pack:end;justify-content:flex-end}.elementor-star-rating-tablet--align-left .elementor-star-rating__wrapper{text-align:left;-webkit-box-pack:start;-ms-flex-pack:start;justify-content:flex-start}.elementor-star-rating-tablet--align-center .elementor-star-rating__wrapper{text-align:center;-webkit-box-pack:center;-ms-flex-pack:center;justify-content:center}.elementor-star-rating-tablet--align-justify .elementor-star-rating__title{margin-right:auto}}@media (max-width:767px){.elementor-star-rating-mobile--align-right .elementor-star-rating__wrapper{text-align:right;-webkit-box-pack:end;-ms-flex-pack:end;justify-content:flex-end}.elementor-star-rating-mobile--align-left .elementor-star-rating__wrapper{text-align:left;-webkit-box-pack:start;-ms-flex-pack:start;justify-content:flex-start}.elementor-star-rating-mobile--align-center .elementor-star-rating__wrapper{text-align:center;-webkit-box-pack:center;-ms-flex-pack:center;justify-content:center}.elementor-star-rating-mobile--align-justify .elementor-star-rating__title{margin-right:auto}}.last-star{letter-spacing:0}.elementor--star-style-star_unicode .elementor-star-rating{font-family:Arial,Helvetica,sans-serif}.elementor--star-style-star_unicode .elementor-star-rating i:not(.elementor-star-empty):before{content:\"\\002605\"}<\/style>\n\t\t<div class=\"elementor-star-rating__wrapper\">\n\t\t\t\t\t\t\t<div class=\"elementor-star-rating__title\">Google-Bewertung<\/div>\n\t\t\t\t\t\t<div class=\"elementor-star-rating\" title=\"3.9\/5\" itemtype=\"http:\/\/schema.org\/Rating\" itemscope=\"\" itemprop=\"reviewRating\"><i class=\"elementor-star-full\">\ue933<\/i><i class=\"elementor-star-full\">\ue933<\/i><i class=\"elementor-star-full\">\ue933<\/i><i class=\"elementor-star-9\">\ue933<\/i><i class=\"elementor-star-empty\">\ue933<\/i> <span itemprop=\"ratingValue\" class=\"elementor-screen-only\">3.9\/5<\/span><\/div>\t\t<\/div>\n\t\t\t\t<\/div>\n\t\t\t\t<\/div>\n\t\t\t\t\t<\/div>\n\t\t<\/div>\n\t\t\t\t\t\t\t<\/div>\n\t\t<\/section>\n\t\t\t\t<section class=\"elementor-section elementor-top-section elementor-element elementor-element-7830c30 elementor-section-boxed elementor-section-height-default elementor-section-height-default\" data-id=\"7830c30\" data-element_type=\"section\">\n\t\t\t\t\t\t<div class=\"elementor-container elementor-column-gap-default\">\n\t\t\t\t\t<div class=\"elementor-column elementor-col-50 elementor-top-column elementor-element elementor-element-e0aa95a\" data-id=\"e0aa95a\" data-element_type=\"column\">\n\t\t\t<div class=\"elementor-widget-wrap elementor-element-populated\">\n\t\t\t\t\t\t\t\t<div class=\"elementor-element elementor-element-bc4a6f3 elementor-widget elementor-widget-text-editor\" data-id=\"bc4a6f3\" data-element_type=\"widget\" data-widget_type=\"text-editor.default\">\n\t\t\t\t<div class=\"elementor-widget-container\">\n\t\t\t<style>\/*! elementor - v3.6.6 - 08-06-2022 *\/\n.elementor-widget-text-editor.elementor-drop-cap-view-stacked .elementor-drop-cap{background-color:#818a91;color:#fff}.elementor-widget-text-editor.elementor-drop-cap-view-framed .elementor-drop-cap{color:#818a91;border:3px solid;background-color:transparent}.elementor-widget-text-editor:not(.elementor-drop-cap-view-default) .elementor-drop-cap{margin-top:8px}.elementor-widget-text-editor:not(.elementor-drop-cap-view-default) .elementor-drop-cap-letter{width:1em;height:1em}.elementor-widget-text-editor .elementor-drop-cap{float:left;text-align:center;line-height:1;font-size:50px}.elementor-widget-text-editor .elementor-drop-cap-letter{display:inline-block}<\/style>\t\t\t\t<p>Adresse: Vitarnja bb<br \/>Postleitzahl: 21465<\/p>\t\t\t\t\t\t<\/div>\n\t\t\t\t<\/div>\n\t\t\t\t<div class=\"elementor-element elementor-element-c22a345 elementor-widget elementor-widget-text-editor\" data-id=\"c22a345\" data-element_type=\"widget\" data-widget_type=\"text-editor.default\">\n\t\t\t\t<div class=\"elementor-widget-container\">\n\t\t\t\t\t\t\t<p>Dieses zwanglose Resort liegt auf einem gr\u00fcnen H\u00fcgel und mit Blick auf die Adria. Es ist 10\u00a0Gehminuten von der Altstadt, 11\u00a0km vom F\u00e4hrhafen Stari Grad und 14\u00a0km von der Grap\u010deva-H\u00f6hle entfernt. Die einfachen Zimmer sind mit Satellitenfernsehen und Ventilatoren sowie einem Balkon oder Balkon ausgestattet Terrassen; einige bieten zus\u00e4tzlich Meerblick. Die Studios verf\u00fcgen \u00fcber eine Pantryk\u00fcche und die Apartments \u00fcber eine Klimaanlage und einen Wohnbereich. Das Parken ist kostenlos. Ein Restaurant verf\u00fcgt \u00fcber eine Terrasse mit Blick auf das Meer. Zu den weiteren Annehmlichkeiten z\u00e4hlen Au\u00dfenpools (einer f\u00fcr Kinder), eine Poolbar und eine Sonnenterrasse sowie ein Spa und ein Fitnessstudio. Es gibt einen Kinderclub. Ein Fr\u00fchst\u00fccksbuffet steht zur Verf\u00fcgung.<\/p>\t\t\t\t\t\t<\/div>\n\t\t\t\t<\/div>\n\t\t\t\t\t<\/div>\n\t\t<\/div>\n\t\t\t\t<div class=\"elementor-column elementor-col-50 elementor-top-column elementor-element elementor-element-2026403\" data-id=\"2026403\" data-element_type=\"column\">\n\t\t\t<div class=\"elementor-widget-wrap elementor-element-populated\">\n\t\t\t\t\t\t\t\t<div class=\"elementor-element elementor-element-d22b580 elementor-widget elementor-widget-image\" data-id=\"d22b580\" data-element_type=\"widget\" data-widget_type=\"image.default\">\n\t\t\t\t<div class=\"elementor-widget-container\">\n\t\t\t<style>\/*! elementor - v3.6.6 - 08-06-2022 *\/\n.elementor-widget-image{text-align:center}.elementor-widget-image a{display:inline-block}.elementor-widget-image a img[src$=\".svg\"]{width:48px}.elementor-widget-image img{vertical-align:middle;display:inline-block}<\/style>\t\t\t\t\t\t\t\t\t\t\t\t<img loading=\"lazy\" decoding=\"async\" width=\"2160\" height=\"1440\" src=\"https:\/\/dalmatia-express.com\/wp-content\/uploads\/2022\/04\/Fontana-Resort-desktop.jpg\" class=\"attachment-full size-full\" alt=\"Hotel Adriatiq Resort (Fontana), Jelsa, Insel Hvar\" srcset=\"https:\/\/dalmatia-express.com\/wp-content\/uploads\/2022\/04\/Fontana-Resort-desktop.jpg 2160w, https:\/\/dalmatia-express.com\/wp-content\/uploads\/2022\/04\/Fontana-Resort-desktop-300x200.jpg 300w, https:\/\/dalmatia-express.com\/wp-content\/uploads\/2022\/04\/Fontana-Resort-desktop-1024x683.jpg 1024w, https:\/\/dalmatia-express.com\/wp-content\/uploads\/2022\/04\/Fontana-Resort-desktop-768x512.jpg 768w, https:\/\/dalmatia-express.com\/wp-content\/uploads\/2022\/04\/Fontana-Resort-desktop-1536x1024.jpg 1536w, https:\/\/dalmatia-express.com\/wp-content\/uploads\/2022\/04\/Fontana-Resort-desktop-2048x1365.jpg 2048w\" sizes=\"auto, (max-width: 2160px) 100vw, 2160px\" \/>\t\t\t\t\t\t\t\t\t\t\t\t\t\t\t<\/div>\n\t\t\t\t<\/div>\n\t\t\t\t\t<\/div>\n\t\t<\/div>\n\t\t\t\t\t\t\t<\/div>\n\t\t<\/section>\n\t\t\t\t<section class=\"elementor-section elementor-top-section elementor-element elementor-element-944f55b elementor-section-stretched elementor-section-boxed elementor-section-height-default elementor-section-height-default\" data-id=\"944f55b\" data-element_type=\"section\" data-settings=\"{&quot;background_background&quot;:&quot;classic&quot;,&quot;stretch_section&quot;:&quot;section-stretched&quot;}\">\n\t\t\t\t\t\t<div class=\"elementor-container elementor-column-gap-no\">\n\t\t\t\t\t<div class=\"elementor-column elementor-col-100 elementor-top-column elementor-element elementor-element-be14494\" data-id=\"be14494\" data-element_type=\"column\">\n\t\t\t<div class=\"elementor-widget-wrap elementor-element-populated\">\n\t\t\t\t\t\t\t\t<div class=\"elementor-element elementor-element-bae2bd2 elementor-widget elementor-widget-heading\" data-id=\"bae2bd2\" data-element_type=\"widget\" data-widget_type=\"heading.default\">\n\t\t\t\t<div class=\"elementor-widget-container\">\n\t\t\t<h3 class=\"elementor-heading-title elementor-size-xl\">Buchen Sie Ihren Wassertaxi-Transfer zum ADRIATIQ RESORT (FONTANA), JELSA<\/h3>\t\t<\/div>\n\t\t\t\t<\/div>\n\t\t\t\t<div class=\"elementor-element elementor-element-d67cbfa elementor-align-left elementor-widget elementor-widget-button\" data-id=\"d67cbfa\" data-element_type=\"widget\" data-widget_type=\"button.default\">\n\t\t\t\t<div class=\"elementor-widget-container\">\n\t\t\t\t\t<div class=\"elementor-button-wrapper\">\n\t\t\t<a href=\"https:\/\/dalmatia-express.com\/de\/contact\/\" class=\"elementor-button-link elementor-button elementor-size-md\" role=\"button\">\n\t\t\t\t\t\t<span class=\"elementor-button-content-wrapper\">\n\t\t\t\t\t\t<span class=\"elementor-button-text\">Hier klicken f\u00fcr <strong>Reserve<\/span>\n\t\t<\/span>\n\t\t\t\t\t<\/a>\n\t\t<\/div>\n\t\t\t\t<\/div>\n\t\t\t\t<\/div>\n\t\t\t\t\t<\/div>\n\t\t<\/div>\n\t\t\t\t\t\t\t<\/div>\n\t\t<\/section>\n\t\t\t\t\t\t\t<\/div>","protected":false},"excerpt":{"rendered":"<p>Hotel ADRIATIQ RESORT (FONTANA), JELSA Google-Bewertung \ue933\ue933\ue933\ue933\ue933 3,9\/5 Adresse: Vitarnja bb Postleitzahl: 21465 Dieses zwanglose Resort liegt auf einem gr\u00fcnen H\u00fcgel mit Blick auf die Adria, 10 Gehminuten von der Altstadt, 11 km vom F\u00e4hrterminal Stari Grad und 14 km von der Grap\u010deva-H\u00f6hle entfernt. Die einfachen Zimmer sind mit Sat-TV und [\u2026] ausgestattet.<\/p>","protected":false},"author":1,"featured_media":0,"parent":2748,"menu_order":0,"comment_status":"closed","ping_status":"closed","template":"elementor_theme","meta":{"footnotes":""},"class_list":["post-3697","page","type-page","status-publish","hentry"],"_links":{"self":[{"href":"https:\/\/dalmatia-express.com\/de\/wp-json\/wp\/v2\/pages\/3697","targetHints":{"allow":["GET"]}}],"collection":[{"href":"https:\/\/dalmatia-express.com\/de\/wp-json\/wp\/v2\/pages"}],"about":[{"href":"https:\/\/dalmatia-express.com\/de\/wp-json\/wp\/v2\/types\/page"}],"author":[{"embeddable":true,"href":"https:\/\/dalmatia-express.com\/de\/wp-json\/wp\/v2\/users\/1"}],"replies":[{"embeddable":true,"href":"https:\/\/dalmatia-express.com\/de\/wp-json\/wp\/v2\/comments?post=3697"}],"version-history":[{"count":0,"href":"https:\/\/dalmatia-express.com\/de\/wp-json\/wp\/v2\/pages\/3697\/revisions"}],"up":[{"embeddable":true,"href":"https:\/\/dalmatia-express.com\/de\/wp-json\/wp\/v2\/pages\/2748"}],"wp:attachment":[{"href":"https:\/\/dalmatia-express.com\/de\/wp-json\/wp\/v2\/media?parent=3697"}],"curies":[{"name":"wp","href":"https:\/\/api.w.org\/{rel}","templated":true}]}}