{"id":2291,"date":"2022-04-23T16:16:33","date_gmt":"2022-04-23T16:16:33","guid":{"rendered":"https:\/\/dalmatia-express.com\/?page_id=2291"},"modified":"2022-05-02T16:05:26","modified_gmt":"2022-05-02T16:05:26","slug":"great-white-39","status":"publish","type":"page","link":"https:\/\/dalmatia-express.com\/es\/our-fleet\/great-white-39\/","title":{"rendered":"Gran Blanco 39"},"content":{"rendered":"<div data-elementor-type=\"wp-page\" data-elementor-id=\"2291\" class=\"elementor elementor-2291\">\n\t\t\t\t\t\t\t\t\t<section class=\"elementor-section elementor-top-section elementor-element elementor-element-7e52b4b elementor-section-full_width elementor-section-height-default elementor-section-height-default\" data-id=\"7e52b4b\" data-element_type=\"section\">\n\t\t\t\t\t\t<div class=\"elementor-container elementor-column-gap-default\">\n\t\t\t\t\t<div class=\"elementor-column elementor-col-100 elementor-top-column elementor-element elementor-element-ff0f0fb\" data-id=\"ff0f0fb\" data-element_type=\"column\">\n\t\t\t<div class=\"elementor-widget-wrap elementor-element-populated\">\n\t\t\t\t\t\t\t\t<div class=\"elementor-element elementor-element-46d5cf8 elementor-widget elementor-widget-lanong_yacht_single\" data-id=\"46d5cf8\" data-element_type=\"widget\" data-widget_type=\"lanong_yacht_single.default\">\n\t\t\t\t<div class=\"elementor-widget-container\">\n\t\t\t        \r\n        <!--yacht Details Section-->\r\n        <section class=\"yacht-details\">\r\n            <div class=\"auto-container\">\r\n                <div class=\"main-image-box\">\r\n                    <figure class=\"image\">\r\n                        <img decoding=\"async\" src=\"https:\/\/dalmatia-express.com\/wp-content\/uploads\/2022\/04\/gw39.webp\" alt=\"Imagen impresionante\">\r\n                    <\/figure>\r\n                    <div class=\"caption-box\">\r\n                        <h2>Gran Blanco 39<\/h2>\r\n                        <div class=\"info\">Embarcaci\u00f3n neum\u00e1tica r\u00edgida (RIB) de 13 metros <\/div>\r\n                    <\/div>\r\n                <\/div>\r\n                <div class=\"basic-info clearfix\">\r\n                                                        <\/div>\r\n        \r\n                <div class=\"row clearfix\">\r\n                    <div class=\"content-column col-xl-7 col-lg-6 col-md-12 cl-sm-12\">\r\n                        <div class=\"inner\">\r\n                            <div class=\"text-block\">\r\n                                <h4>Acerca de Great White 39<\/h4>\r\n                                <p>Velocidad y seguridad es lo que mejor describe a esta embarcaci\u00f3n. Hecho r\u00edgido para soportar cualquier condici\u00f3n en el mar y lo suficientemente c\u00f3modo para cualquier dama o caballero. Clase y construcci\u00f3n superior son lo que hacen un Great White sin competencia.<\/p>\r\n                                <h4>INSTALACIONES A BORDO<\/h4>\r\n                                <p>Su seguridad y comodidad son nuestra prioridad n\u00famero uno.<\/p>\r\n                            <\/div>\r\n        \r\n                            <div class=\"scroller-box\">\r\n                                <div class=\"scroller\">\r\n                                                                        <div class=\"feature\">\r\n                                        <div class=\"feature-inner\">\r\n                                            <div class=\"icon\"><i class=\"flaticon flaticon-house\"><\/i><\/div>\r\n                                            <h5>Cabina<\/h5>\r\n                                            <div class=\"text\">Seguridad para los hu\u00e9spedes y su equipaje frente al agua de mar<\/div>\r\n                                        <\/div>\r\n                                    <\/div>\r\n        \t\t\t\t\t\t\t                                    <div class=\"feature\">\r\n                                        <div class=\"feature-inner\">\r\n                                            <div class=\"icon\"><i class=\"far fa-sun\"><\/i><\/div>\r\n                                            <h5>Cubierta exterior<\/h5>\r\n                                            <div class=\"text\">Tomar el sol y contemplar la belleza de la costa d\u00e1lmata<\/div>\r\n                                        <\/div>\r\n                                    <\/div>\r\n        \t\t\t\t\t\t\t                                    <div class=\"feature\">\r\n                                        <div class=\"feature-inner\">\r\n                                            <div class=\"icon\"><i class=\"fas fa-chair\"><\/i><\/div>\r\n                                            <h5>Asientos amortiguados de lujo<\/h5>\r\n                                            <div class=\"text\">No sentir\u00e1s las olas ni siquiera en mares agitados.<\/div>\r\n                                        <\/div>\r\n                                    <\/div>\r\n        \t\t\t\t\t\t\t                                    <div class=\"feature\">\r\n                                        <div class=\"feature-inner\">\r\n                                            <div class=\"icon\"><i class=\"flaticon flaticon-shield\"><\/i><\/div>\r\n                                            <h5>Raymarine radar, gps plotter, vhf<\/h5>\r\n                                            <div class=\"text\">Incluso en nuestros viajes cortos, utilizamos todo el equipo de seguridad disponible<\/div>\r\n                                        <\/div>\r\n                                    <\/div>\r\n        \t\t\t\t\t\t\t                                    <div class=\"feature\">\r\n                                        <div class=\"feature-inner\">\r\n                                            <div class=\"icon\"><i class=\"far fa-life-ring\"><\/i><\/div>\r\n                                            <h5>Equipamiento de seguridad<\/h5>\r\n                                            <div class=\"text\">El equipo de seguridad est\u00e1 siempre disponible para todos los hu\u00e9spedes y la tripulaci\u00f3n <\/div>\r\n                                        <\/div>\r\n                                    <\/div>\r\n        \t\t\t\t\t\t\t                                    <div class=\"feature\">\r\n                                        <div class=\"feature-inner\">\r\n                                            <div class=\"icon\"><i class=\"fas fa-toilet\"><\/i><\/div>\r\n                                            <h5>Aseos<\/h5>\r\n                                            <div class=\"text\">Si tiene prisa, nosotros le ayudamos<\/div>\r\n                                        <\/div>\r\n                                    <\/div>\r\n        \t\t\t\t\t\t\t                                    <div class=\"feature\">\r\n                                        <div class=\"feature-inner\">\r\n                                            <div class=\"icon\"><i class=\"far fa-snowflake\"><\/i><\/div>\r\n                                            <h5>Frigor\u00edfico grande<\/h5>\r\n                                            <div class=\"text\">Mant\u00e9n fr\u00edas tus bebidas y comidas<\/div>\r\n                                        <\/div>\r\n                                    <\/div>\r\n        \t\t\t\t\t\t\t                                    <div class=\"feature\">\r\n                                        <div class=\"feature-inner\">\r\n                                            <div class=\"icon\"><i class=\"fas fa-music\"><\/i><\/div>\r\n                                            <h5>Sistema de audio Hi-Fi<\/h5>\r\n                                            <div class=\"text\">\u00bfQu\u00e9 clase de barco no tiene audio?<\/div>\r\n                                        <\/div>\r\n                                    <\/div>\r\n        \t\t\t\t\t\t\t                                    <div class=\"feature\">\r\n                                        <div class=\"feature-inner\">\r\n                                            <div class=\"icon\"><i class=\"flaticon flaticon-people\"><\/i><\/div>\r\n                                            <h5>Patr\u00f3n y tripulaci\u00f3n siempre a bordo<\/h5>\r\n                                            <div class=\"text\">Nuestros barcos nunca saldr\u00e1n del puerto sin una tripulaci\u00f3n capacitada<\/div>\r\n                                        <\/div>\r\n                                    <\/div>\r\n        \t\t\t\t\t\t\t                                <\/div>\r\n                            <\/div>\r\n        \r\n                        <\/div>\r\n                    <\/div>\r\n        \r\n                    <div class=\"specs-column col-xl-5 col-lg-6 col-md-12 cl-sm-12\">\r\n                        <div class=\"inner\">\r\n                            <div class=\"title-box clearfix\">\r\n                                <h4>ESPECIFICACI\u00d3N<\/h4>\r\n                                <div class=\"options clearfix\">\r\n                                                                                                        <\/div>\r\n                            <\/div>\r\n                            <div class=\"features-list\">\r\n                                <ul>\r\n                                                                        \t                                        <li class=\"clearfix\"><span class=\"ttl\">Tipo de buque<\/span><span class=\"dtl\">Embarcaci\u00f3n neum\u00e1tica r\u00edgida<\/span><\/li>\r\n                                    \t\t\t\t\t\t\t\t\t\t                                    \t                                        <li class=\"clearfix\"><span class=\"ttl\">MOTORES<\/span><span class=\"dtl\">2xYamaha V8 350 CV \/ Total 700 CV\n<\/span><\/li>\r\n                                    \t\t\t\t\t\t\t\t\t\t                                    \t                                        <li class=\"clearfix\"><span class=\"ttl\">VELOCIDAD M\u00c1X.<\/span><span class=\"dtl\">50 nudos<\/span><\/li>\r\n                                    \t\t\t\t\t\t\t\t\t\t                                    \t                                        <li class=\"clearfix\"><span class=\"ttl\">Velocidad de navegaci\u00f3n<\/span><span class=\"dtl\">30 nudos<\/span><\/li>\r\n                                    \t\t\t\t\t\t\t\t\t\t                                    \t                                        <li class=\"clearfix\"><span class=\"ttl\">CONSTRUCTOR<\/span><span class=\"dtl\">Blizanac d.o.o \/ Dalmatia Express<\/span><\/li>\r\n                                    \t\t\t\t\t\t\t\t\t\t                                    \t                                        <li class=\"clearfix\"><span class=\"ttl\">A\u00d1O DE CONSTRUCCI\u00d3N<\/span><span class=\"dtl\">2014<\/span><\/li>\r\n                                    \t\t\t\t\t\t\t\t\t\t                                    \t                                        <li class=\"clearfix\"><span class=\"ttl\">Eslora del barco<\/span><span class=\"dtl\">13 metros<\/span><\/li>\r\n                                    \t\t\t\t\t\t\t\t\t\t                                <\/ul>\r\n                            <\/div>\r\n                        <\/div>\r\n                    <\/div>\r\n        \r\n                <\/div>\r\n        \r\n            <\/div>\r\n        <\/section>\r\n        \r\n        \t\t<\/div>\n\t\t\t\t<\/div>\n\t\t\t\t\t<\/div>\n\t\t<\/div>\n\t\t\t\t\t\t\t<\/div>\n\t\t<\/section>\n\t\t\t\t<section class=\"elementor-section elementor-top-section elementor-element elementor-element-8ed01a3 elementor-section-full_width elementor-section-height-default elementor-section-height-default\" data-id=\"8ed01a3\" data-element_type=\"section\">\n\t\t\t\t\t\t<div class=\"elementor-container elementor-column-gap-no\">\n\t\t\t\t\t<div class=\"elementor-column elementor-col-100 elementor-top-column elementor-element elementor-element-16546b8\" data-id=\"16546b8\" data-element_type=\"column\">\n\t\t\t<div class=\"elementor-widget-wrap elementor-element-populated\">\n\t\t\t\t\t\t\t\t<div class=\"elementor-element elementor-element-3a58902 elementor-widget elementor-widget-lanong_tk_gallery\" data-id=\"3a58902\" data-element_type=\"widget\" data-widget_type=\"lanong_tk_gallery.default\">\n\t\t\t\t<div class=\"elementor-widget-container\">\n\t\t\t        \r\n        <section class=\"yacht-featured-images\">\r\n            <div class=\"images-container\">\r\n                <div class=\"outer-box clearfix\">\r\n                    <!--Featured Image Block-->\r\n                                        <div class=\"yacht-featured-image\">\r\n                        <div class=\"inner-box\">\r\n                            <div class=\"image-layer\" style=\"background-image: url(https:\/\/dalmatia-express.com\/wp-content\/uploads\/2022\/04\/In-Action_2_11zon.jpg);\"><\/div>\r\n                            <div class=\"image-box\">\r\n                                <figure class=\"image\">\r\n                                    <a href=\"\"><img decoding=\"async\" src=\"https:\/\/dalmatia-express.com\/wp-content\/uploads\/2022\/04\/In-Action_2_11zon.jpg\" alt=\"Imagen impresionante\"><\/a>\r\n                                <\/figure>\r\n                            <\/div>\r\n                            <div class=\"hover-box\">\r\n                                <div class=\"hover-inner\">\r\n                                    <h3><a href=\"\">En acci\u00f3n<\/a><\/h3>\r\n                                <\/div>\r\n                            <\/div>\r\n                        <\/div>\r\n                    <\/div>\r\n        \t\t\t                    <div class=\"yacht-featured-image\">\r\n                        <div class=\"inner-box\">\r\n                            <div class=\"image-layer\" style=\"background-image: url(https:\/\/dalmatia-express.com\/wp-content\/uploads\/2022\/04\/Ship-in-Action-4_9_11zon.jpg);\"><\/div>\r\n                            <div class=\"image-box\">\r\n                                <figure class=\"image\">\r\n                                    <a href=\"\"><img decoding=\"async\" src=\"https:\/\/dalmatia-express.com\/wp-content\/uploads\/2022\/04\/Ship-in-Action-4_9_11zon.jpg\" alt=\"Imagen impresionante\"><\/a>\r\n                                <\/figure>\r\n                            <\/div>\r\n                            <div class=\"hover-box\">\r\n                                <div class=\"hover-inner\">\r\n                                    <h3><a href=\"\">En acci\u00f3n<\/a><\/h3>\r\n                                <\/div>\r\n                            <\/div>\r\n                        <\/div>\r\n                    <\/div>\r\n        \t\t\t                    <div class=\"yacht-featured-image\">\r\n                        <div class=\"inner-box\">\r\n                            <div class=\"image-layer\" style=\"background-image: url(https:\/\/dalmatia-express.com\/wp-content\/uploads\/2022\/04\/Ship-in-Action-3_8_11zon.jpg);\"><\/div>\r\n                            <div class=\"image-box\">\r\n                                <figure class=\"image\">\r\n                                    <a href=\"\"><img decoding=\"async\" src=\"https:\/\/dalmatia-express.com\/wp-content\/uploads\/2022\/04\/Ship-in-Action-3_8_11zon.jpg\" alt=\"Imagen impresionante\"><\/a>\r\n                                <\/figure>\r\n                            <\/div>\r\n                            <div class=\"hover-box\">\r\n                                <div class=\"hover-inner\">\r\n                                    <h3><a href=\"\">En acci\u00f3n<\/a><\/h3>\r\n                                <\/div>\r\n                            <\/div>\r\n                        <\/div>\r\n                    <\/div>\r\n        \t\t\t                    <div class=\"yacht-featured-image\">\r\n                        <div class=\"inner-box\">\r\n                            <div class=\"image-layer\" style=\"background-image: url(https:\/\/dalmatia-express.com\/wp-content\/uploads\/2022\/04\/Ship-in-Action-2_7_11zon.jpg);\"><\/div>\r\n                            <div class=\"image-box\">\r\n                                <figure class=\"image\">\r\n                                    <a href=\"\"><img decoding=\"async\" src=\"https:\/\/dalmatia-express.com\/wp-content\/uploads\/2022\/04\/Ship-in-Action-2_7_11zon.jpg\" alt=\"Imagen impresionante\"><\/a>\r\n                                <\/figure>\r\n                            <\/div>\r\n                            <div class=\"hover-box\">\r\n                                <div class=\"hover-inner\">\r\n                                    <h3><a href=\"\">En acci\u00f3n<\/a><\/h3>\r\n                                <\/div>\r\n                            <\/div>\r\n                        <\/div>\r\n                    <\/div>\r\n        \t\t\t                    <div class=\"yacht-featured-image\">\r\n                        <div class=\"inner-box\">\r\n                            <div class=\"image-layer\" style=\"background-image: url(https:\/\/dalmatia-express.com\/wp-content\/uploads\/2022\/04\/Ship-in-Action-7_12_11zon.jpg);\"><\/div>\r\n                            <div class=\"image-box\">\r\n                                <figure class=\"image\">\r\n                                    <a href=\"\"><img decoding=\"async\" src=\"https:\/\/dalmatia-express.com\/wp-content\/uploads\/2022\/04\/Ship-in-Action-7_12_11zon.jpg\" alt=\"Imagen impresionante\"><\/a>\r\n                                <\/figure>\r\n                            <\/div>\r\n                            <div class=\"hover-box\">\r\n                                <div class=\"hover-inner\">\r\n                                    <h3><a href=\"\">En acci\u00f3n<\/a><\/h3>\r\n                                <\/div>\r\n                            <\/div>\r\n                        <\/div>\r\n                    <\/div>\r\n        \t\t\t                <\/div>\r\n            <\/div>\r\n        <\/section>\r\n            \r\n\t\t\t\t<\/div>\n\t\t\t\t<\/div>\n\t\t\t\t<div class=\"elementor-element elementor-element-c90db88 elementor-widget elementor-widget-lanong_tk_gallery\" data-id=\"c90db88\" data-element_type=\"widget\" data-widget_type=\"lanong_tk_gallery.default\">\n\t\t\t\t<div class=\"elementor-widget-container\">\n\t\t\t        \r\n        <section class=\"yacht-featured-images\">\r\n            <div class=\"images-container\">\r\n                <div class=\"outer-box clearfix\">\r\n                    <!--Featured Image Block-->\r\n                                        <div class=\"yacht-featured-image\">\r\n                        <div class=\"inner-box\">\r\n                            <div class=\"image-layer\" style=\"background-image: url(https:\/\/dalmatia-express.com\/wp-content\/uploads\/2022\/04\/Luxury-Shock-Absorber-Seats-1_3_11zon.jpg);\"><\/div>\r\n                            <div class=\"image-box\">\r\n                                <figure class=\"image\">\r\n                                    <a href=\"\"><img decoding=\"async\" src=\"https:\/\/dalmatia-express.com\/wp-content\/uploads\/2022\/04\/Luxury-Shock-Absorber-Seats-1_3_11zon.jpg\" alt=\"Imagen impresionante\"><\/a>\r\n                                <\/figure>\r\n                            <\/div>\r\n                            <div class=\"hover-box\">\r\n                                <div class=\"hover-inner\">\r\n                                    <h3><a href=\"\">Asientos amortiguados de lujo<\/a><\/h3>\r\n                                <\/div>\r\n                            <\/div>\r\n                        <\/div>\r\n                    <\/div>\r\n        \t\t\t                    <div class=\"yacht-featured-image\">\r\n                        <div class=\"inner-box\">\r\n                            <div class=\"image-layer\" style=\"background-image: url(https:\/\/dalmatia-express.com\/wp-content\/uploads\/2022\/04\/Luxury-Shock-Absorber-Seats-2_4_11zon.jpg);\"><\/div>\r\n                            <div class=\"image-box\">\r\n                                <figure class=\"image\">\r\n                                    <a href=\"\"><img decoding=\"async\" src=\"https:\/\/dalmatia-express.com\/wp-content\/uploads\/2022\/04\/Luxury-Shock-Absorber-Seats-2_4_11zon.jpg\" alt=\"Imagen impresionante\"><\/a>\r\n                                <\/figure>\r\n                            <\/div>\r\n                            <div class=\"hover-box\">\r\n                                <div class=\"hover-inner\">\r\n                                    <h3><a href=\"\">Asientos amortiguados de lujo<\/a><\/h3>\r\n                                <\/div>\r\n                            <\/div>\r\n                        <\/div>\r\n                    <\/div>\r\n        \t\t\t                    <div class=\"yacht-featured-image\">\r\n                        <div class=\"inner-box\">\r\n                            <div class=\"image-layer\" style=\"background-image: url(https:\/\/dalmatia-express.com\/wp-content\/uploads\/2022\/04\/Cabin-Entrence_1_11zon.jpg);\"><\/div>\r\n                            <div class=\"image-box\">\r\n                                <figure class=\"image\">\r\n                                    <a href=\"\"><img decoding=\"async\" src=\"https:\/\/dalmatia-express.com\/wp-content\/uploads\/2022\/04\/Cabin-Entrence_1_11zon.jpg\" alt=\"Imagen impresionante\"><\/a>\r\n                                <\/figure>\r\n                            <\/div>\r\n                            <div class=\"hover-box\">\r\n                                <div class=\"hover-inner\">\r\n                                    <h3><a href=\"\">Entrada a la cabina<\/a><\/h3>\r\n                                <\/div>\r\n                            <\/div>\r\n                        <\/div>\r\n                    <\/div>\r\n        \t\t\t                    <div class=\"yacht-featured-image\">\r\n                        <div class=\"inner-box\">\r\n                            <div class=\"image-layer\" style=\"background-image: url(https:\/\/dalmatia-express.com\/wp-content\/uploads\/2022\/04\/Stearing-Equipment_13_11zon.jpg);\"><\/div>\r\n                            <div class=\"image-box\">\r\n                                <figure class=\"image\">\r\n                                    <a href=\"\"><img decoding=\"async\" src=\"https:\/\/dalmatia-express.com\/wp-content\/uploads\/2022\/04\/Stearing-Equipment_13_11zon.jpg\" alt=\"Imagen impresionante\"><\/a>\r\n                                <\/figure>\r\n                            <\/div>\r\n                            <div class=\"hover-box\">\r\n                                <div class=\"hover-inner\">\r\n                                    <h3><a href=\"\">Equipo de direcci\u00f3n<\/a><\/h3>\r\n                                <\/div>\r\n                            <\/div>\r\n                        <\/div>\r\n                    <\/div>\r\n        \t\t\t                    <div class=\"yacht-featured-image\">\r\n                        <div class=\"inner-box\">\r\n                            <div class=\"image-layer\" style=\"background-image: url(https:\/\/dalmatia-express.com\/wp-content\/uploads\/2022\/04\/Ship-Docked_5_11zon.jpg);\"><\/div>\r\n                            <div class=\"image-box\">\r\n                                <figure class=\"image\">\r\n                                    <a href=\"\"><img decoding=\"async\" src=\"https:\/\/dalmatia-express.com\/wp-content\/uploads\/2022\/04\/Ship-Docked_5_11zon.jpg\" alt=\"Imagen impresionante\"><\/a>\r\n                                <\/figure>\r\n                            <\/div>\r\n                            <div class=\"hover-box\">\r\n                                <div class=\"hover-inner\">\r\n                                    <h3><a href=\"\">Barco atracado<\/a><\/h3>\r\n                                <\/div>\r\n                            <\/div>\r\n                        <\/div>\r\n                    <\/div>\r\n        \t\t\t                <\/div>\r\n            <\/div>\r\n        <\/section>\r\n            \r\n\t\t\t\t<\/div>\n\t\t\t\t<\/div>\n\t\t\t\t\t<\/div>\n\t\t<\/div>\n\t\t\t\t\t\t\t<\/div>\n\t\t<\/section>\n\t\t\t\t\t\t\t<\/div>","protected":false},"excerpt":{"rendered":"<p>Great White 39, embarcaci\u00f3n neum\u00e1tica r\u00edgida (RIB) de 13 metros. Acerca de la Great White 39: Velocidad y seguridad son las caracter\u00edsticas que mejor describen a esta embarcaci\u00f3n. R\u00edgida para resistir cualquier condici\u00f3n en el mar y lo suficientemente c\u00f3moda para cualquier caballero o dama. Su clase y construcci\u00f3n superior son las caracter\u00edsticas que hacen de esta Great White una embarcaci\u00f3n sin competencia. INSTALACIONES A BORDO: Su seguridad y [\u2026]<\/p>","protected":false},"author":1,"featured_media":0,"parent":986,"menu_order":0,"comment_status":"closed","ping_status":"closed","template":"elementor_header_footer","meta":{"footnotes":""},"class_list":["post-2291","page","type-page","status-publish","hentry"],"_links":{"self":[{"href":"https:\/\/dalmatia-express.com\/es\/wp-json\/wp\/v2\/pages\/2291","targetHints":{"allow":["GET"]}}],"collection":[{"href":"https:\/\/dalmatia-express.com\/es\/wp-json\/wp\/v2\/pages"}],"about":[{"href":"https:\/\/dalmatia-express.com\/es\/wp-json\/wp\/v2\/types\/page"}],"author":[{"embeddable":true,"href":"https:\/\/dalmatia-express.com\/es\/wp-json\/wp\/v2\/users\/1"}],"replies":[{"embeddable":true,"href":"https:\/\/dalmatia-express.com\/es\/wp-json\/wp\/v2\/comments?post=2291"}],"version-history":[{"count":0,"href":"https:\/\/dalmatia-express.com\/es\/wp-json\/wp\/v2\/pages\/2291\/revisions"}],"up":[{"embeddable":true,"href":"https:\/\/dalmatia-express.com\/es\/wp-json\/wp\/v2\/pages\/986"}],"wp:attachment":[{"href":"https:\/\/dalmatia-express.com\/es\/wp-json\/wp\/v2\/media?parent=2291"}],"curies":[{"name":"wp","href":"https:\/\/api.w.org\/{rel}","templated":true}]}}