{"id":109,"date":"2020-02-17T07:52:06","date_gmt":"2020-02-17T07:52:06","guid":{"rendered":"http:\/\/el.commonsupport.com\/newwp\/lanong\/?page_id=109"},"modified":"2022-05-02T13:36:19","modified_gmt":"2022-05-02T13:36:19","slug":"about","status":"publish","type":"page","link":"https:\/\/dalmatia-express.com\/fr\/about\/","title":{"rendered":"A propos de nous"},"content":{"rendered":"<div data-elementor-type=\"wp-page\" data-elementor-id=\"109\" class=\"elementor elementor-109\">\n\t\t\t\t\t\t\t\t\t<section class=\"elementor-section elementor-top-section elementor-element elementor-element-0ef4b47 elementor-section-full_width elementor-section-height-default elementor-section-height-default\" data-id=\"0ef4b47\" data-element_type=\"section\">\n\t\t\t\t\t\t<div class=\"elementor-container elementor-column-gap-no\">\n\t\t\t\t\t<div class=\"elementor-column elementor-col-100 elementor-top-column elementor-element elementor-element-fac0e6e\" data-id=\"fac0e6e\" data-element_type=\"column\">\n\t\t\t<div class=\"elementor-widget-wrap elementor-element-populated\">\n\t\t\t\t\t\t\t\t<div class=\"elementor-element elementor-element-db9ca0d elementor-widget elementor-widget-heading\" data-id=\"db9ca0d\" data-element_type=\"widget\" data-widget_type=\"heading.default\">\n\t\t\t\t<div class=\"elementor-widget-container\">\n\t\t\t<style>\/*! elementor - v3.6.6 - 08-06-2022 *\/\n.elementor-heading-title{padding:0;margin:0;line-height:1}.elementor-widget-heading .elementor-heading-title[class*=elementor-size-]>a{color:inherit;font-size:inherit;line-height:inherit}.elementor-widget-heading .elementor-heading-title.elementor-size-small{font-size:15px}.elementor-widget-heading .elementor-heading-title.elementor-size-medium{font-size:19px}.elementor-widget-heading .elementor-heading-title.elementor-size-large{font-size:29px}.elementor-widget-heading .elementor-heading-title.elementor-size-xl{font-size:39px}.elementor-widget-heading .elementor-heading-title.elementor-size-xxl{font-size:59px}<\/style><h5 class=\"elementor-heading-title elementor-size-medium\">Notre histoire<\/h5>\t\t<\/div>\n\t\t\t\t<\/div>\n\t\t\t\t<div class=\"elementor-element elementor-element-7922bf1 elementor-widget elementor-widget-heading\" data-id=\"7922bf1\" data-element_type=\"widget\" data-widget_type=\"heading.default\">\n\t\t\t\t<div class=\"elementor-widget-container\">\n\t\t\t<h1 class=\"elementor-heading-title elementor-size-default\">Bienvenue \u00e0 <strong>Dalmatia Express<\/strong><\/h1>\t\t<\/div>\n\t\t\t\t<\/div>\n\t\t\t\t<div class=\"elementor-element elementor-element-d54d254 elementor-widget elementor-widget-spacer\" data-id=\"d54d254\" data-element_type=\"widget\" data-widget_type=\"spacer.default\">\n\t\t\t\t<div class=\"elementor-widget-container\">\n\t\t\t<style>\/*! elementor - v3.6.6 - 08-06-2022 *\/\n.e-container.e-container--row .elementor-spacer-inner{width:var(--spacer-size)}.e-container.e-container--column .elementor-spacer-inner,.elementor-column .elementor-spacer-inner{height:var(--spacer-size)}<\/style>\t\t<div class=\"elementor-spacer\">\n\t\t\t<div class=\"elementor-spacer-inner\"><\/div>\n\t\t<\/div>\n\t\t\t\t<\/div>\n\t\t\t\t<\/div>\n\t\t\t\t\t<\/div>\n\t\t<\/div>\n\t\t\t\t\t\t\t<\/div>\n\t\t<\/section>\n\t\t\t\t<section class=\"elementor-section elementor-top-section elementor-element elementor-element-226929f elementor-section-boxed elementor-section-height-default elementor-section-height-default\" data-id=\"226929f\" data-element_type=\"section\">\n\t\t\t\t\t\t<div class=\"elementor-container elementor-column-gap-default\">\n\t\t\t\t\t<div class=\"elementor-column elementor-col-50 elementor-top-column elementor-element elementor-element-d12be71\" data-id=\"d12be71\" data-element_type=\"column\">\n\t\t\t<div class=\"elementor-widget-wrap elementor-element-populated\">\n\t\t\t\t\t\t\t\t<div class=\"elementor-element elementor-element-f077419 elementor-widget elementor-widget-text-editor\" data-id=\"f077419\" data-element_type=\"widget\" data-widget_type=\"text-editor.default\">\n\t\t\t\t<div class=\"elementor-widget-container\">\n\t\t\t<style>\/*! elementor - v3.6.6 - 08-06-2022 *\/\n.elementor-widget-text-editor.elementor-drop-cap-view-stacked .elementor-drop-cap{background-color:#818a91;color:#fff}.elementor-widget-text-editor.elementor-drop-cap-view-framed .elementor-drop-cap{color:#818a91;border:3px solid;background-color:transparent}.elementor-widget-text-editor:not(.elementor-drop-cap-view-default) .elementor-drop-cap{margin-top:8px}.elementor-widget-text-editor:not(.elementor-drop-cap-view-default) .elementor-drop-cap-letter{width:1em;height:1em}.elementor-widget-text-editor .elementor-drop-cap{float:left;text-align:center;line-height:1;font-size:50px}.elementor-widget-text-editor .elementor-drop-cap-letter{display:inline-block}<\/style>\t\t\t\t<p>En tant qu&#039;amoureux de la mer (dipl\u00f4m\u00e9 de la Facult\u00e9 d&#039;Ecologie et de Biologie de la Mer), j&#039;ai d\u00e9cid\u00e9 de faire de mon amour pour les navires et l&#039;hydrodynamique un r\u00eave de gar\u00e7on et j&#039;ai achet\u00e9 mon premier hors-bord avec lequel j&#039;ai pu transporter des passagers.<\/p><p>J&#039;ai \u00e9t\u00e9 le premier \u00e0 commencer \u00e0 proposer des transferts d&#039;eau priv\u00e9s reliant les clients aux \u00eeles centrales de la Dalmatie.<\/p><p>Quand j&#039;ai d\u00e9couvert mon ami et participant aux comp\u00e9titions mondiales de voile olympique, la l\u00e9gende de la voile croate, <a href=\"https:\/\/en.wikipedia.org\/wiki\/Mate_Arapov\" target=\"_blank\" rel=\"noopener\">Mato Arapova<\/a>, construit des bateaux j&#039;ai d\u00e9cid\u00e9 d&#039;acheter son produit Lolivul 5.9 avec un Honda 90 HP.<\/p><p>Apr\u00e8s la premi\u00e8re saison estivale, j&#039;ai persuad\u00e9 Mata de me fabriquer un bateau plus grand, ce qu&#039;il a fait. Lolivul 9 m. avec Yamaha 350 CV.<\/p>\t\t\t\t\t\t<\/div>\n\t\t\t\t<\/div>\n\t\t\t\t<div class=\"elementor-element elementor-element-c9d5d76 elementor-widget elementor-widget-image\" data-id=\"c9d5d76\" data-element_type=\"widget\" data-widget_type=\"image.default\">\n\t\t\t\t<div class=\"elementor-widget-container\">\n\t\t\t<style>\/*! elementor - v3.6.6 - 08-06-2022 *\/\n.elementor-widget-image{text-align:center}.elementor-widget-image a{display:inline-block}.elementor-widget-image a img[src$=\".svg\"]{width:48px}.elementor-widget-image img{vertical-align:middle;display:inline-block}<\/style>\t\t\t\t\t\t\t\t\t\t\t\t<img loading=\"lazy\" decoding=\"async\" width=\"525\" height=\"214\" src=\"https:\/\/dalmatia-express.com\/wp-content\/uploads\/2022\/04\/0f7bde2c-e75b-4f48-ae19-f5d54da2b3f0-e1651008516154-1024x417.jpg\" class=\"attachment-large size-large\" alt=\"\" srcset=\"https:\/\/dalmatia-express.com\/wp-content\/uploads\/2022\/04\/0f7bde2c-e75b-4f48-ae19-f5d54da2b3f0-e1651008516154-1024x417.jpg 1024w, https:\/\/dalmatia-express.com\/wp-content\/uploads\/2022\/04\/0f7bde2c-e75b-4f48-ae19-f5d54da2b3f0-e1651008516154-300x122.jpg 300w, https:\/\/dalmatia-express.com\/wp-content\/uploads\/2022\/04\/0f7bde2c-e75b-4f48-ae19-f5d54da2b3f0-e1651008516154-768x313.jpg 768w, https:\/\/dalmatia-express.com\/wp-content\/uploads\/2022\/04\/0f7bde2c-e75b-4f48-ae19-f5d54da2b3f0-e1651008516154.jpg 1494w\" sizes=\"auto, (max-width: 525px) 100vw, 525px\" \/>\t\t\t\t\t\t\t\t\t\t\t\t\t\t\t<\/div>\n\t\t\t\t<\/div>\n\t\t\t\t<div class=\"elementor-element elementor-element-1a78b55 elementor-widget elementor-widget-text-editor\" data-id=\"1a78b55\" data-element_type=\"widget\" data-widget_type=\"text-editor.default\">\n\t\t\t\t<div class=\"elementor-widget-container\">\n\t\t\t\t\t\t\t<p>Apr\u00e8s cela, j&#039;ai voulu un hors-bord encore plus grand de 12 m\u00e8tres et j&#039;ai essay\u00e9 de persuader Mata \u00e0 nouveau. Il a r\u00e9pondu par :<\/p><p><b>\u00ab Non, fais-le toi-m\u00eame et je t&#039;aiderai \u00e0 le faire. Vous savez ce que vous voulez, de quel type de bateau vous avez besoin.<\/b><\/p><p>Construire mon propre bateau \u00e9tait trop difficile, alors j&#039;ai commenc\u00e9 \u00e0 chercher \u00e0 l&#039;\u00e9tranger un bateau \u00e0 acheter.<\/p><p>Je savais quel type de navire je voulais : professionnel, luxueux, rapide, avec des caract\u00e9ristiques de conduite exceptionnelles en mer et une s\u00e9curit\u00e9 exceptionnelle.<\/p><p>Apr\u00e8s une longue recherche, aucun produit ne correspondait \u00e0 mes crit\u00e8res car chaque entreprise a fait des compromis au d\u00e9triment d&#039;une autre fonctionnalit\u00e9.<\/p><p>Cela m&#039;a fait d\u00e9cider de construire mon propre hors-bord qui aurait toutes les fonctionnalit\u00e9s que je veux sans aucun compromis.<\/p>\t\t\t\t\t\t<\/div>\n\t\t\t\t<\/div>\n\t\t\t\t\t<\/div>\n\t\t<\/div>\n\t\t\t\t<div class=\"elementor-column elementor-col-50 elementor-top-column elementor-element elementor-element-a2f1daa\" data-id=\"a2f1daa\" data-element_type=\"column\">\n\t\t\t<div class=\"elementor-widget-wrap elementor-element-populated\">\n\t\t\t\t\t\t\t\t<div class=\"elementor-element elementor-element-5bb1c53 elementor-widget elementor-widget-image\" data-id=\"5bb1c53\" data-element_type=\"widget\" data-widget_type=\"image.default\">\n\t\t\t\t<div class=\"elementor-widget-container\">\n\t\t\t\t\t\t\t\t\t\t\t\t\t\t\t<img loading=\"lazy\" decoding=\"async\" width=\"1502\" height=\"2003\" src=\"https:\/\/dalmatia-express.com\/wp-content\/uploads\/2022\/04\/IMG_3807.jpg\" class=\"attachment-full size-full\" alt=\"\" srcset=\"https:\/\/dalmatia-express.com\/wp-content\/uploads\/2022\/04\/IMG_3807.jpg 1502w, https:\/\/dalmatia-express.com\/wp-content\/uploads\/2022\/04\/IMG_3807-225x300.jpg 225w, https:\/\/dalmatia-express.com\/wp-content\/uploads\/2022\/04\/IMG_3807-768x1024.jpg 768w, https:\/\/dalmatia-express.com\/wp-content\/uploads\/2022\/04\/IMG_3807-1152x1536.jpg 1152w\" sizes=\"auto, (max-width: 1502px) 100vw, 1502px\" \/>\t\t\t\t\t\t\t\t\t\t\t\t\t\t\t<\/div>\n\t\t\t\t<\/div>\n\t\t\t\t<div class=\"elementor-element elementor-element-7ce81e8 elementor-widget elementor-widget-text-editor\" data-id=\"7ce81e8\" data-element_type=\"widget\" id=\"aboutimg\" data-widget_type=\"text-editor.default\">\n\t\t\t\t<div class=\"elementor-widget-container\">\n\t\t\t\t\t\t\t<p>J&#039;ai appel\u00e9 la marque Great White car elle est sans compromis et sans concurrence en mer.<\/p><p>Mate me pr\u00e9sente un g\u00e9nie - un ing\u00e9nieur en construction navale, M. Ivani\u0161evi\u0107. J&#039;ai dit \u00e0 M. Ivanisevic :<\/p><p><b>&quot;Nous devons fabriquer un navire qui peut naviguer en toute s\u00e9curit\u00e9 quand personne d&#039;autre ne le peut.&quot;<\/b><\/p><p><span data-preserver-spaces=\"true\">Nous avons fabriqu\u00e9 des navires capables de naviguer dans toutes les conditions m\u00e9t\u00e9orologiques, pratiquement insubmersibles, des bateaux avec une identit\u00e9 visuelle et une personnalit\u00e9 uniques.<\/span><\/p><p><strong><span data-preserver-spaces=\"true\">D&#039;autres copient que nous cr\u00e9ons.<\/span><\/strong><\/p><p>par Jo\u0161ko Petri\u0107 (fondateur et directeur de Dalmatia Express)<\/p>\t\t\t\t\t\t<\/div>\n\t\t\t\t<\/div>\n\t\t\t\t\t<\/div>\n\t\t<\/div>\n\t\t\t\t\t\t\t<\/div>\n\t\t<\/section>\n\t\t\t\t<section class=\"elementor-section elementor-top-section elementor-element elementor-element-e3a32cf elementor-section-full_width elementor-section-height-default elementor-section-height-default\" data-id=\"e3a32cf\" data-element_type=\"section\">\n\t\t\t\t\t\t<div class=\"elementor-container elementor-column-gap-no\">\n\t\t\t\t\t<div class=\"elementor-column elementor-col-100 elementor-top-column elementor-element elementor-element-19940f7\" data-id=\"19940f7\" data-element_type=\"column\">\n\t\t\t<div class=\"elementor-widget-wrap elementor-element-populated\">\n\t\t\t\t\t\t\t\t<div class=\"elementor-element elementor-element-38a15f8 elementor-widget elementor-widget-lanong_about_us_2\" data-id=\"38a15f8\" data-element_type=\"widget\" data-widget_type=\"lanong_about_us_2.default\">\n\t\t\t\t<div class=\"elementor-widget-container\">\n\t\t\t        \r\n        <!--Welcome Section-->\r\n        <section class=\"welcome-section\">\r\n            <div class=\"auto-container\">\r\n                <div class=\"title-box wow fadeInUp\" data-wow-delay=\"0ms\" data-wow-duration=\"1500ms\">\r\n                    <h4><\/h4>\r\n                    <h2><\/h2>\r\n                    <div class=\"text\"><\/div>\r\n                <\/div>\r\n                <div class=\"image-box wow fadeInUp\" data-wow-delay=\"0ms\" data-wow-duration=\"1500ms\">\r\n                    <img decoding=\"async\" src=\"\" alt=\"Image g\u00e9niale\">\r\n                <\/div>\r\n    \r\n                <div class=\"event-carousel-box\">\r\n                    <div class=\"event-carousel owl-theme owl-carousel\">\r\n                                                <!--Event Block-->\r\n                        <div class=\"event-block\">\r\n                            <div class=\"inner\">\r\n                                <div class=\"date\"><\/div>\r\n                                <h4><a href=\"\">Le d\u00e9but<\/a><\/h4>\r\n                                <div class=\"text\">Je termine mes \u00e9tudes universitaires et forme la soci\u00e9t\u00e9 Blizanac doo qui porte la marque Dalmatia Express.<\/div>\r\n                                <div class=\"year\">2009<\/div>\r\n                            <\/div>\r\n                        <\/div>\r\n                                                <!--Event Block-->\r\n                        <div class=\"event-block\">\r\n                            <div class=\"inner\">\r\n                                <div class=\"date\"><\/div>\r\n                                <h4><a href=\"https:\/\/dalmatia-express.com\/fr\/our-fleet\/great-white-39\/\">Nous construisons le premier Great White<\/a><\/h4>\r\n                                <div class=\"text\">Nous avons construit le Great White 39, un bateau de 12 m\u00e8tres avec une vitesse de pointe de 50 n\u0153uds.\n<\/div>\r\n                                <div class=\"year\">2014<\/div>\r\n                            <\/div>\r\n                        <\/div>\r\n                                                <!--Event Block-->\r\n                        <div class=\"event-block\">\r\n                            <div class=\"inner\">\r\n                                <div class=\"date\"><\/div>\r\n                                <h4><a href=\"https:\/\/dalmatia-express.com\/fr\/our-fleet\/great-white-35\/\">Nous construisons le deuxi\u00e8me navire<\/a><\/h4>\r\n                                <div class=\"text\">La naissance du Great White 35 plus petit navire avec une grande maniabilit\u00e9.<\/div>\r\n                                <div class=\"year\">2017<\/div>\r\n                            <\/div>\r\n                        <\/div>\r\n                                                <!--Event Block-->\r\n                        <div class=\"event-block\">\r\n                            <div class=\"inner\">\r\n                                <div class=\"date\"><\/div>\r\n                                <h4><a href=\"https:\/\/dalmatia-express.com\/fr\/our-fleet\/great-white-49\/\">Le roi de la mer<\/a><\/h4>\r\n                                <div class=\"text\">Nous construisons Great White 49 - le plus grand bateau pneumatique produit en R\u00e9publique de Croatie.<\/div>\r\n                                <div class=\"year\">2019<\/div>\r\n                            <\/div>\r\n                        <\/div>\r\n                                            <\/div>\r\n                <\/div>\r\n            <\/div>\r\n        <\/section>\r\n           \r\n\t\t\t\t<\/div>\n\t\t\t\t<\/div>\n\t\t\t\t<div class=\"elementor-element elementor-element-5746170 elementor-widget elementor-widget-heading\" data-id=\"5746170\" data-element_type=\"widget\" data-widget_type=\"heading.default\">\n\t\t\t\t<div class=\"elementor-widget-container\">\n\t\t\t<h2 class=\"elementor-heading-title elementor-size-default\">Notre garantie de qualit\u00e9<\/h2>\t\t<\/div>\n\t\t\t\t<\/div>\n\t\t\t\t<div class=\"elementor-element elementor-element-77be444 elementor-widget elementor-widget-spacer\" data-id=\"77be444\" data-element_type=\"widget\" data-widget_type=\"spacer.default\">\n\t\t\t\t<div class=\"elementor-widget-container\">\n\t\t\t\t\t<div class=\"elementor-spacer\">\n\t\t\t<div class=\"elementor-spacer-inner\"><\/div>\n\t\t<\/div>\n\t\t\t\t<\/div>\n\t\t\t\t<\/div>\n\t\t\t\t\t<\/div>\n\t\t<\/div>\n\t\t\t\t\t\t\t<\/div>\n\t\t<\/section>\n\t\t\t\t<section class=\"elementor-section elementor-top-section elementor-element elementor-element-418d5c3 elementor-section-full_width elementor-section-stretched no-link-box elementor-section-height-default elementor-section-height-default\" data-id=\"418d5c3\" data-element_type=\"section\" data-settings=\"{&quot;stretch_section&quot;:&quot;section-stretched&quot;}\">\n\t\t\t\t\t\t<div class=\"elementor-container elementor-column-gap-no\">\n\t\t\t\t\t<div class=\"elementor-column elementor-col-100 elementor-top-column elementor-element elementor-element-1bd7508\" data-id=\"1bd7508\" data-element_type=\"column\">\n\t\t\t<div class=\"elementor-widget-wrap elementor-element-populated\">\n\t\t\t\t\t\t\t\t<div class=\"elementor-element elementor-element-4db29a2 elementor-widget elementor-widget-lanong_features_services\" data-id=\"4db29a2\" data-element_type=\"widget\" data-widget_type=\"lanong_features_services.default\">\n\t\t\t\t<div class=\"elementor-widget-container\">\n\t\t\t\t\t\t\r\n            <!--Features Section-->\r\n            <section class=\"features-section\">\r\n                <div class=\"auto-container\">\r\n                    <div class=\"row clearfix\">\r\n                                                <!--Feature-->\r\n                        <div class=\"feature-block col-lg-4 col-md-6 col-sm-12\">\r\n                            <div class=\"inner-box\">\r\n                                <div class=\"icon-box\">\r\n                                    <div class=\"octagonWrap\">\r\n                                        <div class=\"octagon\"><\/div>\r\n                                    <\/div>\r\n                                    <span class=\"icon fa fa-wind\"><\/span>\r\n                                <\/div>\r\n                                <div class=\"content\">\r\n                                    <h4>Rapide<\/h4>\r\n                                    <div class=\"text\">Notre service vous permettra de gagner beaucoup de temps en voyage et d&#039;augmenter le temps de plaisir. Apr\u00e8s tout, vous \u00eates en vacances !<\/div>\r\n                                    <div class=\"link-box\">\r\n                                        <a href=\"\" class=\"default-link\">\r\n                                            <span class=\"icon flaticon-logout\"><\/span> <span class=\"link-text\">En savoir plus sur le surf<\/span>\r\n                                        <\/a>\r\n                                    <\/div>\r\n                                <\/div>\r\n                            <\/div>\r\n                        <\/div>\r\n                                                <!--Feature-->\r\n                        <div class=\"feature-block col-lg-4 col-md-6 col-sm-12\">\r\n                            <div class=\"inner-box\">\r\n                                <div class=\"icon-box\">\r\n                                    <div class=\"octagonWrap\">\r\n                                        <div class=\"octagon\"><\/div>\r\n                                    <\/div>\r\n                                    <span class=\"icon fa fa-shield-alt\"><\/span>\r\n                                <\/div>\r\n                                <div class=\"content\">\r\n                                    <h4>S\u00fbr<\/h4>\r\n                                    <div class=\"text\">Nous nous engageons pour votre s\u00e9curit\u00e9. Nous \u00e9quipons nos bateaux des derniers \u00e9quipements de s\u00e9curit\u00e9 et notre \u00e9quipage exp\u00e9riment\u00e9 et professionnel est form\u00e9 pour faire face \u00e0 toutes les situations.<\/div>\r\n                                    <div class=\"link-box\">\r\n                                        <a href=\"\" class=\"default-link\">\r\n                                            <span class=\"icon flaticon-logout\"><\/span> <span class=\"link-text\">En savoir plus sur le surf<\/span>\r\n                                        <\/a>\r\n                                    <\/div>\r\n                                <\/div>\r\n                            <\/div>\r\n                        <\/div>\r\n                                                <!--Feature-->\r\n                        <div class=\"feature-block col-lg-4 col-md-6 col-sm-12\">\r\n                            <div class=\"inner-box\">\r\n                                <div class=\"icon-box\">\r\n                                    <div class=\"octagonWrap\">\r\n                                        <div class=\"octagon\"><\/div>\r\n                                    <\/div>\r\n                                    <span class=\"icon fa fa-crown\"><\/span>\r\n                                <\/div>\r\n                                <div class=\"content\">\r\n                                    <h4>Sup\u00e9rieur<\/h4>\r\n                                    <div class=\"text\">Nous avons con\u00e7u notre service pour vous offrir la meilleure exp\u00e9rience possible. Cela inclut l&#039;absence d&#039;\u00e9claboussures, des si\u00e8ges confortables, la climatisation et bien s\u00fbr des boissons fra\u00eeches.<\/div>\r\n                                    <div class=\"link-box\">\r\n                                        <a href=\"\" class=\"default-link\">\r\n                                            <span class=\"icon flaticon-logout\"><\/span> <span class=\"link-text\">En savoir plus sur le surf<\/span>\r\n                                        <\/a>\r\n                                    <\/div>\r\n                                <\/div>\r\n                            <\/div>\r\n                        <\/div>\r\n                                            <\/div>\r\n                <\/div>\r\n            <\/section>\r\n            \r\n        \t\t<\/div>\n\t\t\t\t<\/div>\n\t\t\t\t<div class=\"elementor-element elementor-element-b6ff041 elementor-hidden-mobile elementor-widget elementor-widget-spacer\" data-id=\"b6ff041\" data-element_type=\"widget\" data-widget_type=\"spacer.default\">\n\t\t\t\t<div class=\"elementor-widget-container\">\n\t\t\t\t\t<div class=\"elementor-spacer\">\n\t\t\t<div class=\"elementor-spacer-inner\"><\/div>\n\t\t<\/div>\n\t\t\t\t<\/div>\n\t\t\t\t<\/div>\n\t\t\t\t\t<\/div>\n\t\t<\/div>\n\t\t\t\t\t\t\t<\/div>\n\t\t<\/section>\n\t\t\t\t\t\t\t<\/div>","protected":false},"excerpt":{"rendered":"<p>Notre histoire Bienvenue \u00e0 Dalmatia Express. Passionn\u00e9 de la mer (dipl\u00f4m\u00e9 de la Facult\u00e9 d&#039;\u00e9cologie et de biologie marine), j&#039;ai d\u00e9cid\u00e9 de faire de ma passion pour les bateaux et l&#039;hydrodynamique un r\u00eave d&#039;enfant et j&#039;ai achet\u00e9 mon premier hors-bord, avec lequel je pouvais transporter des passagers. J&#039;ai \u00e9t\u00e9 le premier \u00e0 [\u2026]<\/p>","protected":false},"author":1,"featured_media":0,"parent":0,"menu_order":0,"comment_status":"closed","ping_status":"closed","template":"elementor_header_footer","meta":{"footnotes":""},"class_list":["post-109","page","type-page","status-publish","hentry"],"_links":{"self":[{"href":"https:\/\/dalmatia-express.com\/fr\/wp-json\/wp\/v2\/pages\/109","targetHints":{"allow":["GET"]}}],"collection":[{"href":"https:\/\/dalmatia-express.com\/fr\/wp-json\/wp\/v2\/pages"}],"about":[{"href":"https:\/\/dalmatia-express.com\/fr\/wp-json\/wp\/v2\/types\/page"}],"author":[{"embeddable":true,"href":"https:\/\/dalmatia-express.com\/fr\/wp-json\/wp\/v2\/users\/1"}],"replies":[{"embeddable":true,"href":"https:\/\/dalmatia-express.com\/fr\/wp-json\/wp\/v2\/comments?post=109"}],"version-history":[{"count":0,"href":"https:\/\/dalmatia-express.com\/fr\/wp-json\/wp\/v2\/pages\/109\/revisions"}],"wp:attachment":[{"href":"https:\/\/dalmatia-express.com\/fr\/wp-json\/wp\/v2\/media?parent=109"}],"curies":[{"name":"wp","href":"https:\/\/api.w.org\/{rel}","templated":true}]}}