{"id":2176,"date":"2022-04-22T13:10:33","date_gmt":"2022-04-22T13:10:33","guid":{"rendered":"https:\/\/dalmatia-express.com\/?page_id=2176"},"modified":"2022-05-02T16:03:42","modified_gmt":"2022-05-02T16:03:42","slug":"great-white-35","status":"publish","type":"page","link":"https:\/\/dalmatia-express.com\/fr\/our-fleet\/great-white-35\/","title":{"rendered":"Grand blanc 35"},"content":{"rendered":"<div data-elementor-type=\"wp-page\" data-elementor-id=\"2176\" class=\"elementor elementor-2176\">\n\t\t\t\t\t\t\t\t\t<section class=\"elementor-section elementor-top-section elementor-element elementor-element-7e52b4b elementor-section-full_width elementor-section-height-default elementor-section-height-default\" data-id=\"7e52b4b\" data-element_type=\"section\">\n\t\t\t\t\t\t<div class=\"elementor-container elementor-column-gap-default\">\n\t\t\t\t\t<div class=\"elementor-column elementor-col-100 elementor-top-column elementor-element elementor-element-ff0f0fb\" data-id=\"ff0f0fb\" data-element_type=\"column\">\n\t\t\t<div class=\"elementor-widget-wrap elementor-element-populated\">\n\t\t\t\t\t\t\t\t<div class=\"elementor-element elementor-element-46d5cf8 elementor-widget elementor-widget-lanong_yacht_single\" data-id=\"46d5cf8\" data-element_type=\"widget\" data-widget_type=\"lanong_yacht_single.default\">\n\t\t\t\t<div class=\"elementor-widget-container\">\n\t\t\t        \r\n        <!--yacht Details Section-->\r\n        <section class=\"yacht-details\">\r\n            <div class=\"auto-container\">\r\n                <div class=\"main-image-box\">\r\n                    <figure class=\"image\">\r\n                        <img decoding=\"async\" src=\"https:\/\/dalmatia-express.com\/wp-content\/uploads\/2022\/04\/gw35.webp\" alt=\"Image g\u00e9niale\">\r\n                    <\/figure>\r\n                    <div class=\"caption-box\">\r\n                        <h2>Grand blanc 35<\/h2>\r\n                        <div class=\"info\">Bateau pneumatique semi-rigide (RIB) de 11,5 m\u00e8tres<\/div>\r\n                    <\/div>\r\n                <\/div>\r\n                <div class=\"basic-info clearfix\">\r\n                                                        <\/div>\r\n        \r\n                <div class=\"row clearfix\">\r\n                    <div class=\"content-column col-xl-7 col-lg-6 col-md-12 cl-sm-12\">\r\n                        <div class=\"inner\">\r\n                            <div class=\"text-block\">\r\n                                <h4>\u00c0 propos de Great White 35<\/h4>\r\n                                <p>Great White 35 a \u00e9t\u00e9 cr\u00e9\u00e9 pour la maniabilit\u00e9, la s\u00e9curit\u00e9 et le confort. C&#039;est un navire pointu qui est livr\u00e9 avec toutes les fonctionnalit\u00e9s dont vous avez besoin pour passer un bon moment sur l&#039;eau. Un vrai Grand Blanc.<\/p>\r\n                                <h4>INSTALLATIONS \u00c0 BORD<\/h4>\r\n                                <p>Votre s\u00e9curit\u00e9 et votre confort sont notre priorit\u00e9 num\u00e9ro un.<\/p>\r\n                            <\/div>\r\n        \r\n                            <div class=\"scroller-box\">\r\n                                <div class=\"scroller\">\r\n                                                                        <div class=\"feature\">\r\n                                        <div class=\"feature-inner\">\r\n                                            <div class=\"icon\"><i class=\"flaticon flaticon-house\"><\/i><\/div>\r\n                                            <h5>Cabine<\/h5>\r\n                                            <div class=\"text\">Assurer la s\u00e9curit\u00e9 des invit\u00e9s et de leurs bagages contre l&#039;eau de mer<\/div>\r\n                                        <\/div>\r\n                                    <\/div>\r\n        \t\t\t\t\t\t\t                                    <div class=\"feature\">\r\n                                        <div class=\"feature-inner\">\r\n                                            <div class=\"icon\"><i class=\"fas fa-chair\"><\/i><\/div>\r\n                                            <h5>Si\u00e8ges d&#039;amortisseur de luxe<\/h5>\r\n                                            <div class=\"text\">Vous ne sentirez pas les vagues m\u00eame sur une mer agit\u00e9e.<\/div>\r\n                                        <\/div>\r\n                                    <\/div>\r\n        \t\t\t\t\t\t\t                                    <div class=\"feature\">\r\n                                        <div class=\"feature-inner\">\r\n                                            <div class=\"icon\"><i class=\"flaticon flaticon-shield\"><\/i><\/div>\r\n                                            <h5>Radar Raymarine, traceur gps, vhf<\/h5>\r\n                                            <div class=\"text\">M\u00eame lors de nos courts trajets, nous utilisons tous les \u00e9quipements de s\u00e9curit\u00e9 disponibles<\/div>\r\n                                        <\/div>\r\n                                    <\/div>\r\n        \t\t\t\t\t\t\t                                    <div class=\"feature\">\r\n                                        <div class=\"feature-inner\">\r\n                                            <div class=\"icon\"><i class=\"far fa-life-ring\"><\/i><\/div>\r\n                                            <h5>\u00c9quipement de s\u00e9curit\u00e9<\/h5>\r\n                                            <div class=\"text\">L&#039;\u00e9quipement de s\u00e9curit\u00e9 est toujours disponible pour tous les invit\u00e9s et l&#039;\u00e9quipage <\/div>\r\n                                        <\/div>\r\n                                    <\/div>\r\n        \t\t\t\t\t\t\t                                    <div class=\"feature\">\r\n                                        <div class=\"feature-inner\">\r\n                                            <div class=\"icon\"><i class=\"fas fa-toilet\"><\/i><\/div>\r\n                                            <h5>Installations sanitaires<\/h5>\r\n                                            <div class=\"text\">Si vous \u00eates press\u00e9, nous avons ce qu&#039;il vous faut<\/div>\r\n                                        <\/div>\r\n                                    <\/div>\r\n        \t\t\t\t\t\t\t                                    <div class=\"feature\">\r\n                                        <div class=\"feature-inner\">\r\n                                            <div class=\"icon\"><i class=\"far fa-snowflake\"><\/i><\/div>\r\n                                            <h5>Grand Frigo<\/h5>\r\n                                            <div class=\"text\">Gardez vos boissons et aliments au frais<\/div>\r\n                                        <\/div>\r\n                                    <\/div>\r\n        \t\t\t\t\t\t\t                                    <div class=\"feature\">\r\n                                        <div class=\"feature-inner\">\r\n                                            <div class=\"icon\"><i class=\"fas fa-music\"><\/i><\/div>\r\n                                            <h5>Syst\u00e8me audio Hi-Fi<\/h5>\r\n                                            <div class=\"text\">Quel genre de vaisseau n&#039;a pas d&#039;audio\u00a0?<\/div>\r\n                                        <\/div>\r\n                                    <\/div>\r\n        \t\t\t\t\t\t\t                                    <div class=\"feature\">\r\n                                        <div class=\"feature-inner\">\r\n                                            <div class=\"icon\"><i class=\"flaticon flaticon-people\"><\/i><\/div>\r\n                                            <h5>Skipper et \u00e9quipage toujours \u00e0 bord<\/h5>\r\n                                            <div class=\"text\">Nos navires ne quitteront jamais le port sans un \u00e9quipage comp\u00e9tent<\/div>\r\n                                        <\/div>\r\n                                    <\/div>\r\n        \t\t\t\t\t\t\t                                <\/div>\r\n                            <\/div>\r\n        \r\n                        <\/div>\r\n                    <\/div>\r\n        \r\n                    <div class=\"specs-column col-xl-5 col-lg-6 col-md-12 cl-sm-12\">\r\n                        <div class=\"inner\">\r\n                            <div class=\"title-box clearfix\">\r\n                                <h4>SP\u00c9CIFICATION<\/h4>\r\n                                <div class=\"options clearfix\">\r\n                                                                                                        <\/div>\r\n                            <\/div>\r\n                            <div class=\"features-list\">\r\n                                <ul>\r\n                                                                        \t                                        <li class=\"clearfix\"><span class=\"ttl\">Type de navire<\/span><span class=\"dtl\">Bateau gonflable rigide<\/span><\/li>\r\n                                    \t\t\t\t\t\t\t\t\t\t                                    \t                                        <li class=\"clearfix\"><span class=\"ttl\">MOTEUR<\/span><span class=\"dtl\">Cummins QSB 6.7 480 CV<\/span><\/li>\r\n                                    \t\t\t\t\t\t\t\t\t\t                                    \t                                        <li class=\"clearfix\"><span class=\"ttl\">VITESSE MAXIMALE<\/span><span class=\"dtl\">29 n\u0153uds<\/span><\/li>\r\n                                    \t\t\t\t\t\t\t\t\t\t                                    \t                                        <li class=\"clearfix\"><span class=\"ttl\">Vitesse de croisi\u00e8re<\/span><span class=\"dtl\">24 n\u0153uds<\/span><\/li>\r\n                                    \t\t\t\t\t\t\t\t\t\t                                    \t                                        <li class=\"clearfix\"><span class=\"ttl\">CONSTRUCTEUR<\/span><span class=\"dtl\">Blizanac doo \/ Dalmatie Express<\/span><\/li>\r\n                                    \t\t\t\t\t\t\t\t\t\t                                    \t                                        <li class=\"clearfix\"><span class=\"ttl\">ANNEE DE CONSTRUCTION<\/span><span class=\"dtl\">2017<\/span><\/li>\r\n                                    \t\t\t\t\t\t\t\t\t\t                                    \t                                        <li class=\"clearfix\"><span class=\"ttl\">Longueur du bateau<\/span><span class=\"dtl\">11,5 m\u00e8tres<\/span><\/li>\r\n                                    \t\t\t\t\t\t\t\t\t\t                                <\/ul>\r\n                            <\/div>\r\n                        <\/div>\r\n                    <\/div>\r\n        \r\n                <\/div>\r\n        \r\n            <\/div>\r\n        <\/section>\r\n        \r\n        \t\t<\/div>\n\t\t\t\t<\/div>\n\t\t\t\t\t<\/div>\n\t\t<\/div>\n\t\t\t\t\t\t\t<\/div>\n\t\t<\/section>\n\t\t\t\t<div class=\"elementor-section elementor-top-section elementor-element elementor-element-a64092b elementor-section-full_width elementor-section-height-default elementor-section-height-default\" data-id=\"a64092b\" data-element_type=\"section\">\n\t\t\t\t\t\t<div class=\"elementor-container elementor-column-gap-no\">\n\t\t\t\t\t<div class=\"elementor-column elementor-col-100 elementor-top-column elementor-element elementor-element-187eb44\" data-id=\"187eb44\" data-element_type=\"column\">\n\t\t\t<div class=\"elementor-widget-wrap elementor-element-populated\">\n\t\t\t\t\t\t\t\t<div class=\"elementor-element elementor-element-888064b elementor-widget elementor-widget-lanong_tk_gallery\" data-id=\"888064b\" data-element_type=\"widget\" data-widget_type=\"lanong_tk_gallery.default\">\n\t\t\t\t<div class=\"elementor-widget-container\">\n\t\t\t        \r\n        <section class=\"yacht-featured-images\">\r\n            <div class=\"images-container\">\r\n                <div class=\"outer-box clearfix\">\r\n                    <!--Featured Image Block-->\r\n                                        <div class=\"yacht-featured-image\">\r\n                        <div class=\"inner-box\">\r\n                            <div class=\"image-layer\" style=\"background-image: url(https:\/\/dalmatia-express.com\/wp-content\/uploads\/2022\/04\/On_Sea_1-scaled.webp);\"><\/div>\r\n                            <div class=\"image-box\">\r\n                                <figure class=\"image\">\r\n                                    <a href=\"\"><img decoding=\"async\" src=\"https:\/\/dalmatia-express.com\/wp-content\/uploads\/2022\/04\/On_Sea_1-scaled.webp\" alt=\"Image g\u00e9niale\"><\/a>\r\n                                <\/figure>\r\n                            <\/div>\r\n                            <div class=\"hover-box\">\r\n                                <div class=\"hover-inner\">\r\n                                    <h3><a href=\"\">En action<\/a><\/h3>\r\n                                <\/div>\r\n                            <\/div>\r\n                        <\/div>\r\n                    <\/div>\r\n        \t\t\t                    <div class=\"yacht-featured-image\">\r\n                        <div class=\"inner-box\">\r\n                            <div class=\"image-layer\" style=\"background-image: url(https:\/\/dalmatia-express.com\/wp-content\/uploads\/2022\/04\/On_Sea_2-scaled.webp);\"><\/div>\r\n                            <div class=\"image-box\">\r\n                                <figure class=\"image\">\r\n                                    <a href=\"\"><img decoding=\"async\" src=\"https:\/\/dalmatia-express.com\/wp-content\/uploads\/2022\/04\/On_Sea_2-scaled.webp\" alt=\"Image g\u00e9niale\"><\/a>\r\n                                <\/figure>\r\n                            <\/div>\r\n                            <div class=\"hover-box\">\r\n                                <div class=\"hover-inner\">\r\n                                    <h3><a href=\"\">En action<\/a><\/h3>\r\n                                <\/div>\r\n                            <\/div>\r\n                        <\/div>\r\n                    <\/div>\r\n        \t\t\t                    <div class=\"yacht-featured-image\">\r\n                        <div class=\"inner-box\">\r\n                            <div class=\"image-layer\" style=\"background-image: url(https:\/\/dalmatia-express.com\/wp-content\/uploads\/2022\/04\/Ship-Bow-1.webp);\"><\/div>\r\n                            <div class=\"image-box\">\r\n                                <figure class=\"image\">\r\n                                    <a href=\"\"><img decoding=\"async\" src=\"https:\/\/dalmatia-express.com\/wp-content\/uploads\/2022\/04\/Ship-Bow-1.webp\" alt=\"Image g\u00e9niale\"><\/a>\r\n                                <\/figure>\r\n                            <\/div>\r\n                            <div class=\"hover-box\">\r\n                                <div class=\"hover-inner\">\r\n                                    <h3><a href=\"\">Arc de navire<\/a><\/h3>\r\n                                <\/div>\r\n                            <\/div>\r\n                        <\/div>\r\n                    <\/div>\r\n        \t\t\t                    <div class=\"yacht-featured-image\">\r\n                        <div class=\"inner-box\">\r\n                            <div class=\"image-layer\" style=\"background-image: url(https:\/\/dalmatia-express.com\/wp-content\/uploads\/2022\/04\/Shock-Absorber-Seats-scaled.webp);\"><\/div>\r\n                            <div class=\"image-box\">\r\n                                <figure class=\"image\">\r\n                                    <a href=\"\"><img decoding=\"async\" src=\"https:\/\/dalmatia-express.com\/wp-content\/uploads\/2022\/04\/Shock-Absorber-Seats-scaled.webp\" alt=\"Image g\u00e9niale\"><\/a>\r\n                                <\/figure>\r\n                            <\/div>\r\n                            <div class=\"hover-box\">\r\n                                <div class=\"hover-inner\">\r\n                                    <h3><a href=\"\">Si\u00e8ges d&#039;amortisseur<\/a><\/h3>\r\n                                <\/div>\r\n                            <\/div>\r\n                        <\/div>\r\n                    <\/div>\r\n        \t\t\t                    <div class=\"yacht-featured-image\">\r\n                        <div class=\"inner-box\">\r\n                            <div class=\"image-layer\" style=\"background-image: url(https:\/\/dalmatia-express.com\/wp-content\/uploads\/2022\/04\/Stearing-Equipment.jpg);\"><\/div>\r\n                            <div class=\"image-box\">\r\n                                <figure class=\"image\">\r\n                                    <a href=\"\"><img decoding=\"async\" src=\"https:\/\/dalmatia-express.com\/wp-content\/uploads\/2022\/04\/Stearing-Equipment.jpg\" alt=\"Image g\u00e9niale\"><\/a>\r\n                                <\/figure>\r\n                            <\/div>\r\n                            <div class=\"hover-box\">\r\n                                <div class=\"hover-inner\">\r\n                                    <h3><a href=\"\">\u00c9quipement de direction<\/a><\/h3>\r\n                                <\/div>\r\n                            <\/div>\r\n                        <\/div>\r\n                    <\/div>\r\n        \t\t\t                    <div class=\"yacht-featured-image\">\r\n                        <div class=\"inner-box\">\r\n                            <div class=\"image-layer\" style=\"background-image: url(https:\/\/dalmatia-express.com\/wp-content\/uploads\/2022\/04\/Outdoor-Deck.webp);\"><\/div>\r\n                            <div class=\"image-box\">\r\n                                <figure class=\"image\">\r\n                                    <a href=\"\"><img decoding=\"async\" src=\"https:\/\/dalmatia-express.com\/wp-content\/uploads\/2022\/04\/Outdoor-Deck.webp\" alt=\"Image g\u00e9niale\"><\/a>\r\n                                <\/figure>\r\n                            <\/div>\r\n                            <div class=\"hover-box\">\r\n                                <div class=\"hover-inner\">\r\n                                    <h3><a href=\"\">Terrasse ext\u00e9rieure<\/a><\/h3>\r\n                                <\/div>\r\n                            <\/div>\r\n                        <\/div>\r\n                    <\/div>\r\n        \t\t\t                <\/div>\r\n            <\/div>\r\n        <\/section>\r\n            \r\n\t\t\t\t<\/div>\n\t\t\t\t<\/div>\n\t\t\t\t\t<\/div>\n\t\t<\/div>\n\t\t\t\t\t\t\t<\/div>\n\t\t<\/div>\n\t\t\t\t\t\t\t<\/div>","protected":false},"excerpt":{"rendered":"<p>Great White 35, bateau semi-rigide de 11,5 m\u00e8tres. \u00c0 propos du Great White 35\u00a0: Le Great White 35 a \u00e9t\u00e9 con\u00e7u pour la maniabilit\u00e9, la s\u00e9curit\u00e9 et le confort. C&#039;est un navire performant, dot\u00e9 de toutes les fonctionnalit\u00e9s n\u00e9cessaires pour passer d&#039;excellents moments sur l&#039;eau. Un v\u00e9ritable Great White. INSTALLATIONS \u00c0 BORD\u00a0: Votre s\u00e9curit\u00e9 et votre confort sont [\u2026]<\/p>","protected":false},"author":1,"featured_media":0,"parent":986,"menu_order":0,"comment_status":"closed","ping_status":"closed","template":"elementor_header_footer","meta":{"footnotes":""},"class_list":["post-2176","page","type-page","status-publish","hentry"],"_links":{"self":[{"href":"https:\/\/dalmatia-express.com\/fr\/wp-json\/wp\/v2\/pages\/2176","targetHints":{"allow":["GET"]}}],"collection":[{"href":"https:\/\/dalmatia-express.com\/fr\/wp-json\/wp\/v2\/pages"}],"about":[{"href":"https:\/\/dalmatia-express.com\/fr\/wp-json\/wp\/v2\/types\/page"}],"author":[{"embeddable":true,"href":"https:\/\/dalmatia-express.com\/fr\/wp-json\/wp\/v2\/users\/1"}],"replies":[{"embeddable":true,"href":"https:\/\/dalmatia-express.com\/fr\/wp-json\/wp\/v2\/comments?post=2176"}],"version-history":[{"count":0,"href":"https:\/\/dalmatia-express.com\/fr\/wp-json\/wp\/v2\/pages\/2176\/revisions"}],"up":[{"embeddable":true,"href":"https:\/\/dalmatia-express.com\/fr\/wp-json\/wp\/v2\/pages\/986"}],"wp:attachment":[{"href":"https:\/\/dalmatia-express.com\/fr\/wp-json\/wp\/v2\/media?parent=2176"}],"curies":[{"name":"wp","href":"https:\/\/api.w.org\/{rel}","templated":true}]}}