{"id":3595,"date":"2022-04-28T22:14:02","date_gmt":"2022-04-28T22:14:02","guid":{"rendered":"https:\/\/dalmatia-express.com\/?page_id=3595"},"modified":"2022-05-02T14:16:39","modified_gmt":"2022-05-02T14:16:39","slug":"amfora","status":"publish","type":"page","link":"https:\/\/dalmatia-express.com\/fr\/taxi-boat\/split-to-hvar\/amfora\/","title":{"rendered":"H\u00f4tel Amfora, ville de Hvar"},"content":{"rendered":"<div data-elementor-type=\"wp-page\" data-elementor-id=\"3595\" class=\"elementor elementor-3595\">\n\t\t\t\t\t\t\t\t\t<section class=\"elementor-section elementor-top-section elementor-element elementor-element-e36ce4a elementor-section-boxed elementor-section-height-default elementor-section-height-default\" data-id=\"e36ce4a\" data-element_type=\"section\">\n\t\t\t\t\t\t<div class=\"elementor-container elementor-column-gap-default\">\n\t\t\t\t\t<div class=\"elementor-column elementor-col-100 elementor-top-column elementor-element elementor-element-1388a68\" data-id=\"1388a68\" data-element_type=\"column\">\n\t\t\t<div class=\"elementor-widget-wrap elementor-element-populated\">\n\t\t\t\t\t\t\t\t<div class=\"elementor-element elementor-element-b2ded84 elementor-widget elementor-widget-heading\" data-id=\"b2ded84\" data-element_type=\"widget\" data-widget_type=\"heading.default\">\n\t\t\t\t<div class=\"elementor-widget-container\">\n\t\t\t<style>\/*! elementor - v3.6.6 - 08-06-2022 *\/\n.elementor-heading-title{padding:0;margin:0;line-height:1}.elementor-widget-heading .elementor-heading-title[class*=elementor-size-]>a{color:inherit;font-size:inherit;line-height:inherit}.elementor-widget-heading .elementor-heading-title.elementor-size-small{font-size:15px}.elementor-widget-heading .elementor-heading-title.elementor-size-medium{font-size:19px}.elementor-widget-heading .elementor-heading-title.elementor-size-large{font-size:29px}.elementor-widget-heading .elementor-heading-title.elementor-size-xl{font-size:39px}.elementor-widget-heading .elementor-heading-title.elementor-size-xxl{font-size:59px}<\/style><h2 class=\"elementor-heading-title elementor-size-xl\">H\u00f4tel Amfora - Ville de Hvar<\/h2>\t\t<\/div>\n\t\t\t\t<\/div>\n\t\t\t\t\t<\/div>\n\t\t<\/div>\n\t\t\t\t\t\t\t<\/div>\n\t\t<\/section>\n\t\t\t\t<section class=\"elementor-section elementor-top-section elementor-element elementor-element-e052cdb elementor-section-boxed elementor-section-height-default elementor-section-height-default\" data-id=\"e052cdb\" data-element_type=\"section\">\n\t\t\t\t\t\t<div class=\"elementor-container elementor-column-gap-default\">\n\t\t\t\t\t<div data-wts-url=\"https:\/\/www.google.com\/travel\/hotels\/Amfora%20Hotel%20Hvar\/entity\/CgoI9dGiosjttt4nEAE\/reviews?g2lb=2502548,2503771,2503781,4258168,4270442,4284970,4291517,4306835,4518327,4597339,4640247,4649665,4680677,4722900,4723331,4733969,4747697,4757164,4758102,4758493,4762561&amp;hl=en-HR&amp;gl=hr&amp;ssta=1&amp;q=Amfora+Hotel+Hvar&amp;grf=EmQKLAgOEigSJnIkKiIKBwjmDxAGGBISBwjmDxAGGBUYAjAeQMoCSgcI5g8QBBgcCjQIDBIwEi6yASsSKQonCiUweDEzMzU4MjI5ZWU3M2I1MDE6MHgyN2JjZGI2Yzg0NDhhOGY1&amp;rp=EPXRoqLI7bbeJxD10aKiyO223ic4AkAASAHAAQI&amp;ictx=1&amp;sa=X&amp;ved=2ahUKEwiEhLml07f3AhWLlosKHR3zA4gQ4gl6BAhcEAU\" data-wts-link=\"yes\" data-wts-new-window=\"yes\" class=\"elementor-column elementor-col-100 elementor-top-column elementor-element elementor-element-af16745 ae-link-yes\" data-id=\"af16745\" data-element_type=\"column\">\n\t\t\t<div class=\"elementor-widget-wrap elementor-element-populated\">\n\t\t\t\t\t\t\t\t<div class=\"elementor-element elementor-element-9a61ef5 elementor-star-rating-mobile--align-left elementor--star-style-star_fontawesome elementor-widget elementor-widget-star-rating\" data-id=\"9a61ef5\" data-element_type=\"widget\" data-widget_type=\"star-rating.default\">\n\t\t\t\t<div class=\"elementor-widget-container\">\n\t\t\t<style>\/*! elementor - v3.6.6 - 08-06-2022 *\/\n.elementor-star-rating{color:#ccd6df;font-family:eicons;display:inline-block}.elementor-star-rating i{display:inline-block;position:relative;font-style:normal;cursor:default}.elementor-star-rating i:before{content:\"\\e934\";display:block;font-size:inherit;font-family:inherit;position:absolute;overflow:hidden;color:#f0ad4e;top:0;left:0}.elementor-star-rating .elementor-star-empty:before{content:none}.elementor-star-rating .elementor-star-1:before{width:10%}.elementor-star-rating .elementor-star-2:before{width:20%}.elementor-star-rating .elementor-star-3:before{width:30%}.elementor-star-rating .elementor-star-4:before{width:40%}.elementor-star-rating .elementor-star-5:before{width:50%}.elementor-star-rating .elementor-star-6:before{width:60%}.elementor-star-rating .elementor-star-7:before{width:70%}.elementor-star-rating .elementor-star-8:before{width:80%}.elementor-star-rating .elementor-star-9:before{width:90%}.elementor-star-rating__wrapper{display:-webkit-box;display:-ms-flexbox;display:flex;-webkit-box-align:center;-ms-flex-align:center;align-items:center}.elementor-star-rating__title{margin-right:10px}.elementor-star-rating--align-right .elementor-star-rating__wrapper{text-align:right;-webkit-box-pack:end;-ms-flex-pack:end;justify-content:flex-end}.elementor-star-rating--align-left .elementor-star-rating__wrapper{text-align:left;-webkit-box-pack:start;-ms-flex-pack:start;justify-content:flex-start}.elementor-star-rating--align-center .elementor-star-rating__wrapper{text-align:center;-webkit-box-pack:center;-ms-flex-pack:center;justify-content:center}.elementor-star-rating--align-justify .elementor-star-rating__title{margin-right:auto}@media (max-width:1024px){.elementor-star-rating-tablet--align-right .elementor-star-rating__wrapper{text-align:right;-webkit-box-pack:end;-ms-flex-pack:end;justify-content:flex-end}.elementor-star-rating-tablet--align-left .elementor-star-rating__wrapper{text-align:left;-webkit-box-pack:start;-ms-flex-pack:start;justify-content:flex-start}.elementor-star-rating-tablet--align-center .elementor-star-rating__wrapper{text-align:center;-webkit-box-pack:center;-ms-flex-pack:center;justify-content:center}.elementor-star-rating-tablet--align-justify .elementor-star-rating__title{margin-right:auto}}@media (max-width:767px){.elementor-star-rating-mobile--align-right .elementor-star-rating__wrapper{text-align:right;-webkit-box-pack:end;-ms-flex-pack:end;justify-content:flex-end}.elementor-star-rating-mobile--align-left .elementor-star-rating__wrapper{text-align:left;-webkit-box-pack:start;-ms-flex-pack:start;justify-content:flex-start}.elementor-star-rating-mobile--align-center .elementor-star-rating__wrapper{text-align:center;-webkit-box-pack:center;-ms-flex-pack:center;justify-content:center}.elementor-star-rating-mobile--align-justify .elementor-star-rating__title{margin-right:auto}}.last-star{letter-spacing:0}.elementor--star-style-star_unicode .elementor-star-rating{font-family:Arial,Helvetica,sans-serif}.elementor--star-style-star_unicode .elementor-star-rating i:not(.elementor-star-empty):before{content:\"\\002605\"}<\/style>\n\t\t<div class=\"elementor-star-rating__wrapper\">\n\t\t\t\t\t\t\t<div class=\"elementor-star-rating__title\">\u00c9valuation Google<\/div>\n\t\t\t\t\t\t<div class=\"elementor-star-rating\" title=\"4.3\/5\" itemtype=\"http:\/\/schema.org\/Rating\" itemscope=\"\" itemprop=\"reviewRating\"><i class=\"elementor-star-full\">\ue933<\/i><i class=\"elementor-star-full\">\ue933<\/i><i class=\"elementor-star-full\">\ue933<\/i><i class=\"elementor-star-full\">\ue933<\/i><i class=\"elementor-star-3\">\ue933<\/i> <span itemprop=\"ratingValue\" class=\"elementor-screen-only\">4.3\/5<\/span><\/div>\t\t<\/div>\n\t\t\t\t<\/div>\n\t\t\t\t<\/div>\n\t\t\t\t\t<\/div>\n\t\t<\/div>\n\t\t\t\t\t\t\t<\/div>\n\t\t<\/section>\n\t\t\t\t<section class=\"elementor-section elementor-top-section elementor-element elementor-element-7830c30 elementor-section-boxed elementor-section-height-default elementor-section-height-default\" data-id=\"7830c30\" data-element_type=\"section\">\n\t\t\t\t\t\t<div class=\"elementor-container elementor-column-gap-default\">\n\t\t\t\t\t<div class=\"elementor-column elementor-col-50 elementor-top-column elementor-element elementor-element-e0aa95a\" data-id=\"e0aa95a\" data-element_type=\"column\">\n\t\t\t<div class=\"elementor-widget-wrap elementor-element-populated\">\n\t\t\t\t\t\t\t\t<div class=\"elementor-element elementor-element-bc4a6f3 elementor-widget elementor-widget-text-editor\" data-id=\"bc4a6f3\" data-element_type=\"widget\" data-widget_type=\"text-editor.default\">\n\t\t\t\t<div class=\"elementor-widget-container\">\n\t\t\t<style>\/*! elementor - v3.6.6 - 08-06-2022 *\/\n.elementor-widget-text-editor.elementor-drop-cap-view-stacked .elementor-drop-cap{background-color:#818a91;color:#fff}.elementor-widget-text-editor.elementor-drop-cap-view-framed .elementor-drop-cap{color:#818a91;border:3px solid;background-color:transparent}.elementor-widget-text-editor:not(.elementor-drop-cap-view-default) .elementor-drop-cap{margin-top:8px}.elementor-widget-text-editor:not(.elementor-drop-cap-view-default) .elementor-drop-cap-letter{width:1em;height:1em}.elementor-widget-text-editor .elementor-drop-cap{float:left;text-align:center;line-height:1;font-size:50px}.elementor-widget-text-editor .elementor-drop-cap-letter{display:inline-block}<\/style>\t\t\t\t<p>Adresse : Ul. Biskupa Jurja Dubokovica 5<br \/>CP : 21450<\/p>\t\t\t\t\t\t<\/div>\n\t\t\t\t<\/div>\n\t\t\t\t<div class=\"elementor-element elementor-element-c22a345 elementor-widget elementor-widget-text-editor\" data-id=\"c22a345\" data-element_type=\"widget\" data-widget_type=\"text-editor.default\">\n\t\t\t\t<div class=\"elementor-widget-container\">\n\t\t\t\t\t\t\t<p><b>Complexe haut de gamme avec restaurant, vue sur mer, club de plage et piscine ext\u00e9rieure avec bar aquatique.<\/b><\/p><p><span style=\"font-weight: 400;\">Ouvert en saison, ce complexe contemporain haut de gamme sur une plage surplombe les \u00eeles Paklinski dans la mer Adriatique. Il se trouve \u00e0 13\u00a0minutes \u00e0 pied de la cath\u00e9drale de Hvar et \u00e0 15\u00a0minutes de marche du terminal de ferry de Hvar.<\/span><\/p><p><span style=\"font-weight: 400;\">Les chambres modernes disposent d&#039;un acc\u00e8s Wi-Fi gratuit, d&#039;une t\u00e9l\u00e9vision \u00e0 \u00e9cran plat, d&#039;un coffre-fort et d&#039;un mini-frigo. Les chambres de cat\u00e9gorie sup\u00e9rieure poss\u00e8dent un balcon, certains avec vue sur la mer. Les suites \u00e0 1 et 2\u00a0chambres disposent d&#039;une salle de s\u00e9jour s\u00e9par\u00e9e. Un service d&#039;\u00e9tage est disponible.<\/span><\/p><p>\u00a0<\/p>\t\t\t\t\t\t<\/div>\n\t\t\t\t<\/div>\n\t\t\t\t\t<\/div>\n\t\t<\/div>\n\t\t\t\t<div class=\"elementor-column elementor-col-50 elementor-top-column elementor-element elementor-element-2026403\" data-id=\"2026403\" data-element_type=\"column\">\n\t\t\t<div class=\"elementor-widget-wrap elementor-element-populated\">\n\t\t\t\t\t\t\t\t<div class=\"elementor-element elementor-element-d22b580 elementor-widget elementor-widget-image\" data-id=\"d22b580\" data-element_type=\"widget\" data-widget_type=\"image.default\">\n\t\t\t\t<div class=\"elementor-widget-container\">\n\t\t\t<style>\/*! elementor - v3.6.6 - 08-06-2022 *\/\n.elementor-widget-image{text-align:center}.elementor-widget-image a{display:inline-block}.elementor-widget-image a img[src$=\".svg\"]{width:48px}.elementor-widget-image img{vertical-align:middle;display:inline-block}<\/style>\t\t\t\t\t\t\t\t\t\t\t\t<img loading=\"lazy\" decoding=\"async\" width=\"2560\" height=\"1438\" src=\"https:\/\/dalmatia-express.com\/wp-content\/uploads\/2022\/04\/Plaza-hotel-Amfora-2-scaled.jpg\" class=\"attachment-full size-full\" alt=\"H\u00f4tel Amfora, Ville de Hvar, Croatie\" srcset=\"https:\/\/dalmatia-express.com\/wp-content\/uploads\/2022\/04\/Plaza-hotel-Amfora-2-scaled.jpg 2560w, https:\/\/dalmatia-express.com\/wp-content\/uploads\/2022\/04\/Plaza-hotel-Amfora-2-300x168.jpg 300w, https:\/\/dalmatia-express.com\/wp-content\/uploads\/2022\/04\/Plaza-hotel-Amfora-2-1024x575.jpg 1024w, https:\/\/dalmatia-express.com\/wp-content\/uploads\/2022\/04\/Plaza-hotel-Amfora-2-768x431.jpg 768w, https:\/\/dalmatia-express.com\/wp-content\/uploads\/2022\/04\/Plaza-hotel-Amfora-2-1536x863.jpg 1536w, https:\/\/dalmatia-express.com\/wp-content\/uploads\/2022\/04\/Plaza-hotel-Amfora-2-2048x1150.jpg 2048w, https:\/\/dalmatia-express.com\/wp-content\/uploads\/2022\/04\/Plaza-hotel-Amfora-2-340x190.jpg 340w\" sizes=\"auto, (max-width: 2560px) 100vw, 2560px\" \/>\t\t\t\t\t\t\t\t\t\t\t\t\t\t\t<\/div>\n\t\t\t\t<\/div>\n\t\t\t\t<div class=\"elementor-element elementor-element-2ca84f8 elementor-widget elementor-widget-text-editor\" data-id=\"2ca84f8\" data-element_type=\"widget\" data-widget_type=\"text-editor.default\">\n\t\t\t\t<div class=\"elementor-widget-container\">\n\t\t\t\t\t\t\t<p><span style=\"font-weight: 400;\">Le petit-d\u00e9jeuner est gratuit, tout comme le parking. Les 5\u00a0bars et restaurants comprennent un restaurant raffin\u00e9 avec vue sur la mer et un restaurant au bord d&#039;une piscine ext\u00e9rieure avec un bar aquatique. Il y a aussi une salle de sport sur le toit et un club de plage de 1927 avec restaurant et bar.<\/span><\/p><p><span style=\"font-weight: 400;\">Les h\u00e9bergements vont des chambres et suites d\u00e9contract\u00e9es aux penthouses branch\u00e9s.\u00a0<\/span><\/p>\t\t\t\t\t\t<\/div>\n\t\t\t\t<\/div>\n\t\t\t\t\t<\/div>\n\t\t<\/div>\n\t\t\t\t\t\t\t<\/div>\n\t\t<\/section>\n\t\t\t\t<section class=\"elementor-section elementor-top-section elementor-element elementor-element-944f55b elementor-section-stretched elementor-section-boxed elementor-section-height-default elementor-section-height-default\" data-id=\"944f55b\" data-element_type=\"section\" data-settings=\"{&quot;background_background&quot;:&quot;classic&quot;,&quot;stretch_section&quot;:&quot;section-stretched&quot;}\">\n\t\t\t\t\t\t<div class=\"elementor-container elementor-column-gap-no\">\n\t\t\t\t\t<div class=\"elementor-column elementor-col-100 elementor-top-column elementor-element elementor-element-be14494\" data-id=\"be14494\" data-element_type=\"column\">\n\t\t\t<div class=\"elementor-widget-wrap elementor-element-populated\">\n\t\t\t\t\t\t\t\t<div class=\"elementor-element elementor-element-bae2bd2 elementor-widget elementor-widget-heading\" data-id=\"bae2bd2\" data-element_type=\"widget\" data-widget_type=\"heading.default\">\n\t\t\t\t<div class=\"elementor-widget-container\">\n\t\t\t<h3 class=\"elementor-heading-title elementor-size-xl\">R\u00e9servez votre transfert en bateau-taxi \u00e0 l&#039;h\u00f4tel Amfora, Hvar!<\/h3>\t\t<\/div>\n\t\t\t\t<\/div>\n\t\t\t\t<div class=\"elementor-element elementor-element-d67cbfa elementor-align-left elementor-widget elementor-widget-button\" data-id=\"d67cbfa\" data-element_type=\"widget\" data-widget_type=\"button.default\">\n\t\t\t\t<div class=\"elementor-widget-container\">\n\t\t\t\t\t<div class=\"elementor-button-wrapper\">\n\t\t\t<a href=\"https:\/\/dalmatia-express.com\/fr\/contact\/\" class=\"elementor-button-link elementor-button elementor-size-md\" role=\"button\">\n\t\t\t\t\t\t<span class=\"elementor-button-content-wrapper\">\n\t\t\t\t\t\t<span class=\"elementor-button-text\">Cliquez ici pour <strong>R\u00e9serve<\/span>\n\t\t<\/span>\n\t\t\t\t\t<\/a>\n\t\t<\/div>\n\t\t\t\t<\/div>\n\t\t\t\t<\/div>\n\t\t\t\t\t<\/div>\n\t\t<\/div>\n\t\t\t\t\t\t\t<\/div>\n\t\t<\/section>\n\t\t\t\t<section class=\"elementor-section elementor-top-section elementor-element elementor-element-5ed444a elementor-section-boxed elementor-section-height-default elementor-section-height-default\" data-id=\"5ed444a\" data-element_type=\"section\">\n\t\t\t\t\t\t<div class=\"elementor-container elementor-column-gap-default\">\n\t\t\t\t\t<div class=\"elementor-column elementor-col-100 elementor-top-column elementor-element elementor-element-9f44bf5\" data-id=\"9f44bf5\" data-element_type=\"column\">\n\t\t\t<div class=\"elementor-widget-wrap elementor-element-populated\">\n\t\t\t\t\t\t\t\t<div class=\"elementor-element elementor-element-5dc89b3 elementor-widget elementor-widget-heading\" data-id=\"5dc89b3\" data-element_type=\"widget\" data-widget_type=\"heading.default\">\n\t\t\t\t<div class=\"elementor-widget-container\">\n\t\t\t<h2 class=\"elementor-heading-title elementor-size-xl\">H\u00f4tel Amofra Galerie<\/h2>\t\t<\/div>\n\t\t\t\t<\/div>\n\t\t\t\t\t<\/div>\n\t\t<\/div>\n\t\t\t\t\t\t\t<\/div>\n\t\t<\/section>\n\t\t\t\t<section class=\"elementor-section elementor-top-section elementor-element elementor-element-41c5363 elementor-section-full_width elementor-section-stretched elementor-section-height-default elementor-section-height-default\" data-id=\"41c5363\" data-element_type=\"section\" data-settings=\"{&quot;stretch_section&quot;:&quot;section-stretched&quot;}\">\n\t\t\t\t\t\t<div class=\"elementor-container elementor-column-gap-no\">\n\t\t\t\t\t<div class=\"elementor-column elementor-col-100 elementor-top-column elementor-element elementor-element-a421bb9\" data-id=\"a421bb9\" data-element_type=\"column\">\n\t\t\t<div class=\"elementor-widget-wrap elementor-element-populated\">\n\t\t\t\t\t\t\t\t<div class=\"elementor-element elementor-element-868e9d5 elementor-widget elementor-widget-image-carousel\" data-id=\"868e9d5\" data-element_type=\"widget\" data-settings=\"{&quot;navigation&quot;:&quot;none&quot;,&quot;autoplay&quot;:&quot;yes&quot;,&quot;pause_on_hover&quot;:&quot;yes&quot;,&quot;pause_on_interaction&quot;:&quot;yes&quot;,&quot;autoplay_speed&quot;:5000,&quot;infinite&quot;:&quot;yes&quot;,&quot;speed&quot;:500}\" data-widget_type=\"image-carousel.default\">\n\t\t\t\t<div class=\"elementor-widget-container\">\n\t\t\t<style>\/*! elementor - v3.6.6 - 08-06-2022 *\/\n.elementor-widget-image-carousel .swiper-container{position:static}.elementor-widget-image-carousel .swiper-container .swiper-slide figure{line-height:inherit}.elementor-widget-image-carousel .swiper-slide{text-align:center}.elementor-image-carousel-wrapper:not(.swiper-container-initialized) .swiper-slide{max-width:calc(100% \/ var(--e-image-carousel-slides-to-show, 3))}<\/style>\t\t<div class=\"elementor-image-carousel-wrapper swiper-container\" dir=\"ltr\">\n\t\t\t<div class=\"elementor-image-carousel swiper-wrapper\">\n\t\t\t\t\t\t\t\t<div class=\"swiper-slide\"><a data-elementor-open-lightbox=\"yes\" data-elementor-lightbox-slideshow=\"868e9d5\" data-elementor-lightbox-title=\"Hotel Amfora, Hvar Town, Croatia\" e-action-hash=\"#elementor-action%3Aaction%3Dlightbox%26settings%3DeyJpZCI6MzU5NywidXJsIjoiaHR0cHM6XC9cL2RhbG1hdGlhLWV4cHJlc3MuY29tXC93cC1jb250ZW50XC91cGxvYWRzXC8yMDIyXC8wNFwvMjU5NDYwNzQuanBnIiwic2xpZGVzaG93IjoiODY4ZTlkNSJ9\" href=\"https:\/\/dalmatia-express.com\/wp-content\/uploads\/2022\/04\/25946074.jpg\"><figure class=\"swiper-slide-inner\"><img decoding=\"async\" class=\"swiper-slide-image\" src=\"https:\/\/dalmatia-express.com\/wp-content\/uploads\/2022\/04\/25946074.jpg\" alt=\"H\u00f4tel Amfora, Ville de Hvar, Croatie\" \/><\/figure><\/a><\/div><div class=\"swiper-slide\"><a data-elementor-open-lightbox=\"yes\" data-elementor-lightbox-slideshow=\"868e9d5\" data-elementor-lightbox-title=\"Hotel Amfora, Hvar Town, Croatia\" e-action-hash=\"#elementor-action%3Aaction%3Dlightbox%26settings%3DeyJpZCI6MzU5OCwidXJsIjoiaHR0cHM6XC9cL2RhbG1hdGlhLWV4cHJlc3MuY29tXC93cC1jb250ZW50XC91cGxvYWRzXC8yMDIyXC8wNFwvYW1mb3JhX2pwZzEzLmpwZyIsInNsaWRlc2hvdyI6Ijg2OGU5ZDUifQ%3D%3D\" href=\"https:\/\/dalmatia-express.com\/wp-content\/uploads\/2022\/04\/amfora_jpg13.jpg\"><figure class=\"swiper-slide-inner\"><img decoding=\"async\" class=\"swiper-slide-image\" src=\"https:\/\/dalmatia-express.com\/wp-content\/uploads\/2022\/04\/amfora_jpg13.jpg\" alt=\"H\u00f4tel Amfora, Ville de Hvar, Croatie\" \/><\/figure><\/a><\/div><div class=\"swiper-slide\"><a data-elementor-open-lightbox=\"yes\" data-elementor-lightbox-slideshow=\"868e9d5\" data-elementor-lightbox-title=\"Hotel Amfora, Hvar Town, Croatia\" e-action-hash=\"#elementor-action%3Aaction%3Dlightbox%26settings%3DeyJpZCI6MzU5OSwidXJsIjoiaHR0cHM6XC9cL2RhbG1hdGlhLWV4cHJlc3MuY29tXC93cC1jb250ZW50XC91cGxvYWRzXC8yMDIyXC8wNFwvYW1mb3JhX2t1cGFvbmFfMS4wMDAwXy1fY29weV8wLmpwZyIsInNsaWRlc2hvdyI6Ijg2OGU5ZDUifQ%3D%3D\" href=\"https:\/\/dalmatia-express.com\/wp-content\/uploads\/2022\/04\/amfora_kupaona_1.0000_-_copy_0.jpg\"><figure class=\"swiper-slide-inner\"><img decoding=\"async\" class=\"swiper-slide-image\" src=\"https:\/\/dalmatia-express.com\/wp-content\/uploads\/2022\/04\/amfora_kupaona_1.0000_-_copy_0.jpg\" alt=\"H\u00f4tel Amfora, Ville de Hvar, Croatie\" \/><\/figure><\/a><\/div><div class=\"swiper-slide\"><a data-elementor-open-lightbox=\"yes\" data-elementor-lightbox-slideshow=\"868e9d5\" data-elementor-lightbox-title=\"Hotel Amfora, Hvar Town, Croatia\" e-action-hash=\"#elementor-action%3Aaction%3Dlightbox%26settings%3DeyJpZCI6MzYwMCwidXJsIjoiaHR0cHM6XC9cL2RhbG1hdGlhLWV4cHJlc3MuY29tXC93cC1jb250ZW50XC91cGxvYWRzXC8yMDIyXC8wNFwvYW1mb3JhLWh2YXItZ3JhbmQtYmVhY2guanBnIiwic2xpZGVzaG93IjoiODY4ZTlkNSJ9\" href=\"https:\/\/dalmatia-express.com\/wp-content\/uploads\/2022\/04\/amfora-hvar-grand-beach.jpg\"><figure class=\"swiper-slide-inner\"><img decoding=\"async\" class=\"swiper-slide-image\" src=\"https:\/\/dalmatia-express.com\/wp-content\/uploads\/2022\/04\/amfora-hvar-grand-beach.jpg\" alt=\"H\u00f4tel Amfora, Ville de Hvar, Croatie\" \/><\/figure><\/a><\/div><div class=\"swiper-slide\"><a data-elementor-open-lightbox=\"yes\" data-elementor-lightbox-slideshow=\"868e9d5\" data-elementor-lightbox-title=\"Hotel Amfora, Hvar Town, Croatia\" e-action-hash=\"#elementor-action%3Aaction%3Dlightbox%26settings%3DeyJpZCI6MzYwMSwidXJsIjoiaHR0cHM6XC9cL2RhbG1hdGlhLWV4cHJlc3MuY29tXC93cC1jb250ZW50XC91cGxvYWRzXC8yMDIyXC8wNFwvQW1mb3JhLUh2YXItR3JhbmQtQmVhY2gtUmVzb3J0LWJhci5qcGciLCJzbGlkZXNob3ciOiI4NjhlOWQ1In0%3D\" href=\"https:\/\/dalmatia-express.com\/wp-content\/uploads\/2022\/04\/Amfora-Hvar-Grand-Beach-Resort-bar.jpg\"><figure class=\"swiper-slide-inner\"><img decoding=\"async\" class=\"swiper-slide-image\" src=\"https:\/\/dalmatia-express.com\/wp-content\/uploads\/2022\/04\/Amfora-Hvar-Grand-Beach-Resort-bar.jpg\" alt=\"H\u00f4tel Amfora, Ville de Hvar, Croatie\" \/><\/figure><\/a><\/div><div class=\"swiper-slide\"><a data-elementor-open-lightbox=\"yes\" data-elementor-lightbox-slideshow=\"868e9d5\" data-elementor-lightbox-title=\"Hotel Amfora, Hvar Town, Croatia\" e-action-hash=\"#elementor-action%3Aaction%3Dlightbox%26settings%3DeyJpZCI6MzYwMiwidXJsIjoiaHR0cHM6XC9cL2RhbG1hdGlhLWV4cHJlc3MuY29tXC93cC1jb250ZW50XC91cGxvYWRzXC8yMDIyXC8wNFwvUGxhemEtaG90ZWwtQW1mb3JhLTItc2NhbGVkLmpwZyIsInNsaWRlc2hvdyI6Ijg2OGU5ZDUifQ%3D%3D\" href=\"https:\/\/dalmatia-express.com\/wp-content\/uploads\/2022\/04\/Plaza-hotel-Amfora-2-scaled.jpg\"><figure class=\"swiper-slide-inner\"><img decoding=\"async\" class=\"swiper-slide-image\" src=\"https:\/\/dalmatia-express.com\/wp-content\/uploads\/2022\/04\/Plaza-hotel-Amfora-2-scaled.jpg\" alt=\"H\u00f4tel Amfora, Ville de Hvar, Croatie\" \/><\/figure><\/a><\/div>\t\t\t<\/div>\n\t\t\t\t\t\t\t\t\t\t\t\t\t\t\t\t<\/div>\n\t\t\t\t<\/div>\n\t\t\t\t<\/div>\n\t\t\t\t\t<\/div>\n\t\t<\/div>\n\t\t\t\t\t\t\t<\/div>\n\t\t<\/section>\n\t\t\t\t\t\t\t<\/div>","protected":false},"excerpt":{"rendered":"<p>H\u00f4tel Amfora \u2013 Ville de Hvar Note Google \ue933\ue933\ue933\ue933\ue933 4,3\/5 Adresse\u00a0: Ul. Biskupa Jurja Dubokovica 5 Code postal\u00a0: 21450 Complexe h\u00f4telier haut de gamme avec restaurant, vue sur la mer, club de plage et piscine ext\u00e9rieure avec bar immerg\u00e9. Ouvert en saison, ce complexe h\u00f4telier haut de gamme et contemporain, situ\u00e9 sur une plage, surplombe les \u00eeles Paklinski, dans la mer Adriatique. [\u2026]<\/p>","protected":false},"author":1,"featured_media":0,"parent":2748,"menu_order":0,"comment_status":"closed","ping_status":"closed","template":"elementor_theme","meta":{"footnotes":""},"class_list":["post-3595","page","type-page","status-publish","hentry"],"_links":{"self":[{"href":"https:\/\/dalmatia-express.com\/fr\/wp-json\/wp\/v2\/pages\/3595","targetHints":{"allow":["GET"]}}],"collection":[{"href":"https:\/\/dalmatia-express.com\/fr\/wp-json\/wp\/v2\/pages"}],"about":[{"href":"https:\/\/dalmatia-express.com\/fr\/wp-json\/wp\/v2\/types\/page"}],"author":[{"embeddable":true,"href":"https:\/\/dalmatia-express.com\/fr\/wp-json\/wp\/v2\/users\/1"}],"replies":[{"embeddable":true,"href":"https:\/\/dalmatia-express.com\/fr\/wp-json\/wp\/v2\/comments?post=3595"}],"version-history":[{"count":0,"href":"https:\/\/dalmatia-express.com\/fr\/wp-json\/wp\/v2\/pages\/3595\/revisions"}],"up":[{"embeddable":true,"href":"https:\/\/dalmatia-express.com\/fr\/wp-json\/wp\/v2\/pages\/2748"}],"wp:attachment":[{"href":"https:\/\/dalmatia-express.com\/fr\/wp-json\/wp\/v2\/media?parent=3595"}],"curies":[{"name":"wp","href":"https:\/\/api.w.org\/{rel}","templated":true}]}}