{"id":510,"date":"2020-08-08T20:55:32","date_gmt":"2020-08-08T20:55:32","guid":{"rendered":"http:\/\/el.commonsupport.com\/newwp\/lanong\/?page_id=510"},"modified":"2022-05-02T16:07:52","modified_gmt":"2022-05-02T16:07:52","slug":"great-white-49","status":"publish","type":"page","link":"https:\/\/dalmatia-express.com\/fr\/our-fleet\/great-white-49\/","title":{"rendered":"Grand blanc 49"},"content":{"rendered":"<div data-elementor-type=\"wp-page\" data-elementor-id=\"510\" class=\"elementor elementor-510\">\n\t\t\t\t\t\t\t\t\t<section class=\"elementor-section elementor-top-section elementor-element elementor-element-7e52b4b elementor-section-full_width elementor-section-height-default elementor-section-height-default\" data-id=\"7e52b4b\" data-element_type=\"section\">\n\t\t\t\t\t\t<div class=\"elementor-container elementor-column-gap-default\">\n\t\t\t\t\t<div class=\"elementor-column elementor-col-100 elementor-top-column elementor-element elementor-element-ff0f0fb\" data-id=\"ff0f0fb\" data-element_type=\"column\">\n\t\t\t<div class=\"elementor-widget-wrap elementor-element-populated\">\n\t\t\t\t\t\t\t\t<div class=\"elementor-element elementor-element-46d5cf8 elementor-widget elementor-widget-lanong_yacht_single\" data-id=\"46d5cf8\" data-element_type=\"widget\" data-widget_type=\"lanong_yacht_single.default\">\n\t\t\t\t<div class=\"elementor-widget-container\">\n\t\t\t        \r\n        <!--yacht Details Section-->\r\n        <section class=\"yacht-details\">\r\n            <div class=\"auto-container\">\r\n                <div class=\"main-image-box\">\r\n                    <figure class=\"image\">\r\n                        <img decoding=\"async\" src=\"https:\/\/dalmatia-express.com\/wp-content\/uploads\/2022\/04\/gw49.webp\" alt=\"Image g\u00e9niale\">\r\n                    <\/figure>\r\n                    <div class=\"caption-box\">\r\n                        <h2>Grand blanc 49<\/h2>\r\n                        <div class=\"info\">Le plus long bateau pneumatique semi-rigide (RIB) fabriqu\u00e9 en Croatie<\/div>\r\n                    <\/div>\r\n                <\/div>\r\n                <div class=\"basic-info clearfix\">\r\n                                                        <\/div>\r\n        \r\n                <div class=\"row clearfix\">\r\n                    <div class=\"content-column col-xl-7 col-lg-6 col-md-12 cl-sm-12\">\r\n                        <div class=\"inner\">\r\n                            <div class=\"text-block\">\r\n                                <h4>\u00c0 propos de Great White 49<\/h4>\r\n                                <p>Great White 49 a \u00e9t\u00e9 cr\u00e9\u00e9 pour la s\u00e9curit\u00e9 et le confort ultimes de nos clients, m\u00eame sur les mers les plus agit\u00e9es. Nous sommes fiers de vous proposer le bateau pneumatique le plus rapide qu&#039;un fabricant croate ait jamais fabriqu\u00e9, capable de traverser des eaux agit\u00e9es \u00e0 grande vitesse.<\/p>\r\n                                <h4>INSTALLATIONS \u00c0 BORD<\/h4>\r\n                                <p>Votre s\u00e9curit\u00e9 et votre confort sont notre priorit\u00e9 num\u00e9ro un.<\/p>\r\n                            <\/div>\r\n        \r\n                            <div class=\"scroller-box\">\r\n                                <div class=\"scroller\">\r\n                                                                        <div class=\"feature\">\r\n                                        <div class=\"feature-inner\">\r\n                                            <div class=\"icon\"><i class=\"flaticon flaticon-house\"><\/i><\/div>\r\n                                            <h5>Cabine<\/h5>\r\n                                            <div class=\"text\">Assurer la s\u00e9curit\u00e9 des invit\u00e9s et de leurs bagages contre l&#039;eau de mer<\/div>\r\n                                        <\/div>\r\n                                    <\/div>\r\n        \t\t\t\t\t\t\t                                    <div class=\"feature\">\r\n                                        <div class=\"feature-inner\">\r\n                                            <div class=\"icon\"><i class=\"far fa-sun\"><\/i><\/div>\r\n                                            <h5>Terrasse ext\u00e9rieure<\/h5>\r\n                                            <div class=\"text\">Prenez un peu de soleil et admirez la beaut\u00e9 de la c\u00f4te dalmate<\/div>\r\n                                        <\/div>\r\n                                    <\/div>\r\n        \t\t\t\t\t\t\t                                    <div class=\"feature\">\r\n                                        <div class=\"feature-inner\">\r\n                                            <div class=\"icon\"><i class=\"fas fa-chair\"><\/i><\/div>\r\n                                            <h5>Si\u00e8ges d&#039;amortisseur de luxe<\/h5>\r\n                                            <div class=\"text\">Vous ne sentirez pas les vagues m\u00eame sur une mer agit\u00e9e.<\/div>\r\n                                        <\/div>\r\n                                    <\/div>\r\n        \t\t\t\t\t\t\t                                    <div class=\"feature\">\r\n                                        <div class=\"feature-inner\">\r\n                                            <div class=\"icon\"><i class=\"flaticon flaticon-shield\"><\/i><\/div>\r\n                                            <h5>Radar Raymarine, traceur gps, vhf<\/h5>\r\n                                            <div class=\"text\">M\u00eame lors de nos courts trajets, nous utilisons tous les \u00e9quipements de s\u00e9curit\u00e9 disponibles<\/div>\r\n                                        <\/div>\r\n                                    <\/div>\r\n        \t\t\t\t\t\t\t                                    <div class=\"feature\">\r\n                                        <div class=\"feature-inner\">\r\n                                            <div class=\"icon\"><i class=\"far fa-life-ring\"><\/i><\/div>\r\n                                            <h5>\u00c9quipement de s\u00e9curit\u00e9<\/h5>\r\n                                            <div class=\"text\">L&#039;\u00e9quipement de s\u00e9curit\u00e9 est toujours disponible pour tous les invit\u00e9s et l&#039;\u00e9quipage <\/div>\r\n                                        <\/div>\r\n                                    <\/div>\r\n        \t\t\t\t\t\t\t                                    <div class=\"feature\">\r\n                                        <div class=\"feature-inner\">\r\n                                            <div class=\"icon\"><i class=\"fas fa-toilet\"><\/i><\/div>\r\n                                            <h5>Installations sanitaires<\/h5>\r\n                                            <div class=\"text\">Si vous \u00eates press\u00e9, nous avons ce qu&#039;il vous faut<\/div>\r\n                                        <\/div>\r\n                                    <\/div>\r\n        \t\t\t\t\t\t\t                                    <div class=\"feature\">\r\n                                        <div class=\"feature-inner\">\r\n                                            <div class=\"icon\"><i class=\"fas fa-wind\"><\/i><\/div>\r\n                                            <h5>Climatisation<\/h5>\r\n                                            <div class=\"text\">Asseyez-vous et d\u00e9tendez-vous pourquoi la chaleur estivale dispara\u00eet<\/div>\r\n                                        <\/div>\r\n                                    <\/div>\r\n        \t\t\t\t\t\t\t                                    <div class=\"feature\">\r\n                                        <div class=\"feature-inner\">\r\n                                            <div class=\"icon\"><i class=\"far fa-snowflake\"><\/i><\/div>\r\n                                            <h5>Grand Frigo<\/h5>\r\n                                            <div class=\"text\">Gardez vos boissons et aliments au frais<\/div>\r\n                                        <\/div>\r\n                                    <\/div>\r\n        \t\t\t\t\t\t\t                                    <div class=\"feature\">\r\n                                        <div class=\"feature-inner\">\r\n                                            <div class=\"icon\"><i class=\"fas fa-music\"><\/i><\/div>\r\n                                            <h5>Syst\u00e8me audio Hi-Fi<\/h5>\r\n                                            <div class=\"text\">Quel genre de vaisseau n&#039;a pas d&#039;audio\u00a0?<\/div>\r\n                                        <\/div>\r\n                                    <\/div>\r\n        \t\t\t\t\t\t\t                                    <div class=\"feature\">\r\n                                        <div class=\"feature-inner\">\r\n                                            <div class=\"icon\"><i class=\"flaticon flaticon-people\"><\/i><\/div>\r\n                                            <h5>Skipper et \u00e9quipage toujours \u00e0 bord<\/h5>\r\n                                            <div class=\"text\">Nos navires ne quitteront jamais le port sans un \u00e9quipage comp\u00e9tent<\/div>\r\n                                        <\/div>\r\n                                    <\/div>\r\n        \t\t\t\t\t\t\t                                <\/div>\r\n                            <\/div>\r\n        \r\n                        <\/div>\r\n                    <\/div>\r\n        \r\n                    <div class=\"specs-column col-xl-5 col-lg-6 col-md-12 cl-sm-12\">\r\n                        <div class=\"inner\">\r\n                            <div class=\"title-box clearfix\">\r\n                                <h4>SP\u00c9CIFICATION<\/h4>\r\n                                <div class=\"options clearfix\">\r\n                                                                                                        <\/div>\r\n                            <\/div>\r\n                            <div class=\"features-list\">\r\n                                <ul>\r\n                                                                        \t                                        <li class=\"clearfix\"><span class=\"ttl\">Type de navire<\/span><span class=\"dtl\">Bateau gonflable rigide<\/span><\/li>\r\n                                    \t\t\t\t\t\t\t\t\t\t                                    \t                                        <li class=\"clearfix\"><span class=\"ttl\">MOTEURS<\/span><span class=\"dtl\">2 X Cummins QSB 6.7 550 CV \/ total 1100 CV<\/span><\/li>\r\n                                    \t\t\t\t\t\t\t\t\t\t                                    \t                                        <li class=\"clearfix\"><span class=\"ttl\">JET<\/span><span class=\"dtl\">2 X Jet Hamilton 292\n\n<\/span><\/li>\r\n                                    \t\t\t\t\t\t\t\t\t\t                                    \t                                        <li class=\"clearfix\"><span class=\"ttl\">VITESSE MAXIMALE<\/span><span class=\"dtl\">40 n\u0153uds<\/span><\/li>\r\n                                    \t\t\t\t\t\t\t\t\t\t                                    \t                                        <li class=\"clearfix\"><span class=\"ttl\">Vitesse de croisi\u00e8re<\/span><span class=\"dtl\">30 n\u0153uds<\/span><\/li>\r\n                                    \t\t\t\t\t\t\t\t\t\t                                    \t                                        <li class=\"clearfix\"><span class=\"ttl\">CONSTRUCTEUR<\/span><span class=\"dtl\">Blizanac doo \/ Dalmatie Express<\/span><\/li>\r\n                                    \t\t\t\t\t\t\t\t\t\t                                    \t                                        <li class=\"clearfix\"><span class=\"ttl\">ANNEE DE CONSTRUCTION<\/span><span class=\"dtl\">2019<\/span><\/li>\r\n                                    \t\t\t\t\t\t\t\t\t\t                                    \t                                        <li class=\"clearfix\"><span class=\"ttl\">Longueur du bateau<\/span><span class=\"dtl\">15 m\u00e8tres<\/span><\/li>\r\n                                    \t\t\t\t\t\t\t\t\t\t                                <\/ul>\r\n                            <\/div>\r\n                        <\/div>\r\n                    <\/div>\r\n        \r\n                <\/div>\r\n        \r\n            <\/div>\r\n        <\/section>\r\n        \r\n        \t\t<\/div>\n\t\t\t\t<\/div>\n\t\t\t\t\t<\/div>\n\t\t<\/div>\n\t\t\t\t\t\t\t<\/div>\n\t\t<\/section>\n\t\t\t\t<section class=\"elementor-section elementor-top-section elementor-element elementor-element-8ed01a3 elementor-section-full_width elementor-section-height-default elementor-section-height-default\" data-id=\"8ed01a3\" data-element_type=\"section\">\n\t\t\t\t\t\t<div class=\"elementor-container elementor-column-gap-no\">\n\t\t\t\t\t<div class=\"elementor-column elementor-col-100 elementor-top-column elementor-element elementor-element-16546b8\" data-id=\"16546b8\" data-element_type=\"column\">\n\t\t\t<div class=\"elementor-widget-wrap elementor-element-populated\">\n\t\t\t\t\t\t\t\t<div class=\"elementor-element elementor-element-3a58902 elementor-widget elementor-widget-lanong_tk_gallery\" data-id=\"3a58902\" data-element_type=\"widget\" data-widget_type=\"lanong_tk_gallery.default\">\n\t\t\t\t<div class=\"elementor-widget-container\">\n\t\t\t        \r\n        <section class=\"yacht-featured-images\">\r\n            <div class=\"images-container\">\r\n                <div class=\"outer-box clearfix\">\r\n                    <!--Featured Image Block-->\r\n                                        <div class=\"yacht-featured-image\">\r\n                        <div class=\"inner-box\">\r\n                            <div class=\"image-layer\" style=\"background-image: url(https:\/\/dalmatia-express.com\/wp-content\/uploads\/2022\/04\/Top20View.jpeg.webp);\"><\/div>\r\n                            <div class=\"image-box\">\r\n                                <figure class=\"image\">\r\n                                    <a href=\"\"><img decoding=\"async\" src=\"https:\/\/dalmatia-express.com\/wp-content\/uploads\/2022\/04\/Top20View.jpeg.webp\" alt=\"Image g\u00e9niale\"><\/a>\r\n                                <\/figure>\r\n                            <\/div>\r\n                            <div class=\"hover-box\">\r\n                                <div class=\"hover-inner\">\r\n                                    <h3><a href=\"\">Vue de dessus<\/a><\/h3>\r\n                                <\/div>\r\n                            <\/div>\r\n                        <\/div>\r\n                    <\/div>\r\n        \t\t\t                    <div class=\"yacht-featured-image\">\r\n                        <div class=\"inner-box\">\r\n                            <div class=\"image-layer\" style=\"background-image: url(https:\/\/dalmatia-express.com\/wp-content\/uploads\/2022\/04\/In20Action203.webp);\"><\/div>\r\n                            <div class=\"image-box\">\r\n                                <figure class=\"image\">\r\n                                    <a href=\"\"><img decoding=\"async\" src=\"https:\/\/dalmatia-express.com\/wp-content\/uploads\/2022\/04\/In20Action203.webp\" alt=\"Image g\u00e9niale\"><\/a>\r\n                                <\/figure>\r\n                            <\/div>\r\n                            <div class=\"hover-box\">\r\n                                <div class=\"hover-inner\">\r\n                                    <h3><a href=\"\">En action<\/a><\/h3>\r\n                                <\/div>\r\n                            <\/div>\r\n                        <\/div>\r\n                    <\/div>\r\n        \t\t\t                    <div class=\"yacht-featured-image\">\r\n                        <div class=\"inner-box\">\r\n                            <div class=\"image-layer\" style=\"background-image: url(https:\/\/dalmatia-express.com\/wp-content\/uploads\/2022\/04\/In20Action.jpeg.webp);\"><\/div>\r\n                            <div class=\"image-box\">\r\n                                <figure class=\"image\">\r\n                                    <a href=\"\"><img decoding=\"async\" src=\"https:\/\/dalmatia-express.com\/wp-content\/uploads\/2022\/04\/In20Action.jpeg.webp\" alt=\"Image g\u00e9niale\"><\/a>\r\n                                <\/figure>\r\n                            <\/div>\r\n                            <div class=\"hover-box\">\r\n                                <div class=\"hover-inner\">\r\n                                    <h3><a href=\"\">En action<\/a><\/h3>\r\n                                <\/div>\r\n                            <\/div>\r\n                        <\/div>\r\n                    <\/div>\r\n        \t\t\t                    <div class=\"yacht-featured-image\">\r\n                        <div class=\"inner-box\">\r\n                            <div class=\"image-layer\" style=\"background-image: url(https:\/\/dalmatia-express.com\/wp-content\/uploads\/2022\/04\/In20Action202.webp);\"><\/div>\r\n                            <div class=\"image-box\">\r\n                                <figure class=\"image\">\r\n                                    <a href=\"\"><img decoding=\"async\" src=\"https:\/\/dalmatia-express.com\/wp-content\/uploads\/2022\/04\/In20Action202.webp\" alt=\"Image g\u00e9niale\"><\/a>\r\n                                <\/figure>\r\n                            <\/div>\r\n                            <div class=\"hover-box\">\r\n                                <div class=\"hover-inner\">\r\n                                    <h3><a href=\"\">En action<\/a><\/h3>\r\n                                <\/div>\r\n                            <\/div>\r\n                        <\/div>\r\n                    <\/div>\r\n        \t\t\t                    <div class=\"yacht-featured-image\">\r\n                        <div class=\"inner-box\">\r\n                            <div class=\"image-layer\" style=\"background-image: url(https:\/\/dalmatia-express.com\/wp-content\/uploads\/2022\/04\/Static.webp);\"><\/div>\r\n                            <div class=\"image-box\">\r\n                                <figure class=\"image\">\r\n                                    <a href=\"\"><img decoding=\"async\" src=\"https:\/\/dalmatia-express.com\/wp-content\/uploads\/2022\/04\/Static.webp\" alt=\"Image g\u00e9niale\"><\/a>\r\n                                <\/figure>\r\n                            <\/div>\r\n                            <div class=\"hover-box\">\r\n                                <div class=\"hover-inner\">\r\n                                    <h3><a href=\"\">Statique<\/a><\/h3>\r\n                                <\/div>\r\n                            <\/div>\r\n                        <\/div>\r\n                    <\/div>\r\n        \t\t\t                <\/div>\r\n            <\/div>\r\n        <\/section>\r\n            \r\n\t\t\t\t<\/div>\n\t\t\t\t<\/div>\n\t\t\t\t<div class=\"elementor-element elementor-element-c90db88 elementor-widget elementor-widget-lanong_tk_gallery\" data-id=\"c90db88\" data-element_type=\"widget\" data-widget_type=\"lanong_tk_gallery.default\">\n\t\t\t\t<div class=\"elementor-widget-container\">\n\t\t\t        \r\n        <section class=\"yacht-featured-images\">\r\n            <div class=\"images-container\">\r\n                <div class=\"outer-box clearfix\">\r\n                    <!--Featured Image Block-->\r\n                                        <div class=\"yacht-featured-image\">\r\n                        <div class=\"inner-box\">\r\n                            <div class=\"image-layer\" style=\"background-image: url(https:\/\/dalmatia-express.com\/wp-content\/uploads\/2022\/04\/Luxury20Shock20Absorber20Seats.webp);\"><\/div>\r\n                            <div class=\"image-box\">\r\n                                <figure class=\"image\">\r\n                                    <a href=\"\"><img decoding=\"async\" src=\"https:\/\/dalmatia-express.com\/wp-content\/uploads\/2022\/04\/Luxury20Shock20Absorber20Seats.webp\" alt=\"Image g\u00e9niale\"><\/a>\r\n                                <\/figure>\r\n                            <\/div>\r\n                            <div class=\"hover-box\">\r\n                                <div class=\"hover-inner\">\r\n                                    <h3><a href=\"\">Si\u00e8ges d&#039;amortisseur de luxe<\/a><\/h3>\r\n                                <\/div>\r\n                            <\/div>\r\n                        <\/div>\r\n                    <\/div>\r\n        \t\t\t                    <div class=\"yacht-featured-image\">\r\n                        <div class=\"inner-box\">\r\n                            <div class=\"image-layer\" style=\"background-image: url(https:\/\/dalmatia-express.com\/wp-content\/uploads\/2022\/04\/Luxury-scaled.webp);\"><\/div>\r\n                            <div class=\"image-box\">\r\n                                <figure class=\"image\">\r\n                                    <a href=\"\"><img decoding=\"async\" src=\"https:\/\/dalmatia-express.com\/wp-content\/uploads\/2022\/04\/Luxury-scaled.webp\" alt=\"Image g\u00e9niale\"><\/a>\r\n                                <\/figure>\r\n                            <\/div>\r\n                            <div class=\"hover-box\">\r\n                                <div class=\"hover-inner\">\r\n                                    <h3><a href=\"\">Service de luxe<\/a><\/h3>\r\n                                <\/div>\r\n                            <\/div>\r\n                        <\/div>\r\n                    <\/div>\r\n        \t\t\t                    <div class=\"yacht-featured-image\">\r\n                        <div class=\"inner-box\">\r\n                            <div class=\"image-layer\" style=\"background-image: url(https:\/\/dalmatia-express.com\/wp-content\/uploads\/2022\/04\/Safety20Equipment-scaled.webp);\"><\/div>\r\n                            <div class=\"image-box\">\r\n                                <figure class=\"image\">\r\n                                    <a href=\"\"><img decoding=\"async\" src=\"https:\/\/dalmatia-express.com\/wp-content\/uploads\/2022\/04\/Safety20Equipment-scaled.webp\" alt=\"Image g\u00e9niale\"><\/a>\r\n                                <\/figure>\r\n                            <\/div>\r\n                            <div class=\"hover-box\">\r\n                                <div class=\"hover-inner\">\r\n                                    <h3><a href=\"\">Les proc\u00e9dures de s\u00e9curit\u00e9<\/a><\/h3>\r\n                                <\/div>\r\n                            <\/div>\r\n                        <\/div>\r\n                    <\/div>\r\n        \t\t\t                    <div class=\"yacht-featured-image\">\r\n                        <div class=\"inner-box\">\r\n                            <div class=\"image-layer\" style=\"background-image: url(https:\/\/dalmatia-express.com\/wp-content\/uploads\/2022\/04\/Outdoor20Deck.jpeg.webp);\"><\/div>\r\n                            <div class=\"image-box\">\r\n                                <figure class=\"image\">\r\n                                    <a href=\"\"><img decoding=\"async\" src=\"https:\/\/dalmatia-express.com\/wp-content\/uploads\/2022\/04\/Outdoor20Deck.jpeg.webp\" alt=\"Image g\u00e9niale\"><\/a>\r\n                                <\/figure>\r\n                            <\/div>\r\n                            <div class=\"hover-box\">\r\n                                <div class=\"hover-inner\">\r\n                                    <h3><a href=\"\">Terrasse ext\u00e9rieure<\/a><\/h3>\r\n                                <\/div>\r\n                            <\/div>\r\n                        <\/div>\r\n                    <\/div>\r\n        \t\t\t                    <div class=\"yacht-featured-image\">\r\n                        <div class=\"inner-box\">\r\n                            <div class=\"image-layer\" style=\"background-image: url(https:\/\/dalmatia-express.com\/wp-content\/uploads\/2022\/04\/Outdoor20Deck202.jpeg.webp);\"><\/div>\r\n                            <div class=\"image-box\">\r\n                                <figure class=\"image\">\r\n                                    <a href=\"\"><img decoding=\"async\" src=\"https:\/\/dalmatia-express.com\/wp-content\/uploads\/2022\/04\/Outdoor20Deck202.jpeg.webp\" alt=\"Image g\u00e9niale\"><\/a>\r\n                                <\/figure>\r\n                            <\/div>\r\n                            <div class=\"hover-box\">\r\n                                <div class=\"hover-inner\">\r\n                                    <h3><a href=\"\">Terrasse ext\u00e9rieure<\/a><\/h3>\r\n                                <\/div>\r\n                            <\/div>\r\n                        <\/div>\r\n                    <\/div>\r\n        \t\t\t                <\/div>\r\n            <\/div>\r\n        <\/section>\r\n            \r\n\t\t\t\t<\/div>\n\t\t\t\t<\/div>\n\t\t\t\t\t<\/div>\n\t\t<\/div>\n\t\t\t\t\t\t\t<\/div>\n\t\t<\/section>\n\t\t\t\t\t\t\t<\/div>","protected":false},"excerpt":{"rendered":"<p>Great White 49 Le plus long bateau pneumatique semi-rigide (RIB) fabriqu\u00e9 en Croatie \u00c0 propos du Great White 49 Le Great White 49 a \u00e9t\u00e9 cr\u00e9\u00e9 pour la s\u00e9curit\u00e9 et le confort ultimes de nos passagers, m\u00eame sur mer agit\u00e9e. Nous sommes fiers de vous proposer le plus long bateau pneumatique rapide jamais construit par un fabricant croate, capable de traverser des mers agit\u00e9es [\u2026]<\/p>","protected":false},"author":1,"featured_media":0,"parent":986,"menu_order":0,"comment_status":"closed","ping_status":"closed","template":"elementor_header_footer","meta":{"footnotes":""},"class_list":["post-510","page","type-page","status-publish","hentry"],"_links":{"self":[{"href":"https:\/\/dalmatia-express.com\/fr\/wp-json\/wp\/v2\/pages\/510","targetHints":{"allow":["GET"]}}],"collection":[{"href":"https:\/\/dalmatia-express.com\/fr\/wp-json\/wp\/v2\/pages"}],"about":[{"href":"https:\/\/dalmatia-express.com\/fr\/wp-json\/wp\/v2\/types\/page"}],"author":[{"embeddable":true,"href":"https:\/\/dalmatia-express.com\/fr\/wp-json\/wp\/v2\/users\/1"}],"replies":[{"embeddable":true,"href":"https:\/\/dalmatia-express.com\/fr\/wp-json\/wp\/v2\/comments?post=510"}],"version-history":[{"count":0,"href":"https:\/\/dalmatia-express.com\/fr\/wp-json\/wp\/v2\/pages\/510\/revisions"}],"up":[{"embeddable":true,"href":"https:\/\/dalmatia-express.com\/fr\/wp-json\/wp\/v2\/pages\/986"}],"wp:attachment":[{"href":"https:\/\/dalmatia-express.com\/fr\/wp-json\/wp\/v2\/media?parent=510"}],"curies":[{"name":"wp","href":"https:\/\/api.w.org\/{rel}","templated":true}]}}