{"id":109,"date":"2020-02-17T07:52:06","date_gmt":"2020-02-17T07:52:06","guid":{"rendered":"http:\/\/el.commonsupport.com\/newwp\/lanong\/?page_id=109"},"modified":"2022-05-02T13:36:19","modified_gmt":"2022-05-02T13:36:19","slug":"about","status":"publish","type":"page","link":"https:\/\/dalmatia-express.com\/hr\/about\/","title":{"rendered":"O nama"},"content":{"rendered":"<div data-elementor-type=\"wp-page\" data-elementor-id=\"109\" class=\"elementor elementor-109\">\n\t\t\t\t\t\t\t\t\t<section class=\"elementor-section elementor-top-section elementor-element elementor-element-0ef4b47 elementor-section-full_width elementor-section-height-default elementor-section-height-default\" data-id=\"0ef4b47\" data-element_type=\"section\">\n\t\t\t\t\t\t<div class=\"elementor-container elementor-column-gap-no\">\n\t\t\t\t\t<div class=\"elementor-column elementor-col-100 elementor-top-column elementor-element elementor-element-fac0e6e\" data-id=\"fac0e6e\" data-element_type=\"column\">\n\t\t\t<div class=\"elementor-widget-wrap elementor-element-populated\">\n\t\t\t\t\t\t\t\t<div class=\"elementor-element elementor-element-db9ca0d elementor-widget elementor-widget-heading\" data-id=\"db9ca0d\" data-element_type=\"widget\" data-widget_type=\"heading.default\">\n\t\t\t\t<div class=\"elementor-widget-container\">\n\t\t\t<style>\/*! elementor - v3.6.6 - 08-06-2022 *\/\n.elementor-heading-title{padding:0;margin:0;line-height:1}.elementor-widget-heading .elementor-heading-title[class*=elementor-size-]>a{color:inherit;font-size:inherit;line-height:inherit}.elementor-widget-heading .elementor-heading-title.elementor-size-small{font-size:15px}.elementor-widget-heading .elementor-heading-title.elementor-size-medium{font-size:19px}.elementor-widget-heading .elementor-heading-title.elementor-size-large{font-size:29px}.elementor-widget-heading .elementor-heading-title.elementor-size-xl{font-size:39px}.elementor-widget-heading .elementor-heading-title.elementor-size-xxl{font-size:59px}<\/style><h5 class=\"elementor-heading-title elementor-size-medium\">Na\u0161a pri\u010da<\/h5>\t\t<\/div>\n\t\t\t\t<\/div>\n\t\t\t\t<div class=\"elementor-element elementor-element-7922bf1 elementor-widget elementor-widget-heading\" data-id=\"7922bf1\" data-element_type=\"widget\" data-widget_type=\"heading.default\">\n\t\t\t\t<div class=\"elementor-widget-container\">\n\t\t\t<h1 class=\"elementor-heading-title elementor-size-default\">Dobrodo\u0161li u <strong>Dalmacija Express<\/strong><\/h1>\t\t<\/div>\n\t\t\t\t<\/div>\n\t\t\t\t<div class=\"elementor-element elementor-element-d54d254 elementor-widget elementor-widget-spacer\" data-id=\"d54d254\" data-element_type=\"widget\" data-widget_type=\"spacer.default\">\n\t\t\t\t<div class=\"elementor-widget-container\">\n\t\t\t<style>\/*! elementor - v3.6.6 - 08-06-2022 *\/\n.e-container.e-container--row .elementor-spacer-inner{width:var(--spacer-size)}.e-container.e-container--column .elementor-spacer-inner,.elementor-column .elementor-spacer-inner{height:var(--spacer-size)}<\/style>\t\t<div class=\"elementor-spacer\">\n\t\t\t<div class=\"elementor-spacer-inner\"><\/div>\n\t\t<\/div>\n\t\t\t\t<\/div>\n\t\t\t\t<\/div>\n\t\t\t\t\t<\/div>\n\t\t<\/div>\n\t\t\t\t\t\t\t<\/div>\n\t\t<\/section>\n\t\t\t\t<section class=\"elementor-section elementor-top-section elementor-element elementor-element-226929f elementor-section-boxed elementor-section-height-default elementor-section-height-default\" data-id=\"226929f\" data-element_type=\"section\">\n\t\t\t\t\t\t<div class=\"elementor-container elementor-column-gap-default\">\n\t\t\t\t\t<div class=\"elementor-column elementor-col-50 elementor-top-column elementor-element elementor-element-d12be71\" data-id=\"d12be71\" data-element_type=\"column\">\n\t\t\t<div class=\"elementor-widget-wrap elementor-element-populated\">\n\t\t\t\t\t\t\t\t<div class=\"elementor-element elementor-element-f077419 elementor-widget elementor-widget-text-editor\" data-id=\"f077419\" data-element_type=\"widget\" data-widget_type=\"text-editor.default\">\n\t\t\t\t<div class=\"elementor-widget-container\">\n\t\t\t<style>\/*! elementor - v3.6.6 - 08-06-2022 *\/\n.elementor-widget-text-editor.elementor-drop-cap-view-stacked .elementor-drop-cap{background-color:#818a91;color:#fff}.elementor-widget-text-editor.elementor-drop-cap-view-framed .elementor-drop-cap{color:#818a91;border:3px solid;background-color:transparent}.elementor-widget-text-editor:not(.elementor-drop-cap-view-default) .elementor-drop-cap{margin-top:8px}.elementor-widget-text-editor:not(.elementor-drop-cap-view-default) .elementor-drop-cap-letter{width:1em;height:1em}.elementor-widget-text-editor .elementor-drop-cap{float:left;text-align:center;line-height:1;font-size:50px}.elementor-widget-text-editor .elementor-drop-cap-letter{display:inline-block}<\/style>\t\t\t\t<p>Kao zaljubljenik u more (diplomirao na Fakultetu ekologije i biologije mora), odlu\u010dio sam ljubav prema brodovima i hidrodinamici pretvoriti u dje\u010da\u010dki san i kupio sam svoj prvi gliser kojim sam mogao prevoziti putnike.<\/p><p>Prvi sam po\u010deo nuditi privatne vodene transfere povezuju\u0107i goste sa srednjodalmatinskim otocima.<\/p><p>Kada sam saznao svog prijatelja i sudionika svjetskih olimpijskih natjecanja u jedrenju, legendu hrvatskog jedrenja, <a href=\"https:\/\/en.wikipedia.org\/wiki\/Mate_Arapov\" target=\"_blank\" rel=\"noopener\">Mato Arapova<\/a>, gradi brodove Odlu\u010dio sam kupiti njegov proizvod Lolivul 5.9 s Hondom 90 KS.<\/p><p>Nakon prve ljetne sezone nagovorio sam Matu da mi napravi ve\u0107i brod, \u0161to je on i u\u010dinio. Lolivul 9 m. sa Yamahom 350 KS.<\/p>\t\t\t\t\t\t<\/div>\n\t\t\t\t<\/div>\n\t\t\t\t<div class=\"elementor-element elementor-element-c9d5d76 elementor-widget elementor-widget-image\" data-id=\"c9d5d76\" data-element_type=\"widget\" data-widget_type=\"image.default\">\n\t\t\t\t<div class=\"elementor-widget-container\">\n\t\t\t<style>\/*! elementor - v3.6.6 - 08-06-2022 *\/\n.elementor-widget-image{text-align:center}.elementor-widget-image a{display:inline-block}.elementor-widget-image a img[src$=\".svg\"]{width:48px}.elementor-widget-image img{vertical-align:middle;display:inline-block}<\/style>\t\t\t\t\t\t\t\t\t\t\t\t<img loading=\"lazy\" decoding=\"async\" width=\"525\" height=\"214\" src=\"https:\/\/dalmatia-express.com\/wp-content\/uploads\/2022\/04\/0f7bde2c-e75b-4f48-ae19-f5d54da2b3f0-e1651008516154-1024x417.jpg\" class=\"attachment-large size-large\" alt=\"\" srcset=\"https:\/\/dalmatia-express.com\/wp-content\/uploads\/2022\/04\/0f7bde2c-e75b-4f48-ae19-f5d54da2b3f0-e1651008516154-1024x417.jpg 1024w, https:\/\/dalmatia-express.com\/wp-content\/uploads\/2022\/04\/0f7bde2c-e75b-4f48-ae19-f5d54da2b3f0-e1651008516154-300x122.jpg 300w, https:\/\/dalmatia-express.com\/wp-content\/uploads\/2022\/04\/0f7bde2c-e75b-4f48-ae19-f5d54da2b3f0-e1651008516154-768x313.jpg 768w, https:\/\/dalmatia-express.com\/wp-content\/uploads\/2022\/04\/0f7bde2c-e75b-4f48-ae19-f5d54da2b3f0-e1651008516154.jpg 1494w\" sizes=\"auto, (max-width: 525px) 100vw, 525px\" \/>\t\t\t\t\t\t\t\t\t\t\t\t\t\t\t<\/div>\n\t\t\t\t<\/div>\n\t\t\t\t<div class=\"elementor-element elementor-element-1a78b55 elementor-widget elementor-widget-text-editor\" data-id=\"1a78b55\" data-element_type=\"widget\" data-widget_type=\"text-editor.default\">\n\t\t\t\t<div class=\"elementor-widget-container\">\n\t\t\t\t\t\t\t<p>Nakon toga sam htio jo\u0161 ve\u0107i gliser od 12 metara i ponovno sam poku\u0161ao nagovoriti Matu. On je odgovorio sa:<\/p><p><b>\u201cNe, napravi to sam, a ja \u0107u ti pomo\u0107i. Znate \u0161to \u017eelite, kakav vam brod treba.\u201d<\/b><\/p><p>Izgradnja vlastitog \u010damca \u010dinila mi se prete\u0161kom pa sam po\u010deo tra\u017eiti \u010damac za kupnju u inozemstvu.<\/p><p>Znao sam kakav brod \u017eelim: profesionalan, luksuzan, brz, izvrsnih voznih karakteristika na moru i izuzetne sigurnosti.<\/p><p>Nakon duge potrage nijedan proizvod nije odgovarao mojim kriterijima jer je svaka tvrtka napravila neke kompromise nau\u0161trb neke druge zna\u010dajke.<\/p><p>Zbog toga sam odlu\u010dio izgraditi vlastiti gliser koji bi imao sve karakteristike koje \u017eelim bez ikakvih kompromisa.<\/p>\t\t\t\t\t\t<\/div>\n\t\t\t\t<\/div>\n\t\t\t\t\t<\/div>\n\t\t<\/div>\n\t\t\t\t<div class=\"elementor-column elementor-col-50 elementor-top-column elementor-element elementor-element-a2f1daa\" data-id=\"a2f1daa\" data-element_type=\"column\">\n\t\t\t<div class=\"elementor-widget-wrap elementor-element-populated\">\n\t\t\t\t\t\t\t\t<div class=\"elementor-element elementor-element-5bb1c53 elementor-widget elementor-widget-image\" data-id=\"5bb1c53\" data-element_type=\"widget\" data-widget_type=\"image.default\">\n\t\t\t\t<div class=\"elementor-widget-container\">\n\t\t\t\t\t\t\t\t\t\t\t\t\t\t\t<img loading=\"lazy\" decoding=\"async\" width=\"1502\" height=\"2003\" src=\"https:\/\/dalmatia-express.com\/wp-content\/uploads\/2022\/04\/IMG_3807.jpg\" class=\"attachment-full size-full\" alt=\"\" srcset=\"https:\/\/dalmatia-express.com\/wp-content\/uploads\/2022\/04\/IMG_3807.jpg 1502w, https:\/\/dalmatia-express.com\/wp-content\/uploads\/2022\/04\/IMG_3807-225x300.jpg 225w, https:\/\/dalmatia-express.com\/wp-content\/uploads\/2022\/04\/IMG_3807-768x1024.jpg 768w, https:\/\/dalmatia-express.com\/wp-content\/uploads\/2022\/04\/IMG_3807-1152x1536.jpg 1152w\" sizes=\"auto, (max-width: 1502px) 100vw, 1502px\" \/>\t\t\t\t\t\t\t\t\t\t\t\t\t\t\t<\/div>\n\t\t\t\t<\/div>\n\t\t\t\t<div class=\"elementor-element elementor-element-7ce81e8 elementor-widget elementor-widget-text-editor\" data-id=\"7ce81e8\" data-element_type=\"widget\" id=\"aboutimg\" data-widget_type=\"text-editor.default\">\n\t\t\t\t<div class=\"elementor-widget-container\">\n\t\t\t\t\t\t\t<p>Brend sam nazvao Great White jer je bez kompromisa i konkurencije u moru.<\/p><p>Mate me upoznaje s genijem \u2013 in\u017eenjerom brodogradnje, gospodinom Ivani\u0161evi\u0107em. Rekao sam gospodinu Ivani\u0161evi\u0107u:<\/p><p><b>&quot;Moramo napraviti brod koji mo\u017ee ploviti sigurno kada nitko drugi ne mo\u017ee.&quot;<\/b><\/p><p><span data-preserver-spaces=\"true\">Napravili smo brodove koji mogu ploviti u svim vremenskim uvjetima, prakti\u010dki nepotopive, brodove jedinstvenog vizualnog identiteta i persone.<\/span><\/p><p><strong><span data-preserver-spaces=\"true\">Drugi kopiraju mi.<\/span><\/strong><\/p><p>napisao Jo\u0161ko Petri\u0107 (osniva\u010d i direktor Dalmacija Expressa)<\/p>\t\t\t\t\t\t<\/div>\n\t\t\t\t<\/div>\n\t\t\t\t\t<\/div>\n\t\t<\/div>\n\t\t\t\t\t\t\t<\/div>\n\t\t<\/section>\n\t\t\t\t<section class=\"elementor-section elementor-top-section elementor-element elementor-element-e3a32cf elementor-section-full_width elementor-section-height-default elementor-section-height-default\" data-id=\"e3a32cf\" data-element_type=\"section\">\n\t\t\t\t\t\t<div class=\"elementor-container elementor-column-gap-no\">\n\t\t\t\t\t<div class=\"elementor-column elementor-col-100 elementor-top-column elementor-element elementor-element-19940f7\" data-id=\"19940f7\" data-element_type=\"column\">\n\t\t\t<div class=\"elementor-widget-wrap elementor-element-populated\">\n\t\t\t\t\t\t\t\t<div class=\"elementor-element elementor-element-38a15f8 elementor-widget elementor-widget-lanong_about_us_2\" data-id=\"38a15f8\" data-element_type=\"widget\" data-widget_type=\"lanong_about_us_2.default\">\n\t\t\t\t<div class=\"elementor-widget-container\">\n\t\t\t        \r\n        <!--Welcome Section-->\r\n        <section class=\"welcome-section\">\r\n            <div class=\"auto-container\">\r\n                <div class=\"title-box wow fadeInUp\" data-wow-delay=\"0ms\" data-wow-duration=\"1500ms\">\r\n                    <h4><\/h4>\r\n                    <h2><\/h2>\r\n                    <div class=\"text\"><\/div>\r\n                <\/div>\r\n                <div class=\"image-box wow fadeInUp\" data-wow-delay=\"0ms\" data-wow-duration=\"1500ms\">\r\n                    <img decoding=\"async\" src=\"\" alt=\"Sjajna slika\">\r\n                <\/div>\r\n    \r\n                <div class=\"event-carousel-box\">\r\n                    <div class=\"event-carousel owl-theme owl-carousel\">\r\n                                                <!--Event Block-->\r\n                        <div class=\"event-block\">\r\n                            <div class=\"inner\">\r\n                                <div class=\"date\"><\/div>\r\n                                <h4><a href=\"\">Po\u010detak<\/a><\/h4>\r\n                                <div class=\"text\">Zavr\u0161avam fakultet i osnivam tvrtku Blizanac doo koja nosi brend Dalmacija Express.<\/div>\r\n                                <div class=\"year\">2009<\/div>\r\n                            <\/div>\r\n                        <\/div>\r\n                                                <!--Event Block-->\r\n                        <div class=\"event-block\">\r\n                            <div class=\"inner\">\r\n                                <div class=\"date\"><\/div>\r\n                                <h4><a href=\"https:\/\/dalmatia-express.com\/hr\/our-fleet\/great-white-39\/\">Gradimo prvi Great White<\/a><\/h4>\r\n                                <div class=\"text\">Izgradili smo Great White 39, 12-metarski brod s najve\u0107om brzinom od 50 \u010dvorova.\n<\/div>\r\n                                <div class=\"year\">2014<\/div>\r\n                            <\/div>\r\n                        <\/div>\r\n                                                <!--Event Block-->\r\n                        <div class=\"event-block\">\r\n                            <div class=\"inner\">\r\n                                <div class=\"date\"><\/div>\r\n                                <h4><a href=\"https:\/\/dalmatia-express.com\/hr\/our-fleet\/great-white-35\/\">Gradimo drugi brod<\/a><\/h4>\r\n                                <div class=\"text\">Ro\u0111enje Great White 35 manjeg broda s velikom manevarskom sposobno\u0161\u0107u.<\/div>\r\n                                <div class=\"year\">2017<\/div>\r\n                            <\/div>\r\n                        <\/div>\r\n                                                <!--Event Block-->\r\n                        <div class=\"event-block\">\r\n                            <div class=\"inner\">\r\n                                <div class=\"date\"><\/div>\r\n                                <h4><a href=\"https:\/\/dalmatia-express.com\/hr\/our-fleet\/great-white-49\/\">Kralj mora<\/a><\/h4>\r\n                                <div class=\"text\">Gradimo Great White 49 - najve\u0107i gumenjak proizveden u Republici Hrvatskoj.<\/div>\r\n                                <div class=\"year\">2019<\/div>\r\n                            <\/div>\r\n                        <\/div>\r\n                                            <\/div>\r\n                <\/div>\r\n            <\/div>\r\n        <\/section>\r\n           \r\n\t\t\t\t<\/div>\n\t\t\t\t<\/div>\n\t\t\t\t<div class=\"elementor-element elementor-element-5746170 elementor-widget elementor-widget-heading\" data-id=\"5746170\" data-element_type=\"widget\" data-widget_type=\"heading.default\">\n\t\t\t\t<div class=\"elementor-widget-container\">\n\t\t\t<h2 class=\"elementor-heading-title elementor-size-default\">Na\u0161e jamstvo kvalitete<\/h2>\t\t<\/div>\n\t\t\t\t<\/div>\n\t\t\t\t<div class=\"elementor-element elementor-element-77be444 elementor-widget elementor-widget-spacer\" data-id=\"77be444\" data-element_type=\"widget\" data-widget_type=\"spacer.default\">\n\t\t\t\t<div class=\"elementor-widget-container\">\n\t\t\t\t\t<div class=\"elementor-spacer\">\n\t\t\t<div class=\"elementor-spacer-inner\"><\/div>\n\t\t<\/div>\n\t\t\t\t<\/div>\n\t\t\t\t<\/div>\n\t\t\t\t\t<\/div>\n\t\t<\/div>\n\t\t\t\t\t\t\t<\/div>\n\t\t<\/section>\n\t\t\t\t<section class=\"elementor-section elementor-top-section elementor-element elementor-element-418d5c3 elementor-section-full_width elementor-section-stretched no-link-box elementor-section-height-default elementor-section-height-default\" data-id=\"418d5c3\" data-element_type=\"section\" data-settings=\"{&quot;stretch_section&quot;:&quot;section-stretched&quot;}\">\n\t\t\t\t\t\t<div class=\"elementor-container elementor-column-gap-no\">\n\t\t\t\t\t<div class=\"elementor-column elementor-col-100 elementor-top-column elementor-element elementor-element-1bd7508\" data-id=\"1bd7508\" data-element_type=\"column\">\n\t\t\t<div class=\"elementor-widget-wrap elementor-element-populated\">\n\t\t\t\t\t\t\t\t<div class=\"elementor-element elementor-element-4db29a2 elementor-widget elementor-widget-lanong_features_services\" data-id=\"4db29a2\" data-element_type=\"widget\" data-widget_type=\"lanong_features_services.default\">\n\t\t\t\t<div class=\"elementor-widget-container\">\n\t\t\t\t\t\t\r\n            <!--Features Section-->\r\n            <section class=\"features-section\">\r\n                <div class=\"auto-container\">\r\n                    <div class=\"row clearfix\">\r\n                                                <!--Feature-->\r\n                        <div class=\"feature-block col-lg-4 col-md-6 col-sm-12\">\r\n                            <div class=\"inner-box\">\r\n                                <div class=\"icon-box\">\r\n                                    <div class=\"octagonWrap\">\r\n                                        <div class=\"octagon\"><\/div>\r\n                                    <\/div>\r\n                                    <span class=\"icon fa fa-wind\"><\/span>\r\n                                <\/div>\r\n                                <div class=\"content\">\r\n                                    <h4>Brzo<\/h4>\r\n                                    <div class=\"text\">Na\u0161a usluga omogu\u0107it \u0107e vam u\u0161tedu puno vremena na putovanju i pove\u0107anje vremena u\u017eivanja. Ipak ste na odmoru!<\/div>\r\n                                    <div class=\"link-box\">\r\n                                        <a href=\"\" class=\"default-link\">\r\n                                            <span class=\"icon flaticon-logout\"><\/span> <span class=\"link-text\">Vi\u0161e o surfanju<\/span>\r\n                                        <\/a>\r\n                                    <\/div>\r\n                                <\/div>\r\n                            <\/div>\r\n                        <\/div>\r\n                                                <!--Feature-->\r\n                        <div class=\"feature-block col-lg-4 col-md-6 col-sm-12\">\r\n                            <div class=\"inner-box\">\r\n                                <div class=\"icon-box\">\r\n                                    <div class=\"octagonWrap\">\r\n                                        <div class=\"octagon\"><\/div>\r\n                                    <\/div>\r\n                                    <span class=\"icon fa fa-shield-alt\"><\/span>\r\n                                <\/div>\r\n                                <div class=\"content\">\r\n                                    <h4>Sef<\/h4>\r\n                                    <div class=\"text\">Predani smo va\u0161oj sigurnosti. Svoja plovila opremamo najnovijom sigurnosnom opremom, a na\u0161a iskusna, profesionalna posada obu\u010dena je za rje\u0161avanje svake situacije.<\/div>\r\n                                    <div class=\"link-box\">\r\n                                        <a href=\"\" class=\"default-link\">\r\n                                            <span class=\"icon flaticon-logout\"><\/span> <span class=\"link-text\">Vi\u0161e o surfanju<\/span>\r\n                                        <\/a>\r\n                                    <\/div>\r\n                                <\/div>\r\n                            <\/div>\r\n                        <\/div>\r\n                                                <!--Feature-->\r\n                        <div class=\"feature-block col-lg-4 col-md-6 col-sm-12\">\r\n                            <div class=\"inner-box\">\r\n                                <div class=\"icon-box\">\r\n                                    <div class=\"octagonWrap\">\r\n                                        <div class=\"octagon\"><\/div>\r\n                                    <\/div>\r\n                                    <span class=\"icon fa fa-crown\"><\/span>\r\n                                <\/div>\r\n                                <div class=\"content\">\r\n                                    <h4>Vrhunski<\/h4>\r\n                                    <div class=\"text\">Osmislili smo na\u0161u uslugu kako bismo vam pru\u017eili najbolje mogu\u0107e iskustvo. To uklju\u010duje bez prskanja, udobna sjedala, klima ure\u0111aj i naravno hladna pi\u0107a.<\/div>\r\n                                    <div class=\"link-box\">\r\n                                        <a href=\"\" class=\"default-link\">\r\n                                            <span class=\"icon flaticon-logout\"><\/span> <span class=\"link-text\">Vi\u0161e o surfanju<\/span>\r\n                                        <\/a>\r\n                                    <\/div>\r\n                                <\/div>\r\n                            <\/div>\r\n                        <\/div>\r\n                                            <\/div>\r\n                <\/div>\r\n            <\/section>\r\n            \r\n        \t\t<\/div>\n\t\t\t\t<\/div>\n\t\t\t\t<div class=\"elementor-element elementor-element-b6ff041 elementor-hidden-mobile elementor-widget elementor-widget-spacer\" data-id=\"b6ff041\" data-element_type=\"widget\" data-widget_type=\"spacer.default\">\n\t\t\t\t<div class=\"elementor-widget-container\">\n\t\t\t\t\t<div class=\"elementor-spacer\">\n\t\t\t<div class=\"elementor-spacer-inner\"><\/div>\n\t\t<\/div>\n\t\t\t\t<\/div>\n\t\t\t\t<\/div>\n\t\t\t\t\t<\/div>\n\t\t<\/div>\n\t\t\t\t\t\t\t<\/div>\n\t\t<\/section>\n\t\t\t\t\t\t\t<\/div>","protected":false},"excerpt":{"rendered":"<p>Na\u0161a pri\u010da Dobrodo\u0161li u Dalmatia Express Kao zaljubljenik u more (diplomirao na Fakultetu ekologije i biologije mora), odlu\u010dio sam svoju ljubav prema brodovima i hidrodinamici pretvoriti u dje\u010da\u010dki san te sam kupio svoj prvi gliser kojim sam mogao prevoziti putnike. Ja sam prvi [\u2026]<\/p>","protected":false},"author":1,"featured_media":0,"parent":0,"menu_order":0,"comment_status":"closed","ping_status":"closed","template":"elementor_header_footer","meta":{"footnotes":""},"class_list":["post-109","page","type-page","status-publish","hentry"],"_links":{"self":[{"href":"https:\/\/dalmatia-express.com\/hr\/wp-json\/wp\/v2\/pages\/109","targetHints":{"allow":["GET"]}}],"collection":[{"href":"https:\/\/dalmatia-express.com\/hr\/wp-json\/wp\/v2\/pages"}],"about":[{"href":"https:\/\/dalmatia-express.com\/hr\/wp-json\/wp\/v2\/types\/page"}],"author":[{"embeddable":true,"href":"https:\/\/dalmatia-express.com\/hr\/wp-json\/wp\/v2\/users\/1"}],"replies":[{"embeddable":true,"href":"https:\/\/dalmatia-express.com\/hr\/wp-json\/wp\/v2\/comments?post=109"}],"version-history":[{"count":0,"href":"https:\/\/dalmatia-express.com\/hr\/wp-json\/wp\/v2\/pages\/109\/revisions"}],"wp:attachment":[{"href":"https:\/\/dalmatia-express.com\/hr\/wp-json\/wp\/v2\/media?parent=109"}],"curies":[{"name":"wp","href":"https:\/\/api.w.org\/{rel}","templated":true}]}}