{"id":510,"date":"2020-08-08T20:55:32","date_gmt":"2020-08-08T20:55:32","guid":{"rendered":"http:\/\/el.commonsupport.com\/newwp\/lanong\/?page_id=510"},"modified":"2022-05-02T16:07:52","modified_gmt":"2022-05-02T16:07:52","slug":"great-white-49","status":"publish","type":"page","link":"https:\/\/dalmatia-express.com\/hr\/our-fleet\/great-white-49\/","title":{"rendered":"Velika bijela 49"},"content":{"rendered":"<div data-elementor-type=\"wp-page\" data-elementor-id=\"510\" class=\"elementor elementor-510\">\n\t\t\t\t\t\t\t\t\t<section class=\"elementor-section elementor-top-section elementor-element elementor-element-7e52b4b elementor-section-full_width elementor-section-height-default elementor-section-height-default\" data-id=\"7e52b4b\" data-element_type=\"section\">\n\t\t\t\t\t\t<div class=\"elementor-container elementor-column-gap-default\">\n\t\t\t\t\t<div class=\"elementor-column elementor-col-100 elementor-top-column elementor-element elementor-element-ff0f0fb\" data-id=\"ff0f0fb\" data-element_type=\"column\">\n\t\t\t<div class=\"elementor-widget-wrap elementor-element-populated\">\n\t\t\t\t\t\t\t\t<div class=\"elementor-element elementor-element-46d5cf8 elementor-widget elementor-widget-lanong_yacht_single\" data-id=\"46d5cf8\" data-element_type=\"widget\" data-widget_type=\"lanong_yacht_single.default\">\n\t\t\t\t<div class=\"elementor-widget-container\">\n\t\t\t        \r\n        <!--yacht Details Section-->\r\n        <section class=\"yacht-details\">\r\n            <div class=\"auto-container\">\r\n                <div class=\"main-image-box\">\r\n                    <figure class=\"image\">\r\n                        <img decoding=\"async\" src=\"https:\/\/dalmatia-express.com\/wp-content\/uploads\/2022\/04\/gw49.webp\" alt=\"Sjajna slika\">\r\n                    <\/figure>\r\n                    <div class=\"caption-box\">\r\n                        <h2>Velika bijela 49<\/h2>\r\n                        <div class=\"info\">Najdu\u017ei kruti gumenjak (RIB) proizveden u Hrvatskoj<\/div>\r\n                    <\/div>\r\n                <\/div>\r\n                <div class=\"basic-info clearfix\">\r\n                                                        <\/div>\r\n        \r\n                <div class=\"row clearfix\">\r\n                    <div class=\"content-column col-xl-7 col-lg-6 col-md-12 cl-sm-12\">\r\n                        <div class=\"inner\">\r\n                            <div class=\"text-block\">\r\n                                <h4>O Velikoj bijeloj 49<\/h4>\r\n                                <p>Great White 49 stvoren je za vrhunsku sigurnost i udobnost na\u0161ih gostiju, \u010dak i na najburnijem moru. Ponosni smo \u0161to vam mo\u017eemo ponuditi najdu\u017ei brzi gumenjak koji je hrvatski proizvo\u0111a\u010d ikada napravio, sposoban prolaziti kroz nemirne vode pri velikim brzinama.<\/p>\r\n                                <h4>SADR\u017dAJI NA BRODU<\/h4>\r\n                                <p>Va\u0161a sigurnost i udobnost na\u0161 su prioritet broj jedan.<\/p>\r\n                            <\/div>\r\n        \r\n                            <div class=\"scroller-box\">\r\n                                <div class=\"scroller\">\r\n                                                                        <div class=\"feature\">\r\n                                        <div class=\"feature-inner\">\r\n                                            <div class=\"icon\"><i class=\"flaticon flaticon-house\"><\/i><\/div>\r\n                                            <h5>Kabina<\/h5>\r\n                                            <div class=\"text\">Osigurati sigurnost gostiju i njihove prtljage od morske vode<\/div>\r\n                                        <\/div>\r\n                                    <\/div>\r\n        \t\t\t\t\t\t\t                                    <div class=\"feature\">\r\n                                        <div class=\"feature-inner\">\r\n                                            <div class=\"icon\"><i class=\"far fa-sun\"><\/i><\/div>\r\n                                            <h5>Vanjska paluba<\/h5>\r\n                                            <div class=\"text\">Uhvatite malo sunca i pogledajte ljepote dalmatinske obale<\/div>\r\n                                        <\/div>\r\n                                    <\/div>\r\n        \t\t\t\t\t\t\t                                    <div class=\"feature\">\r\n                                        <div class=\"feature-inner\">\r\n                                            <div class=\"icon\"><i class=\"fas fa-chair\"><\/i><\/div>\r\n                                            <h5>Luksuzna sjedala s amortizerima<\/h5>\r\n                                            <div class=\"text\">Ni na nemirnom moru ne\u0107ete osjetiti valove.<\/div>\r\n                                        <\/div>\r\n                                    <\/div>\r\n        \t\t\t\t\t\t\t                                    <div class=\"feature\">\r\n                                        <div class=\"feature-inner\">\r\n                                            <div class=\"icon\"><i class=\"flaticon flaticon-shield\"><\/i><\/div>\r\n                                            <h5>Raymarine radar, gps ploter, vhf<\/h5>\r\n                                            <div class=\"text\">\u010cak i na na\u0161im kratkim putovanjima koristimo svu raspolo\u017eivu sigurnosnu opremu<\/div>\r\n                                        <\/div>\r\n                                    <\/div>\r\n        \t\t\t\t\t\t\t                                    <div class=\"feature\">\r\n                                        <div class=\"feature-inner\">\r\n                                            <div class=\"icon\"><i class=\"far fa-life-ring\"><\/i><\/div>\r\n                                            <h5>Sigurnosna oprema<\/h5>\r\n                                            <div class=\"text\">Sigurnosna oprema uvijek je dostupna svim gostima i posadi <\/div>\r\n                                        <\/div>\r\n                                    <\/div>\r\n        \t\t\t\t\t\t\t                                    <div class=\"feature\">\r\n                                        <div class=\"feature-inner\">\r\n                                            <div class=\"icon\"><i class=\"fas fa-toilet\"><\/i><\/div>\r\n                                            <h5>Toaletni sadr\u017eaji<\/h5>\r\n                                            <div class=\"text\">Ako ste u \u017eurbi, mi \u0107emo vas pokriti<\/div>\r\n                                        <\/div>\r\n                                    <\/div>\r\n        \t\t\t\t\t\t\t                                    <div class=\"feature\">\r\n                                        <div class=\"feature-inner\">\r\n                                            <div class=\"icon\"><i class=\"fas fa-wind\"><\/i><\/div>\r\n                                            <h5>Klima<\/h5>\r\n                                            <div class=\"text\">Sjednite i opustite se za\u0161to ljetne vru\u0107ine nestaju<\/div>\r\n                                        <\/div>\r\n                                    <\/div>\r\n        \t\t\t\t\t\t\t                                    <div class=\"feature\">\r\n                                        <div class=\"feature-inner\">\r\n                                            <div class=\"icon\"><i class=\"far fa-snowflake\"><\/i><\/div>\r\n                                            <h5>Veliki hladnjak<\/h5>\r\n                                            <div class=\"text\">Dr\u017eite svoja pi\u0107a i hranu hladnima<\/div>\r\n                                        <\/div>\r\n                                    <\/div>\r\n        \t\t\t\t\t\t\t                                    <div class=\"feature\">\r\n                                        <div class=\"feature-inner\">\r\n                                            <div class=\"icon\"><i class=\"fas fa-music\"><\/i><\/div>\r\n                                            <h5>Hi-Fi audio sustav<\/h5>\r\n                                            <div class=\"text\">Kakav je to brod koji nema zvuk?<\/div>\r\n                                        <\/div>\r\n                                    <\/div>\r\n        \t\t\t\t\t\t\t                                    <div class=\"feature\">\r\n                                        <div class=\"feature-inner\">\r\n                                            <div class=\"icon\"><i class=\"flaticon flaticon-people\"><\/i><\/div>\r\n                                            <h5>Skiper i posada uvijek na brodu<\/h5>\r\n                                            <div class=\"text\">Na\u0161i brodovi nikada ne\u0107e napustiti luku bez sposobne posade<\/div>\r\n                                        <\/div>\r\n                                    <\/div>\r\n        \t\t\t\t\t\t\t                                <\/div>\r\n                            <\/div>\r\n        \r\n                        <\/div>\r\n                    <\/div>\r\n        \r\n                    <div class=\"specs-column col-xl-5 col-lg-6 col-md-12 cl-sm-12\">\r\n                        <div class=\"inner\">\r\n                            <div class=\"title-box clearfix\">\r\n                                <h4>SPECIFIKACIJA<\/h4>\r\n                                <div class=\"options clearfix\">\r\n                                                                                                        <\/div>\r\n                            <\/div>\r\n                            <div class=\"features-list\">\r\n                                <ul>\r\n                                                                        \t                                        <li class=\"clearfix\"><span class=\"ttl\">Vrsta broda<\/span><span class=\"dtl\">\u010cvrsti \u010damac na napuhavanje<\/span><\/li>\r\n                                    \t\t\t\t\t\t\t\t\t\t                                    \t                                        <li class=\"clearfix\"><span class=\"ttl\">MOTORI<\/span><span class=\"dtl\">2 X Cummins QSB 6.7 550 KS \/ ukupno 1100 KS<\/span><\/li>\r\n                                    \t\t\t\t\t\t\t\t\t\t                                    \t                                        <li class=\"clearfix\"><span class=\"ttl\">JET<\/span><span class=\"dtl\">2 X Hamilton jet 292\n\n<\/span><\/li>\r\n                                    \t\t\t\t\t\t\t\t\t\t                                    \t                                        <li class=\"clearfix\"><span class=\"ttl\">MAKSIMALNA BRZINA<\/span><span class=\"dtl\">40 \u010dvorova<\/span><\/li>\r\n                                    \t\t\t\t\t\t\t\t\t\t                                    \t                                        <li class=\"clearfix\"><span class=\"ttl\">Brzina krstarenja<\/span><span class=\"dtl\">30 \u010dvorova<\/span><\/li>\r\n                                    \t\t\t\t\t\t\t\t\t\t                                    \t                                        <li class=\"clearfix\"><span class=\"ttl\">GRADITELJ<\/span><span class=\"dtl\">Blizanac doo \/ Dalmacija Express<\/span><\/li>\r\n                                    \t\t\t\t\t\t\t\t\t\t                                    \t                                        <li class=\"clearfix\"><span class=\"ttl\">GODINA IZGRADNJE<\/span><span class=\"dtl\">2019<\/span><\/li>\r\n                                    \t\t\t\t\t\t\t\t\t\t                                    \t                                        <li class=\"clearfix\"><span class=\"ttl\">Duljina broda<\/span><span class=\"dtl\">15 metara<\/span><\/li>\r\n                                    \t\t\t\t\t\t\t\t\t\t                                <\/ul>\r\n                            <\/div>\r\n                        <\/div>\r\n                    <\/div>\r\n        \r\n                <\/div>\r\n        \r\n            <\/div>\r\n        <\/section>\r\n        \r\n        \t\t<\/div>\n\t\t\t\t<\/div>\n\t\t\t\t\t<\/div>\n\t\t<\/div>\n\t\t\t\t\t\t\t<\/div>\n\t\t<\/section>\n\t\t\t\t<section class=\"elementor-section elementor-top-section elementor-element elementor-element-8ed01a3 elementor-section-full_width elementor-section-height-default elementor-section-height-default\" data-id=\"8ed01a3\" data-element_type=\"section\">\n\t\t\t\t\t\t<div class=\"elementor-container elementor-column-gap-no\">\n\t\t\t\t\t<div class=\"elementor-column elementor-col-100 elementor-top-column elementor-element elementor-element-16546b8\" data-id=\"16546b8\" data-element_type=\"column\">\n\t\t\t<div class=\"elementor-widget-wrap elementor-element-populated\">\n\t\t\t\t\t\t\t\t<div class=\"elementor-element elementor-element-3a58902 elementor-widget elementor-widget-lanong_tk_gallery\" data-id=\"3a58902\" data-element_type=\"widget\" data-widget_type=\"lanong_tk_gallery.default\">\n\t\t\t\t<div class=\"elementor-widget-container\">\n\t\t\t        \r\n        <section class=\"yacht-featured-images\">\r\n            <div class=\"images-container\">\r\n                <div class=\"outer-box clearfix\">\r\n                    <!--Featured Image Block-->\r\n                                        <div class=\"yacht-featured-image\">\r\n                        <div class=\"inner-box\">\r\n                            <div class=\"image-layer\" style=\"background-image: url(https:\/\/dalmatia-express.com\/wp-content\/uploads\/2022\/04\/Top20View.jpeg.webp);\"><\/div>\r\n                            <div class=\"image-box\">\r\n                                <figure class=\"image\">\r\n                                    <a href=\"\"><img decoding=\"async\" src=\"https:\/\/dalmatia-express.com\/wp-content\/uploads\/2022\/04\/Top20View.jpeg.webp\" alt=\"Sjajna slika\"><\/a>\r\n                                <\/figure>\r\n                            <\/div>\r\n                            <div class=\"hover-box\">\r\n                                <div class=\"hover-inner\">\r\n                                    <h3><a href=\"\">Pogled s visoka<\/a><\/h3>\r\n                                <\/div>\r\n                            <\/div>\r\n                        <\/div>\r\n                    <\/div>\r\n        \t\t\t                    <div class=\"yacht-featured-image\">\r\n                        <div class=\"inner-box\">\r\n                            <div class=\"image-layer\" style=\"background-image: url(https:\/\/dalmatia-express.com\/wp-content\/uploads\/2022\/04\/In20Action203.webp);\"><\/div>\r\n                            <div class=\"image-box\">\r\n                                <figure class=\"image\">\r\n                                    <a href=\"\"><img decoding=\"async\" src=\"https:\/\/dalmatia-express.com\/wp-content\/uploads\/2022\/04\/In20Action203.webp\" alt=\"Sjajna slika\"><\/a>\r\n                                <\/figure>\r\n                            <\/div>\r\n                            <div class=\"hover-box\">\r\n                                <div class=\"hover-inner\">\r\n                                    <h3><a href=\"\">U akciji<\/a><\/h3>\r\n                                <\/div>\r\n                            <\/div>\r\n                        <\/div>\r\n                    <\/div>\r\n        \t\t\t                    <div class=\"yacht-featured-image\">\r\n                        <div class=\"inner-box\">\r\n                            <div class=\"image-layer\" style=\"background-image: url(https:\/\/dalmatia-express.com\/wp-content\/uploads\/2022\/04\/In20Action.jpeg.webp);\"><\/div>\r\n                            <div class=\"image-box\">\r\n                                <figure class=\"image\">\r\n                                    <a href=\"\"><img decoding=\"async\" src=\"https:\/\/dalmatia-express.com\/wp-content\/uploads\/2022\/04\/In20Action.jpeg.webp\" alt=\"Sjajna slika\"><\/a>\r\n                                <\/figure>\r\n                            <\/div>\r\n                            <div class=\"hover-box\">\r\n                                <div class=\"hover-inner\">\r\n                                    <h3><a href=\"\">U akciji<\/a><\/h3>\r\n                                <\/div>\r\n                            <\/div>\r\n                        <\/div>\r\n                    <\/div>\r\n        \t\t\t                    <div class=\"yacht-featured-image\">\r\n                        <div class=\"inner-box\">\r\n                            <div class=\"image-layer\" style=\"background-image: url(https:\/\/dalmatia-express.com\/wp-content\/uploads\/2022\/04\/In20Action202.webp);\"><\/div>\r\n                            <div class=\"image-box\">\r\n                                <figure class=\"image\">\r\n                                    <a href=\"\"><img decoding=\"async\" src=\"https:\/\/dalmatia-express.com\/wp-content\/uploads\/2022\/04\/In20Action202.webp\" alt=\"Sjajna slika\"><\/a>\r\n                                <\/figure>\r\n                            <\/div>\r\n                            <div class=\"hover-box\">\r\n                                <div class=\"hover-inner\">\r\n                                    <h3><a href=\"\">U akciji<\/a><\/h3>\r\n                                <\/div>\r\n                            <\/div>\r\n                        <\/div>\r\n                    <\/div>\r\n        \t\t\t                    <div class=\"yacht-featured-image\">\r\n                        <div class=\"inner-box\">\r\n                            <div class=\"image-layer\" style=\"background-image: url(https:\/\/dalmatia-express.com\/wp-content\/uploads\/2022\/04\/Static.webp);\"><\/div>\r\n                            <div class=\"image-box\">\r\n                                <figure class=\"image\">\r\n                                    <a href=\"\"><img decoding=\"async\" src=\"https:\/\/dalmatia-express.com\/wp-content\/uploads\/2022\/04\/Static.webp\" alt=\"Sjajna slika\"><\/a>\r\n                                <\/figure>\r\n                            <\/div>\r\n                            <div class=\"hover-box\">\r\n                                <div class=\"hover-inner\">\r\n                                    <h3><a href=\"\">Stati\u010dki<\/a><\/h3>\r\n                                <\/div>\r\n                            <\/div>\r\n                        <\/div>\r\n                    <\/div>\r\n        \t\t\t                <\/div>\r\n            <\/div>\r\n        <\/section>\r\n            \r\n\t\t\t\t<\/div>\n\t\t\t\t<\/div>\n\t\t\t\t<div class=\"elementor-element elementor-element-c90db88 elementor-widget elementor-widget-lanong_tk_gallery\" data-id=\"c90db88\" data-element_type=\"widget\" data-widget_type=\"lanong_tk_gallery.default\">\n\t\t\t\t<div class=\"elementor-widget-container\">\n\t\t\t        \r\n        <section class=\"yacht-featured-images\">\r\n            <div class=\"images-container\">\r\n                <div class=\"outer-box clearfix\">\r\n                    <!--Featured Image Block-->\r\n                                        <div class=\"yacht-featured-image\">\r\n                        <div class=\"inner-box\">\r\n                            <div class=\"image-layer\" style=\"background-image: url(https:\/\/dalmatia-express.com\/wp-content\/uploads\/2022\/04\/Luxury20Shock20Absorber20Seats.webp);\"><\/div>\r\n                            <div class=\"image-box\">\r\n                                <figure class=\"image\">\r\n                                    <a href=\"\"><img decoding=\"async\" src=\"https:\/\/dalmatia-express.com\/wp-content\/uploads\/2022\/04\/Luxury20Shock20Absorber20Seats.webp\" alt=\"Sjajna slika\"><\/a>\r\n                                <\/figure>\r\n                            <\/div>\r\n                            <div class=\"hover-box\">\r\n                                <div class=\"hover-inner\">\r\n                                    <h3><a href=\"\">Luksuzna sjedala s amortizerima<\/a><\/h3>\r\n                                <\/div>\r\n                            <\/div>\r\n                        <\/div>\r\n                    <\/div>\r\n        \t\t\t                    <div class=\"yacht-featured-image\">\r\n                        <div class=\"inner-box\">\r\n                            <div class=\"image-layer\" style=\"background-image: url(https:\/\/dalmatia-express.com\/wp-content\/uploads\/2022\/04\/Luxury-scaled.webp);\"><\/div>\r\n                            <div class=\"image-box\">\r\n                                <figure class=\"image\">\r\n                                    <a href=\"\"><img decoding=\"async\" src=\"https:\/\/dalmatia-express.com\/wp-content\/uploads\/2022\/04\/Luxury-scaled.webp\" alt=\"Sjajna slika\"><\/a>\r\n                                <\/figure>\r\n                            <\/div>\r\n                            <div class=\"hover-box\">\r\n                                <div class=\"hover-inner\">\r\n                                    <h3><a href=\"\">Luksuzna usluga<\/a><\/h3>\r\n                                <\/div>\r\n                            <\/div>\r\n                        <\/div>\r\n                    <\/div>\r\n        \t\t\t                    <div class=\"yacht-featured-image\">\r\n                        <div class=\"inner-box\">\r\n                            <div class=\"image-layer\" style=\"background-image: url(https:\/\/dalmatia-express.com\/wp-content\/uploads\/2022\/04\/Safety20Equipment-scaled.webp);\"><\/div>\r\n                            <div class=\"image-box\">\r\n                                <figure class=\"image\">\r\n                                    <a href=\"\"><img decoding=\"async\" src=\"https:\/\/dalmatia-express.com\/wp-content\/uploads\/2022\/04\/Safety20Equipment-scaled.webp\" alt=\"Sjajna slika\"><\/a>\r\n                                <\/figure>\r\n                            <\/div>\r\n                            <div class=\"hover-box\">\r\n                                <div class=\"hover-inner\">\r\n                                    <h3><a href=\"\">Sigurnosni postupci<\/a><\/h3>\r\n                                <\/div>\r\n                            <\/div>\r\n                        <\/div>\r\n                    <\/div>\r\n        \t\t\t                    <div class=\"yacht-featured-image\">\r\n                        <div class=\"inner-box\">\r\n                            <div class=\"image-layer\" style=\"background-image: url(https:\/\/dalmatia-express.com\/wp-content\/uploads\/2022\/04\/Outdoor20Deck.jpeg.webp);\"><\/div>\r\n                            <div class=\"image-box\">\r\n                                <figure class=\"image\">\r\n                                    <a href=\"\"><img decoding=\"async\" src=\"https:\/\/dalmatia-express.com\/wp-content\/uploads\/2022\/04\/Outdoor20Deck.jpeg.webp\" alt=\"Sjajna slika\"><\/a>\r\n                                <\/figure>\r\n                            <\/div>\r\n                            <div class=\"hover-box\">\r\n                                <div class=\"hover-inner\">\r\n                                    <h3><a href=\"\">Vanjska paluba<\/a><\/h3>\r\n                                <\/div>\r\n                            <\/div>\r\n                        <\/div>\r\n                    <\/div>\r\n        \t\t\t                    <div class=\"yacht-featured-image\">\r\n                        <div class=\"inner-box\">\r\n                            <div class=\"image-layer\" style=\"background-image: url(https:\/\/dalmatia-express.com\/wp-content\/uploads\/2022\/04\/Outdoor20Deck202.jpeg.webp);\"><\/div>\r\n                            <div class=\"image-box\">\r\n                                <figure class=\"image\">\r\n                                    <a href=\"\"><img decoding=\"async\" src=\"https:\/\/dalmatia-express.com\/wp-content\/uploads\/2022\/04\/Outdoor20Deck202.jpeg.webp\" alt=\"Sjajna slika\"><\/a>\r\n                                <\/figure>\r\n                            <\/div>\r\n                            <div class=\"hover-box\">\r\n                                <div class=\"hover-inner\">\r\n                                    <h3><a href=\"\">Vanjska paluba<\/a><\/h3>\r\n                                <\/div>\r\n                            <\/div>\r\n                        <\/div>\r\n                    <\/div>\r\n        \t\t\t                <\/div>\r\n            <\/div>\r\n        <\/section>\r\n            \r\n\t\t\t\t<\/div>\n\t\t\t\t<\/div>\n\t\t\t\t\t<\/div>\n\t\t<\/div>\n\t\t\t\t\t\t\t<\/div>\n\t\t<\/section>\n\t\t\t\t\t\t\t<\/div>","protected":false},"excerpt":{"rendered":"<p>Great White 49 Najdu\u017ei kruti gumenjak (RIB) napravljen u Hrvatskoj O Great White 49 Great White 49 stvoren je za maksimalnu sigurnost i udobnost na\u0161ih gostiju, \u010dak i na najburnijem moru. Ponosni smo \u0161to vam mo\u017eemo ponuditi najdu\u017ei brzi gumenjak koji je hrvatski proizvo\u0111a\u010d ikada napravio, sposoban pro\u0107i kroz te\u0161ke [\u2026]<\/p>","protected":false},"author":1,"featured_media":0,"parent":986,"menu_order":0,"comment_status":"closed","ping_status":"closed","template":"elementor_header_footer","meta":{"footnotes":""},"class_list":["post-510","page","type-page","status-publish","hentry"],"_links":{"self":[{"href":"https:\/\/dalmatia-express.com\/hr\/wp-json\/wp\/v2\/pages\/510","targetHints":{"allow":["GET"]}}],"collection":[{"href":"https:\/\/dalmatia-express.com\/hr\/wp-json\/wp\/v2\/pages"}],"about":[{"href":"https:\/\/dalmatia-express.com\/hr\/wp-json\/wp\/v2\/types\/page"}],"author":[{"embeddable":true,"href":"https:\/\/dalmatia-express.com\/hr\/wp-json\/wp\/v2\/users\/1"}],"replies":[{"embeddable":true,"href":"https:\/\/dalmatia-express.com\/hr\/wp-json\/wp\/v2\/comments?post=510"}],"version-history":[{"count":0,"href":"https:\/\/dalmatia-express.com\/hr\/wp-json\/wp\/v2\/pages\/510\/revisions"}],"up":[{"embeddable":true,"href":"https:\/\/dalmatia-express.com\/hr\/wp-json\/wp\/v2\/pages\/986"}],"wp:attachment":[{"href":"https:\/\/dalmatia-express.com\/hr\/wp-json\/wp\/v2\/media?parent=510"}],"curies":[{"name":"wp","href":"https:\/\/api.w.org\/{rel}","templated":true}]}}