{"id":109,"date":"2020-02-17T07:52:06","date_gmt":"2020-02-17T07:52:06","guid":{"rendered":"http:\/\/el.commonsupport.com\/newwp\/lanong\/?page_id=109"},"modified":"2022-05-02T13:36:19","modified_gmt":"2022-05-02T13:36:19","slug":"about","status":"publish","type":"page","link":"https:\/\/dalmatia-express.com\/it\/about\/","title":{"rendered":"Chi siamo"},"content":{"rendered":"<div data-elementor-type=\"wp-page\" data-elementor-id=\"109\" class=\"elementor elementor-109\">\n\t\t\t\t\t\t\t\t\t<section class=\"elementor-section elementor-top-section elementor-element elementor-element-0ef4b47 elementor-section-full_width elementor-section-height-default elementor-section-height-default\" data-id=\"0ef4b47\" data-element_type=\"section\">\n\t\t\t\t\t\t<div class=\"elementor-container elementor-column-gap-no\">\n\t\t\t\t\t<div class=\"elementor-column elementor-col-100 elementor-top-column elementor-element elementor-element-fac0e6e\" data-id=\"fac0e6e\" data-element_type=\"column\">\n\t\t\t<div class=\"elementor-widget-wrap elementor-element-populated\">\n\t\t\t\t\t\t\t\t<div class=\"elementor-element elementor-element-db9ca0d elementor-widget elementor-widget-heading\" data-id=\"db9ca0d\" data-element_type=\"widget\" data-widget_type=\"heading.default\">\n\t\t\t\t<div class=\"elementor-widget-container\">\n\t\t\t<style>\/*! elementor - v3.6.6 - 08-06-2022 *\/\n.elementor-heading-title{padding:0;margin:0;line-height:1}.elementor-widget-heading .elementor-heading-title[class*=elementor-size-]>a{color:inherit;font-size:inherit;line-height:inherit}.elementor-widget-heading .elementor-heading-title.elementor-size-small{font-size:15px}.elementor-widget-heading .elementor-heading-title.elementor-size-medium{font-size:19px}.elementor-widget-heading .elementor-heading-title.elementor-size-large{font-size:29px}.elementor-widget-heading .elementor-heading-title.elementor-size-xl{font-size:39px}.elementor-widget-heading .elementor-heading-title.elementor-size-xxl{font-size:59px}<\/style><h5 class=\"elementor-heading-title elementor-size-medium\">La nostra storia<\/h5>\t\t<\/div>\n\t\t\t\t<\/div>\n\t\t\t\t<div class=\"elementor-element elementor-element-7922bf1 elementor-widget elementor-widget-heading\" data-id=\"7922bf1\" data-element_type=\"widget\" data-widget_type=\"heading.default\">\n\t\t\t\t<div class=\"elementor-widget-container\">\n\t\t\t<h1 class=\"elementor-heading-title elementor-size-default\">Benvenuti a <strong>Dalmazia Express<\/strong><\/h1>\t\t<\/div>\n\t\t\t\t<\/div>\n\t\t\t\t<div class=\"elementor-element elementor-element-d54d254 elementor-widget elementor-widget-spacer\" data-id=\"d54d254\" data-element_type=\"widget\" data-widget_type=\"spacer.default\">\n\t\t\t\t<div class=\"elementor-widget-container\">\n\t\t\t<style>\/*! elementor - v3.6.6 - 08-06-2022 *\/\n.e-container.e-container--row .elementor-spacer-inner{width:var(--spacer-size)}.e-container.e-container--column .elementor-spacer-inner,.elementor-column .elementor-spacer-inner{height:var(--spacer-size)}<\/style>\t\t<div class=\"elementor-spacer\">\n\t\t\t<div class=\"elementor-spacer-inner\"><\/div>\n\t\t<\/div>\n\t\t\t\t<\/div>\n\t\t\t\t<\/div>\n\t\t\t\t\t<\/div>\n\t\t<\/div>\n\t\t\t\t\t\t\t<\/div>\n\t\t<\/section>\n\t\t\t\t<section class=\"elementor-section elementor-top-section elementor-element elementor-element-226929f elementor-section-boxed elementor-section-height-default elementor-section-height-default\" data-id=\"226929f\" data-element_type=\"section\">\n\t\t\t\t\t\t<div class=\"elementor-container elementor-column-gap-default\">\n\t\t\t\t\t<div class=\"elementor-column elementor-col-50 elementor-top-column elementor-element elementor-element-d12be71\" data-id=\"d12be71\" data-element_type=\"column\">\n\t\t\t<div class=\"elementor-widget-wrap elementor-element-populated\">\n\t\t\t\t\t\t\t\t<div class=\"elementor-element elementor-element-f077419 elementor-widget elementor-widget-text-editor\" data-id=\"f077419\" data-element_type=\"widget\" data-widget_type=\"text-editor.default\">\n\t\t\t\t<div class=\"elementor-widget-container\">\n\t\t\t<style>\/*! elementor - v3.6.6 - 08-06-2022 *\/\n.elementor-widget-text-editor.elementor-drop-cap-view-stacked .elementor-drop-cap{background-color:#818a91;color:#fff}.elementor-widget-text-editor.elementor-drop-cap-view-framed .elementor-drop-cap{color:#818a91;border:3px solid;background-color:transparent}.elementor-widget-text-editor:not(.elementor-drop-cap-view-default) .elementor-drop-cap{margin-top:8px}.elementor-widget-text-editor:not(.elementor-drop-cap-view-default) .elementor-drop-cap-letter{width:1em;height:1em}.elementor-widget-text-editor .elementor-drop-cap{float:left;text-align:center;line-height:1;font-size:50px}.elementor-widget-text-editor .elementor-drop-cap-letter{display:inline-block}<\/style>\t\t\t\t<p>Da amante del mare (laureato presso la Facolt\u00e0 di Ecologia e Biologia del Mare), ho deciso di trasformare il mio amore per le navi e l&#039;idrodinamica in un sogno di bambino e ho acquistato il mio primo motoscafo con il quale potevo trasportare passeggeri.<\/p><p>Sono stato il primo a offrire trasferimenti privati in acqua che collegano gli ospiti alle isole della Dalmazia centrale.<\/p><p>Quando ho scoperto che il mio amico e partecipante alle gare olimpiche mondiali di vela, la leggenda della vela croata, <a href=\"https:\/\/en.wikipedia.org\/wiki\/Mate_Arapov\" target=\"_blank\" rel=\"noopener\">Mato Arapova<\/a>, costruisce navi Ho deciso di acquistare il suo prodotto Lolivul 5.9 con un Honda da 90 CV.<\/p><p>Dopo la prima stagione estiva, ho convinto Mata a costruirmi una barca pi\u00f9 grande, e lui l&#039;ha fatto. Un Lolivul di 9 metri con motore Yamaha da 350 CV.<\/p>\t\t\t\t\t\t<\/div>\n\t\t\t\t<\/div>\n\t\t\t\t<div class=\"elementor-element elementor-element-c9d5d76 elementor-widget elementor-widget-image\" data-id=\"c9d5d76\" data-element_type=\"widget\" data-widget_type=\"image.default\">\n\t\t\t\t<div class=\"elementor-widget-container\">\n\t\t\t<style>\/*! elementor - v3.6.6 - 08-06-2022 *\/\n.elementor-widget-image{text-align:center}.elementor-widget-image a{display:inline-block}.elementor-widget-image a img[src$=\".svg\"]{width:48px}.elementor-widget-image img{vertical-align:middle;display:inline-block}<\/style>\t\t\t\t\t\t\t\t\t\t\t\t<img loading=\"lazy\" decoding=\"async\" width=\"525\" height=\"214\" src=\"https:\/\/dalmatia-express.com\/wp-content\/uploads\/2022\/04\/0f7bde2c-e75b-4f48-ae19-f5d54da2b3f0-e1651008516154-1024x417.jpg\" class=\"attachment-large size-large\" alt=\"\" srcset=\"https:\/\/dalmatia-express.com\/wp-content\/uploads\/2022\/04\/0f7bde2c-e75b-4f48-ae19-f5d54da2b3f0-e1651008516154-1024x417.jpg 1024w, https:\/\/dalmatia-express.com\/wp-content\/uploads\/2022\/04\/0f7bde2c-e75b-4f48-ae19-f5d54da2b3f0-e1651008516154-300x122.jpg 300w, https:\/\/dalmatia-express.com\/wp-content\/uploads\/2022\/04\/0f7bde2c-e75b-4f48-ae19-f5d54da2b3f0-e1651008516154-768x313.jpg 768w, https:\/\/dalmatia-express.com\/wp-content\/uploads\/2022\/04\/0f7bde2c-e75b-4f48-ae19-f5d54da2b3f0-e1651008516154.jpg 1494w\" sizes=\"auto, (max-width: 525px) 100vw, 525px\" \/>\t\t\t\t\t\t\t\t\t\t\t\t\t\t\t<\/div>\n\t\t\t\t<\/div>\n\t\t\t\t<div class=\"elementor-element elementor-element-1a78b55 elementor-widget elementor-widget-text-editor\" data-id=\"1a78b55\" data-element_type=\"widget\" data-widget_type=\"text-editor.default\">\n\t\t\t\t<div class=\"elementor-widget-container\">\n\t\t\t\t\t\t\t<p>Dopodich\u00e9, ho voluto un motoscafo ancora pi\u00f9 grande, da 12 metri, e ho cercato di convincere di nuovo Mata. Lui mi ha risposto cos\u00ec:<\/p><p><b>&quot;No, fallo da solo e ti aiuter\u00f2. Sai cosa vuoi, che tipo di barca ti serve.&quot;<\/b><\/p><p>Costruire la mia barca mi sembrava troppo arduo, cos\u00ec ho iniziato a cercarne una all&#039;estero.<\/p><p>Sapevo che tipo di nave volevo: professionale, lussuosa, veloce, con eccellenti caratteristiche di guida in mare e una sicurezza eccezionale.<\/p><p>Dopo una lunga ricerca, nessun prodotto soddisfaceva i miei criteri perch\u00e9 ogni azienda \u00e8 scesa a compromessi a scapito di altre caratteristiche.<\/p><p>Ci\u00f2 mi ha spinto a decidere di costruire il mio motoscafo, che avesse tutte le caratteristiche che desideravo, senza compromessi.<\/p>\t\t\t\t\t\t<\/div>\n\t\t\t\t<\/div>\n\t\t\t\t\t<\/div>\n\t\t<\/div>\n\t\t\t\t<div class=\"elementor-column elementor-col-50 elementor-top-column elementor-element elementor-element-a2f1daa\" data-id=\"a2f1daa\" data-element_type=\"column\">\n\t\t\t<div class=\"elementor-widget-wrap elementor-element-populated\">\n\t\t\t\t\t\t\t\t<div class=\"elementor-element elementor-element-5bb1c53 elementor-widget elementor-widget-image\" data-id=\"5bb1c53\" data-element_type=\"widget\" data-widget_type=\"image.default\">\n\t\t\t\t<div class=\"elementor-widget-container\">\n\t\t\t\t\t\t\t\t\t\t\t\t\t\t\t<img loading=\"lazy\" decoding=\"async\" width=\"1502\" height=\"2003\" src=\"https:\/\/dalmatia-express.com\/wp-content\/uploads\/2022\/04\/IMG_3807.jpg\" class=\"attachment-full size-full\" alt=\"\" srcset=\"https:\/\/dalmatia-express.com\/wp-content\/uploads\/2022\/04\/IMG_3807.jpg 1502w, https:\/\/dalmatia-express.com\/wp-content\/uploads\/2022\/04\/IMG_3807-225x300.jpg 225w, https:\/\/dalmatia-express.com\/wp-content\/uploads\/2022\/04\/IMG_3807-768x1024.jpg 768w, https:\/\/dalmatia-express.com\/wp-content\/uploads\/2022\/04\/IMG_3807-1152x1536.jpg 1152w\" sizes=\"auto, (max-width: 1502px) 100vw, 1502px\" \/>\t\t\t\t\t\t\t\t\t\t\t\t\t\t\t<\/div>\n\t\t\t\t<\/div>\n\t\t\t\t<div class=\"elementor-element elementor-element-7ce81e8 elementor-widget elementor-widget-text-editor\" data-id=\"7ce81e8\" data-element_type=\"widget\" id=\"aboutimg\" data-widget_type=\"text-editor.default\">\n\t\t\t\t<div class=\"elementor-widget-container\">\n\t\t\t\t\t\t\t<p>Ho chiamato il marchio Great White perch\u00e9 \u00e8 senza compromessi e senza concorrenza in mare.<\/p><p>Mate mi presenta un genio: un ingegnere navale, il signor Ivani\u0161evi\u0107. Gli dico:<\/p><p><b>&quot;Dobbiamo costruire una nave che possa navigare in sicurezza quando nessun altro pu\u00f2 farlo.&quot;<\/b><\/p><p><span data-preserver-spaces=\"true\">Abbiamo costruito navi in grado di navigare in qualsiasi condizione atmosferica, praticamente inaffondabili, imbarcazioni dotate di un&#039;identit\u00e0 visiva e di una personalit\u00e0 uniche.<\/span><\/p><p><strong><span data-preserver-spaces=\"true\">Gli altri copiano ci\u00f2 che creiamo.<\/span><\/strong><\/p><p>di Jo\u0161ko Petri\u0107 (fondatore e direttore di Dalmatia Express)<\/p>\t\t\t\t\t\t<\/div>\n\t\t\t\t<\/div>\n\t\t\t\t\t<\/div>\n\t\t<\/div>\n\t\t\t\t\t\t\t<\/div>\n\t\t<\/section>\n\t\t\t\t<section class=\"elementor-section elementor-top-section elementor-element elementor-element-e3a32cf elementor-section-full_width elementor-section-height-default elementor-section-height-default\" data-id=\"e3a32cf\" data-element_type=\"section\">\n\t\t\t\t\t\t<div class=\"elementor-container elementor-column-gap-no\">\n\t\t\t\t\t<div class=\"elementor-column elementor-col-100 elementor-top-column elementor-element elementor-element-19940f7\" data-id=\"19940f7\" data-element_type=\"column\">\n\t\t\t<div class=\"elementor-widget-wrap elementor-element-populated\">\n\t\t\t\t\t\t\t\t<div class=\"elementor-element elementor-element-38a15f8 elementor-widget elementor-widget-lanong_about_us_2\" data-id=\"38a15f8\" data-element_type=\"widget\" data-widget_type=\"lanong_about_us_2.default\">\n\t\t\t\t<div class=\"elementor-widget-container\">\n\t\t\t        \r\n        <!--Welcome Section-->\r\n        <section class=\"welcome-section\">\r\n            <div class=\"auto-container\">\r\n                <div class=\"title-box wow fadeInUp\" data-wow-delay=\"0ms\" data-wow-duration=\"1500ms\">\r\n                    <h4><\/h4>\r\n                    <h2><\/h2>\r\n                    <div class=\"text\"><\/div>\r\n                <\/div>\r\n                <div class=\"image-box wow fadeInUp\" data-wow-delay=\"0ms\" data-wow-duration=\"1500ms\">\r\n                    <img decoding=\"async\" src=\"\" alt=\"Immagine fantastica\">\r\n                <\/div>\r\n    \r\n                <div class=\"event-carousel-box\">\r\n                    <div class=\"event-carousel owl-theme owl-carousel\">\r\n                                                <!--Event Block-->\r\n                        <div class=\"event-block\">\r\n                            <div class=\"inner\">\r\n                                <div class=\"date\"><\/div>\r\n                                <h4><a href=\"\">L&#039;inizio<\/a><\/h4>\r\n                                <div class=\"text\">Termino l&#039;universit\u00e0 e fondo la societ\u00e0 Blizanac doo, che distribuisce il marchio Dalmatia Express.<\/div>\r\n                                <div class=\"year\">2009<\/div>\r\n                            <\/div>\r\n                        <\/div>\r\n                                                <!--Event Block-->\r\n                        <div class=\"event-block\">\r\n                            <div class=\"inner\">\r\n                                <div class=\"date\"><\/div>\r\n                                <h4><a href=\"https:\/\/dalmatia-express.com\/it\/our-fleet\/great-white-39\/\">Costruiamo il primo Grande Bianco<\/a><\/h4>\r\n                                <div class=\"text\">Abbiamo costruito il Great White 39, un&#039;imbarcazione di 12 metri con una velocit\u00e0 massima di 50 nodi.\n<\/div>\r\n                                <div class=\"year\">2014<\/div>\r\n                            <\/div>\r\n                        <\/div>\r\n                                                <!--Event Block-->\r\n                        <div class=\"event-block\">\r\n                            <div class=\"inner\">\r\n                                <div class=\"date\"><\/div>\r\n                                <h4><a href=\"https:\/\/dalmatia-express.com\/it\/our-fleet\/great-white-35\/\">Costruiamo la seconda nave<\/a><\/h4>\r\n                                <div class=\"text\">La nascita del Great White 35, una nave pi\u00f9 piccola dotata di grande manovrabilit\u00e0.<\/div>\r\n                                <div class=\"year\">2017<\/div>\r\n                            <\/div>\r\n                        <\/div>\r\n                                                <!--Event Block-->\r\n                        <div class=\"event-block\">\r\n                            <div class=\"inner\">\r\n                                <div class=\"date\"><\/div>\r\n                                <h4><a href=\"https:\/\/dalmatia-express.com\/it\/our-fleet\/great-white-49\/\">Il re del mare<\/a><\/h4>\r\n                                <div class=\"text\">Costruiamo il Great White 49, il pi\u00f9 grande gommone prodotto nella Repubblica di Croazia.<\/div>\r\n                                <div class=\"year\">2019<\/div>\r\n                            <\/div>\r\n                        <\/div>\r\n                                            <\/div>\r\n                <\/div>\r\n            <\/div>\r\n        <\/section>\r\n           \r\n\t\t\t\t<\/div>\n\t\t\t\t<\/div>\n\t\t\t\t<div class=\"elementor-element elementor-element-5746170 elementor-widget elementor-widget-heading\" data-id=\"5746170\" data-element_type=\"widget\" data-widget_type=\"heading.default\">\n\t\t\t\t<div class=\"elementor-widget-container\">\n\t\t\t<h2 class=\"elementor-heading-title elementor-size-default\">La nostra garanzia di qualit\u00e0<\/h2>\t\t<\/div>\n\t\t\t\t<\/div>\n\t\t\t\t<div class=\"elementor-element elementor-element-77be444 elementor-widget elementor-widget-spacer\" data-id=\"77be444\" data-element_type=\"widget\" data-widget_type=\"spacer.default\">\n\t\t\t\t<div class=\"elementor-widget-container\">\n\t\t\t\t\t<div class=\"elementor-spacer\">\n\t\t\t<div class=\"elementor-spacer-inner\"><\/div>\n\t\t<\/div>\n\t\t\t\t<\/div>\n\t\t\t\t<\/div>\n\t\t\t\t\t<\/div>\n\t\t<\/div>\n\t\t\t\t\t\t\t<\/div>\n\t\t<\/section>\n\t\t\t\t<section class=\"elementor-section elementor-top-section elementor-element elementor-element-418d5c3 elementor-section-full_width elementor-section-stretched no-link-box elementor-section-height-default elementor-section-height-default\" data-id=\"418d5c3\" data-element_type=\"section\" data-settings=\"{&quot;stretch_section&quot;:&quot;section-stretched&quot;}\">\n\t\t\t\t\t\t<div class=\"elementor-container elementor-column-gap-no\">\n\t\t\t\t\t<div class=\"elementor-column elementor-col-100 elementor-top-column elementor-element elementor-element-1bd7508\" data-id=\"1bd7508\" data-element_type=\"column\">\n\t\t\t<div class=\"elementor-widget-wrap elementor-element-populated\">\n\t\t\t\t\t\t\t\t<div class=\"elementor-element elementor-element-4db29a2 elementor-widget elementor-widget-lanong_features_services\" data-id=\"4db29a2\" data-element_type=\"widget\" data-widget_type=\"lanong_features_services.default\">\n\t\t\t\t<div class=\"elementor-widget-container\">\n\t\t\t\t\t\t\r\n            <!--Features Section-->\r\n            <section class=\"features-section\">\r\n                <div class=\"auto-container\">\r\n                    <div class=\"row clearfix\">\r\n                                                <!--Feature-->\r\n                        <div class=\"feature-block col-lg-4 col-md-6 col-sm-12\">\r\n                            <div class=\"inner-box\">\r\n                                <div class=\"icon-box\">\r\n                                    <div class=\"octagonWrap\">\r\n                                        <div class=\"octagon\"><\/div>\r\n                                    <\/div>\r\n                                    <span class=\"icon fa fa-wind\"><\/span>\r\n                                <\/div>\r\n                                <div class=\"content\">\r\n                                    <h4>Veloce<\/h4>\r\n                                    <div class=\"text\">Il nostro servizio ti permetter\u00e0 di risparmiare molto tempo in viaggio e di goderti al massimo il tempo trascorso. Dopotutto, sei in vacanza!<\/div>\r\n                                    <div class=\"link-box\">\r\n                                        <a href=\"\" class=\"default-link\">\r\n                                            <span class=\"icon flaticon-logout\"><\/span> <span class=\"link-text\">Maggiori informazioni sul surf<\/span>\r\n                                        <\/a>\r\n                                    <\/div>\r\n                                <\/div>\r\n                            <\/div>\r\n                        <\/div>\r\n                                                <!--Feature-->\r\n                        <div class=\"feature-block col-lg-4 col-md-6 col-sm-12\">\r\n                            <div class=\"inner-box\">\r\n                                <div class=\"icon-box\">\r\n                                    <div class=\"octagonWrap\">\r\n                                        <div class=\"octagon\"><\/div>\r\n                                    <\/div>\r\n                                    <span class=\"icon fa fa-shield-alt\"><\/span>\r\n                                <\/div>\r\n                                <div class=\"content\">\r\n                                    <h4>Sicuro<\/h4>\r\n                                    <div class=\"text\">Ci impegniamo per la vostra sicurezza. Dotiamo le nostre imbarcazioni delle pi\u00f9 moderne attrezzature di sicurezza e il nostro equipaggio esperto e professionale \u00e8 addestrato per gestire qualsiasi situazione.<\/div>\r\n                                    <div class=\"link-box\">\r\n                                        <a href=\"\" class=\"default-link\">\r\n                                            <span class=\"icon flaticon-logout\"><\/span> <span class=\"link-text\">Maggiori informazioni sul surf<\/span>\r\n                                        <\/a>\r\n                                    <\/div>\r\n                                <\/div>\r\n                            <\/div>\r\n                        <\/div>\r\n                                                <!--Feature-->\r\n                        <div class=\"feature-block col-lg-4 col-md-6 col-sm-12\">\r\n                            <div class=\"inner-box\">\r\n                                <div class=\"icon-box\">\r\n                                    <div class=\"octagonWrap\">\r\n                                        <div class=\"octagon\"><\/div>\r\n                                    <\/div>\r\n                                    <span class=\"icon fa fa-crown\"><\/span>\r\n                                <\/div>\r\n                                <div class=\"content\">\r\n                                    <h4>Superiore<\/h4>\r\n                                    <div class=\"text\">Abbiamo progettato il nostro servizio per offrirti la migliore esperienza possibile. Questo include niente schizzi, sedili comodi, aria condizionata e, naturalmente, bevande fresche.<\/div>\r\n                                    <div class=\"link-box\">\r\n                                        <a href=\"\" class=\"default-link\">\r\n                                            <span class=\"icon flaticon-logout\"><\/span> <span class=\"link-text\">Maggiori informazioni sul surf<\/span>\r\n                                        <\/a>\r\n                                    <\/div>\r\n                                <\/div>\r\n                            <\/div>\r\n                        <\/div>\r\n                                            <\/div>\r\n                <\/div>\r\n            <\/section>\r\n            \r\n        \t\t<\/div>\n\t\t\t\t<\/div>\n\t\t\t\t<div class=\"elementor-element elementor-element-b6ff041 elementor-hidden-mobile elementor-widget elementor-widget-spacer\" data-id=\"b6ff041\" data-element_type=\"widget\" data-widget_type=\"spacer.default\">\n\t\t\t\t<div class=\"elementor-widget-container\">\n\t\t\t\t\t<div class=\"elementor-spacer\">\n\t\t\t<div class=\"elementor-spacer-inner\"><\/div>\n\t\t<\/div>\n\t\t\t\t<\/div>\n\t\t\t\t<\/div>\n\t\t\t\t\t<\/div>\n\t\t<\/div>\n\t\t\t\t\t\t\t<\/div>\n\t\t<\/section>\n\t\t\t\t\t\t\t<\/div>","protected":false},"excerpt":{"rendered":"<p>La nostra storia Benvenuti a Dalmatia Express Da amante del mare (laureato presso la Facolt\u00e0 di Ecologia e Biologia del Mare), ho deciso di trasformare il mio amore per le navi e l&#039;idrodinamica in un sogno d&#039;infanzia e ho comprato il mio primo motoscafo con cui potevo trasportare passeggeri. Sono stato il primo a [\u2026]<\/p>","protected":false},"author":1,"featured_media":0,"parent":0,"menu_order":0,"comment_status":"closed","ping_status":"closed","template":"elementor_header_footer","meta":{"footnotes":""},"class_list":["post-109","page","type-page","status-publish","hentry"],"_links":{"self":[{"href":"https:\/\/dalmatia-express.com\/it\/wp-json\/wp\/v2\/pages\/109","targetHints":{"allow":["GET"]}}],"collection":[{"href":"https:\/\/dalmatia-express.com\/it\/wp-json\/wp\/v2\/pages"}],"about":[{"href":"https:\/\/dalmatia-express.com\/it\/wp-json\/wp\/v2\/types\/page"}],"author":[{"embeddable":true,"href":"https:\/\/dalmatia-express.com\/it\/wp-json\/wp\/v2\/users\/1"}],"replies":[{"embeddable":true,"href":"https:\/\/dalmatia-express.com\/it\/wp-json\/wp\/v2\/comments?post=109"}],"version-history":[{"count":0,"href":"https:\/\/dalmatia-express.com\/it\/wp-json\/wp\/v2\/pages\/109\/revisions"}],"wp:attachment":[{"href":"https:\/\/dalmatia-express.com\/it\/wp-json\/wp\/v2\/media?parent=109"}],"curies":[{"name":"wp","href":"https:\/\/api.w.org\/{rel}","templated":true}]}}