{"id":3713,"date":"2022-04-28T23:05:41","date_gmt":"2022-04-28T23:05:41","guid":{"rendered":"https:\/\/dalmatia-express.com\/?page_id=3713"},"modified":"2022-05-02T13:55:15","modified_gmt":"2022-05-02T13:55:15","slug":"elaphusa","status":"publish","type":"page","link":"https:\/\/dalmatia-express.com\/it\/taxi-boat\/split-to-brac\/elaphusa\/","title":{"rendered":"Bluesun Hotel Elaphusa, Bol"},"content":{"rendered":"<div data-elementor-type=\"wp-page\" data-elementor-id=\"3713\" class=\"elementor elementor-3713\">\n\t\t\t\t\t\t\t\t\t<section class=\"elementor-section elementor-top-section elementor-element elementor-element-e36ce4a elementor-section-boxed elementor-section-height-default elementor-section-height-default\" data-id=\"e36ce4a\" data-element_type=\"section\">\n\t\t\t\t\t\t<div class=\"elementor-container elementor-column-gap-default\">\n\t\t\t\t\t<div class=\"elementor-column elementor-col-100 elementor-top-column elementor-element elementor-element-1388a68\" data-id=\"1388a68\" data-element_type=\"column\">\n\t\t\t<div class=\"elementor-widget-wrap elementor-element-populated\">\n\t\t\t\t\t\t\t\t<div class=\"elementor-element elementor-element-b2ded84 elementor-widget elementor-widget-heading\" data-id=\"b2ded84\" data-element_type=\"widget\" data-widget_type=\"heading.default\">\n\t\t\t\t<div class=\"elementor-widget-container\">\n\t\t\t<style>\/*! elementor - v3.6.6 - 08-06-2022 *\/\n.elementor-heading-title{padding:0;margin:0;line-height:1}.elementor-widget-heading .elementor-heading-title[class*=elementor-size-]>a{color:inherit;font-size:inherit;line-height:inherit}.elementor-widget-heading .elementor-heading-title.elementor-size-small{font-size:15px}.elementor-widget-heading .elementor-heading-title.elementor-size-medium{font-size:19px}.elementor-widget-heading .elementor-heading-title.elementor-size-large{font-size:29px}.elementor-widget-heading .elementor-heading-title.elementor-size-xl{font-size:39px}.elementor-widget-heading .elementor-heading-title.elementor-size-xxl{font-size:59px}<\/style><h2 class=\"elementor-heading-title elementor-size-xl\">Bluesun Hotel Elaphusa, citt\u00e0 di Bol<\/h2>\t\t<\/div>\n\t\t\t\t<\/div>\n\t\t\t\t\t<\/div>\n\t\t<\/div>\n\t\t\t\t\t\t\t<\/div>\n\t\t<\/section>\n\t\t\t\t<section class=\"elementor-section elementor-top-section elementor-element elementor-element-e052cdb elementor-section-boxed elementor-section-height-default elementor-section-height-default\" data-id=\"e052cdb\" data-element_type=\"section\">\n\t\t\t\t\t\t<div class=\"elementor-container elementor-column-gap-default\">\n\t\t\t\t\t<div data-wts-url=\"https:\/\/www.google.com\/travel\/hotels\/Bluesun%20Hotel%20Elaphusa,%20Bol,%20Island%20Brac\/entity\/CgoIhJy8_8fhwv4sEAE\/reviews?g2lb=2502548%2C2503771%2C2503781%2C4258168%2C4270442%2C4284970%2C4291517%2C4306835%2C4518327%2C4597339%2C4640247%2C4649665%2C4680677%2C4722900%2C4723331%2C4733969%2C4747697%2C4757164%2C4758102%2C4758493%2C4762561&amp;hl=en-HR&amp;gl=hr&amp;ssta=1&amp;q=Bluesun%20Hotel%20Elaphusa%2C%20Bol%2C%20Island%20Brac&amp;grf=EnMKNAgMEjASLrIBKxIpCicKJTB4MTM0YTg0MTc0ZTM5NDllNToweDJjZmQwYjBjN2ZlZjBlMDQKLAgOEigSJnIkKiIKBwjmDxAGGBISBwjmDxAGGBUYAjAeQMoCSgcI5g8QBBgcCg0IEhIJEgeSAQQIAhAD&amp;rp=EIScvP_H4cL-LBCEnLz_x-HC_iw4AkAASAHAAQI&amp;ictx=1&amp;sa=X&amp;ved=2ahUKEwjg-aOQ3Lf3AhVjlYsKHa0aB7MQ4gl6BAhSEAU\" data-wts-link=\"yes\" data-wts-new-window=\"yes\" class=\"elementor-column elementor-col-100 elementor-top-column elementor-element elementor-element-af16745 ae-link-yes\" data-id=\"af16745\" data-element_type=\"column\">\n\t\t\t<div class=\"elementor-widget-wrap elementor-element-populated\">\n\t\t\t\t\t\t\t\t<div class=\"elementor-element elementor-element-9a61ef5 elementor-star-rating-mobile--align-left elementor--star-style-star_fontawesome elementor-widget elementor-widget-star-rating\" data-id=\"9a61ef5\" data-element_type=\"widget\" data-widget_type=\"star-rating.default\">\n\t\t\t\t<div class=\"elementor-widget-container\">\n\t\t\t<style>\/*! elementor - v3.6.6 - 08-06-2022 *\/\n.elementor-star-rating{color:#ccd6df;font-family:eicons;display:inline-block}.elementor-star-rating i{display:inline-block;position:relative;font-style:normal;cursor:default}.elementor-star-rating i:before{content:\"\\e934\";display:block;font-size:inherit;font-family:inherit;position:absolute;overflow:hidden;color:#f0ad4e;top:0;left:0}.elementor-star-rating .elementor-star-empty:before{content:none}.elementor-star-rating .elementor-star-1:before{width:10%}.elementor-star-rating .elementor-star-2:before{width:20%}.elementor-star-rating .elementor-star-3:before{width:30%}.elementor-star-rating .elementor-star-4:before{width:40%}.elementor-star-rating .elementor-star-5:before{width:50%}.elementor-star-rating .elementor-star-6:before{width:60%}.elementor-star-rating .elementor-star-7:before{width:70%}.elementor-star-rating .elementor-star-8:before{width:80%}.elementor-star-rating .elementor-star-9:before{width:90%}.elementor-star-rating__wrapper{display:-webkit-box;display:-ms-flexbox;display:flex;-webkit-box-align:center;-ms-flex-align:center;align-items:center}.elementor-star-rating__title{margin-right:10px}.elementor-star-rating--align-right .elementor-star-rating__wrapper{text-align:right;-webkit-box-pack:end;-ms-flex-pack:end;justify-content:flex-end}.elementor-star-rating--align-left .elementor-star-rating__wrapper{text-align:left;-webkit-box-pack:start;-ms-flex-pack:start;justify-content:flex-start}.elementor-star-rating--align-center .elementor-star-rating__wrapper{text-align:center;-webkit-box-pack:center;-ms-flex-pack:center;justify-content:center}.elementor-star-rating--align-justify .elementor-star-rating__title{margin-right:auto}@media (max-width:1024px){.elementor-star-rating-tablet--align-right .elementor-star-rating__wrapper{text-align:right;-webkit-box-pack:end;-ms-flex-pack:end;justify-content:flex-end}.elementor-star-rating-tablet--align-left .elementor-star-rating__wrapper{text-align:left;-webkit-box-pack:start;-ms-flex-pack:start;justify-content:flex-start}.elementor-star-rating-tablet--align-center .elementor-star-rating__wrapper{text-align:center;-webkit-box-pack:center;-ms-flex-pack:center;justify-content:center}.elementor-star-rating-tablet--align-justify .elementor-star-rating__title{margin-right:auto}}@media (max-width:767px){.elementor-star-rating-mobile--align-right .elementor-star-rating__wrapper{text-align:right;-webkit-box-pack:end;-ms-flex-pack:end;justify-content:flex-end}.elementor-star-rating-mobile--align-left .elementor-star-rating__wrapper{text-align:left;-webkit-box-pack:start;-ms-flex-pack:start;justify-content:flex-start}.elementor-star-rating-mobile--align-center .elementor-star-rating__wrapper{text-align:center;-webkit-box-pack:center;-ms-flex-pack:center;justify-content:center}.elementor-star-rating-mobile--align-justify .elementor-star-rating__title{margin-right:auto}}.last-star{letter-spacing:0}.elementor--star-style-star_unicode .elementor-star-rating{font-family:Arial,Helvetica,sans-serif}.elementor--star-style-star_unicode .elementor-star-rating i:not(.elementor-star-empty):before{content:\"\\002605\"}<\/style>\n\t\t<div class=\"elementor-star-rating__wrapper\">\n\t\t\t\t\t\t\t<div class=\"elementor-star-rating__title\">Valutazione di Google<\/div>\n\t\t\t\t\t\t<div class=\"elementor-star-rating\" title=\"4.4\/5\" itemtype=\"http:\/\/schema.org\/Rating\" itemscope=\"\" itemprop=\"reviewRating\"><i class=\"elementor-star-full\">\ue933<\/i><i class=\"elementor-star-full\">\ue933<\/i><i class=\"elementor-star-full\">\ue933<\/i><i class=\"elementor-star-full\">\ue933<\/i><i class=\"elementor-star-4\">\ue933<\/i> <span itemprop=\"ratingValue\" class=\"elementor-screen-only\">4.4\/5<\/span><\/div>\t\t<\/div>\n\t\t\t\t<\/div>\n\t\t\t\t<\/div>\n\t\t\t\t\t<\/div>\n\t\t<\/div>\n\t\t\t\t\t\t\t<\/div>\n\t\t<\/section>\n\t\t\t\t<section class=\"elementor-section elementor-top-section elementor-element elementor-element-7830c30 elementor-section-boxed elementor-section-height-default elementor-section-height-default\" data-id=\"7830c30\" data-element_type=\"section\">\n\t\t\t\t\t\t<div class=\"elementor-container elementor-column-gap-default\">\n\t\t\t\t\t<div class=\"elementor-column elementor-col-50 elementor-top-column elementor-element elementor-element-e0aa95a\" data-id=\"e0aa95a\" data-element_type=\"column\">\n\t\t\t<div class=\"elementor-widget-wrap elementor-element-populated\">\n\t\t\t\t\t\t\t\t<div class=\"elementor-element elementor-element-bc4a6f3 elementor-widget elementor-widget-text-editor\" data-id=\"bc4a6f3\" data-element_type=\"widget\" data-widget_type=\"text-editor.default\">\n\t\t\t\t<div class=\"elementor-widget-container\">\n\t\t\t<style>\/*! elementor - v3.6.6 - 08-06-2022 *\/\n.elementor-widget-text-editor.elementor-drop-cap-view-stacked .elementor-drop-cap{background-color:#818a91;color:#fff}.elementor-widget-text-editor.elementor-drop-cap-view-framed .elementor-drop-cap{color:#818a91;border:3px solid;background-color:transparent}.elementor-widget-text-editor:not(.elementor-drop-cap-view-default) .elementor-drop-cap{margin-top:8px}.elementor-widget-text-editor:not(.elementor-drop-cap-view-default) .elementor-drop-cap-letter{width:1em;height:1em}.elementor-widget-text-editor .elementor-drop-cap{float:left;text-align:center;line-height:1;font-size:50px}.elementor-widget-text-editor .elementor-drop-cap-letter{display:inline-block}<\/style>\t\t\t\t<p>Indirizzo: Put Zlatnog Rata 46<br \/>Codice postale: 21420<\/p>\t\t\t\t\t\t<\/div>\n\t\t\t\t<\/div>\n\t\t\t\t<div class=\"elementor-element elementor-element-c22a345 elementor-widget elementor-widget-text-editor\" data-id=\"c22a345\" data-element_type=\"widget\" data-widget_type=\"text-editor.default\">\n\t\t\t\t<div class=\"elementor-widget-container\">\n\t\t\t\t\t\t\t<p>Questo rilassante resort all-inclusive dista 6 minuti a piedi dalla spiaggia di Zlatni Rat sul Mar Adriatico e 31 km dalla cima del monte Vidova Gora e dalla riserva naturale.<\/p><p>Le camere informali sono dotate di Wi-Fi gratuito, TV a schermo piatto e balcone o terrazza. Alcune dispongono di divani letto e le suite dispongono di soggiorno separato. Molte sistemazioni offrono vista mare.<\/p><p>Il noleggio biciclette \u00e8 incluso, cos\u00ec come i pasti e le bevande serviti in un ristorante a buffet, una pizzeria e 2 ristoranti a tema, nonch\u00e9 in una discoteca e diversi bar. Altri servizi includono una spa, un centro fitness, 2 piscine all&#039;aperto e campi sportivi, oltre a miniclub. Gli sport acquatici sono disponibili a pagamento.<\/p>\t\t\t\t\t\t<\/div>\n\t\t\t\t<\/div>\n\t\t\t\t\t<\/div>\n\t\t<\/div>\n\t\t\t\t<div class=\"elementor-column elementor-col-50 elementor-top-column elementor-element elementor-element-2026403\" data-id=\"2026403\" data-element_type=\"column\">\n\t\t\t<div class=\"elementor-widget-wrap elementor-element-populated\">\n\t\t\t\t\t\t\t\t<div class=\"elementor-element elementor-element-d22b580 elementor-widget elementor-widget-image\" data-id=\"d22b580\" data-element_type=\"widget\" data-widget_type=\"image.default\">\n\t\t\t\t<div class=\"elementor-widget-container\">\n\t\t\t<style>\/*! elementor - v3.6.6 - 08-06-2022 *\/\n.elementor-widget-image{text-align:center}.elementor-widget-image a{display:inline-block}.elementor-widget-image a img[src$=\".svg\"]{width:48px}.elementor-widget-image img{vertical-align:middle;display:inline-block}<\/style>\t\t\t\t\t\t\t\t\t\t\t\t<img loading=\"lazy\" decoding=\"async\" width=\"2400\" height=\"1200\" src=\"https:\/\/dalmatia-express.com\/wp-content\/uploads\/2022\/04\/Bluesun-Bol14-2.jpg-2646.webp\" class=\"attachment-full size-full\" alt=\"BRETANIDE Sport &amp; Wellness Resort, Bol, Isola di Brac\" srcset=\"https:\/\/dalmatia-express.com\/wp-content\/uploads\/2022\/04\/Bluesun-Bol14-2.jpg-2646.webp 2400w, https:\/\/dalmatia-express.com\/wp-content\/uploads\/2022\/04\/Bluesun-Bol14-2.jpg-2646-300x150.webp 300w, https:\/\/dalmatia-express.com\/wp-content\/uploads\/2022\/04\/Bluesun-Bol14-2.jpg-2646-1024x512.webp 1024w, https:\/\/dalmatia-express.com\/wp-content\/uploads\/2022\/04\/Bluesun-Bol14-2.jpg-2646-768x384.webp 768w, https:\/\/dalmatia-express.com\/wp-content\/uploads\/2022\/04\/Bluesun-Bol14-2.jpg-2646-1536x768.webp 1536w, https:\/\/dalmatia-express.com\/wp-content\/uploads\/2022\/04\/Bluesun-Bol14-2.jpg-2646-2048x1024.webp 2048w\" sizes=\"auto, (max-width: 2400px) 100vw, 2400px\" \/>\t\t\t\t\t\t\t\t\t\t\t\t\t\t\t<\/div>\n\t\t\t\t<\/div>\n\t\t\t\t\t<\/div>\n\t\t<\/div>\n\t\t\t\t\t\t\t<\/div>\n\t\t<\/section>\n\t\t\t\t<section class=\"elementor-section elementor-top-section elementor-element elementor-element-944f55b elementor-section-stretched elementor-section-boxed elementor-section-height-default elementor-section-height-default\" data-id=\"944f55b\" data-element_type=\"section\" data-settings=\"{&quot;background_background&quot;:&quot;classic&quot;,&quot;stretch_section&quot;:&quot;section-stretched&quot;}\">\n\t\t\t\t\t\t<div class=\"elementor-container elementor-column-gap-no\">\n\t\t\t\t\t<div class=\"elementor-column elementor-col-100 elementor-top-column elementor-element elementor-element-be14494\" data-id=\"be14494\" data-element_type=\"column\">\n\t\t\t<div class=\"elementor-widget-wrap elementor-element-populated\">\n\t\t\t\t\t\t\t\t<div class=\"elementor-element elementor-element-bae2bd2 elementor-widget elementor-widget-heading\" data-id=\"bae2bd2\" data-element_type=\"widget\" data-widget_type=\"heading.default\">\n\t\t\t\t<div class=\"elementor-widget-container\">\n\t\t\t<h3 class=\"elementor-heading-title elementor-size-xl\">Prenota il tuo trasferimento in taxi acqueo al Bluesun Hotel Elaphusa, Bol!<\/h3>\t\t<\/div>\n\t\t\t\t<\/div>\n\t\t\t\t<div class=\"elementor-element elementor-element-d67cbfa elementor-align-left elementor-widget elementor-widget-button\" data-id=\"d67cbfa\" data-element_type=\"widget\" data-widget_type=\"button.default\">\n\t\t\t\t<div class=\"elementor-widget-container\">\n\t\t\t\t\t<div class=\"elementor-button-wrapper\">\n\t\t\t<a href=\"https:\/\/dalmatia-express.com\/it\/contact\/\" class=\"elementor-button-link elementor-button elementor-size-md\" role=\"button\">\n\t\t\t\t\t\t<span class=\"elementor-button-content-wrapper\">\n\t\t\t\t\t\t<span class=\"elementor-button-text\">Clicca qui per <strong>Prenotare<\/span>\n\t\t<\/span>\n\t\t\t\t\t<\/a>\n\t\t<\/div>\n\t\t\t\t<\/div>\n\t\t\t\t<\/div>\n\t\t\t\t\t<\/div>\n\t\t<\/div>\n\t\t\t\t\t\t\t<\/div>\n\t\t<\/section>\n\t\t\t\t<section class=\"elementor-section elementor-top-section elementor-element elementor-element-5ed444a elementor-section-boxed elementor-section-height-default elementor-section-height-default\" data-id=\"5ed444a\" data-element_type=\"section\">\n\t\t\t\t\t\t<div class=\"elementor-container elementor-column-gap-default\">\n\t\t\t\t\t<div class=\"elementor-column elementor-col-100 elementor-top-column elementor-element elementor-element-9f44bf5\" data-id=\"9f44bf5\" data-element_type=\"column\">\n\t\t\t<div class=\"elementor-widget-wrap elementor-element-populated\">\n\t\t\t\t\t\t\t\t<div class=\"elementor-element elementor-element-5dc89b3 elementor-widget elementor-widget-heading\" data-id=\"5dc89b3\" data-element_type=\"widget\" data-widget_type=\"heading.default\">\n\t\t\t\t<div class=\"elementor-widget-container\">\n\t\t\t<h2 class=\"elementor-heading-title elementor-size-xl\">Galleria dell&#039;hotel Bluesun Elaphusa<\/h2>\t\t<\/div>\n\t\t\t\t<\/div>\n\t\t\t\t\t<\/div>\n\t\t<\/div>\n\t\t\t\t\t\t\t<\/div>\n\t\t<\/section>\n\t\t\t\t<section class=\"elementor-section elementor-top-section elementor-element elementor-element-41c5363 elementor-section-full_width elementor-section-stretched elementor-section-height-default elementor-section-height-default\" data-id=\"41c5363\" data-element_type=\"section\" data-settings=\"{&quot;stretch_section&quot;:&quot;section-stretched&quot;}\">\n\t\t\t\t\t\t<div class=\"elementor-container elementor-column-gap-no\">\n\t\t\t\t\t<div class=\"elementor-column elementor-col-100 elementor-top-column elementor-element elementor-element-a421bb9\" data-id=\"a421bb9\" data-element_type=\"column\">\n\t\t\t<div class=\"elementor-widget-wrap elementor-element-populated\">\n\t\t\t\t\t\t\t\t<div class=\"elementor-element elementor-element-868e9d5 elementor-widget elementor-widget-image-carousel\" data-id=\"868e9d5\" data-element_type=\"widget\" data-settings=\"{&quot;navigation&quot;:&quot;none&quot;,&quot;autoplay&quot;:&quot;yes&quot;,&quot;pause_on_hover&quot;:&quot;yes&quot;,&quot;pause_on_interaction&quot;:&quot;yes&quot;,&quot;autoplay_speed&quot;:5000,&quot;infinite&quot;:&quot;yes&quot;,&quot;speed&quot;:500}\" data-widget_type=\"image-carousel.default\">\n\t\t\t\t<div class=\"elementor-widget-container\">\n\t\t\t<style>\/*! elementor - v3.6.6 - 08-06-2022 *\/\n.elementor-widget-image-carousel .swiper-container{position:static}.elementor-widget-image-carousel .swiper-container .swiper-slide figure{line-height:inherit}.elementor-widget-image-carousel .swiper-slide{text-align:center}.elementor-image-carousel-wrapper:not(.swiper-container-initialized) .swiper-slide{max-width:calc(100% \/ var(--e-image-carousel-slides-to-show, 3))}<\/style>\t\t<div class=\"elementor-image-carousel-wrapper swiper-container\" dir=\"ltr\">\n\t\t\t<div class=\"elementor-image-carousel swiper-wrapper\">\n\t\t\t\t\t\t\t\t<div class=\"swiper-slide\"><a data-elementor-open-lightbox=\"yes\" data-elementor-lightbox-slideshow=\"868e9d5\" data-elementor-lightbox-title=\"BRETANIDE Sport &amp; Wellness Resort, Bol, Island Brac\" e-action-hash=\"#elementor-action%3Aaction%3Dlightbox%26settings%3DeyJpZCI6MzcyNSwidXJsIjoiaHR0cHM6XC9cL2RhbG1hdGlhLWV4cHJlc3MuY29tXC93cC1jb250ZW50XC91cGxvYWRzXC8yMDIyXC8wNFwvRWxhcGh1c2EtMzEzNS53ZWJwIiwic2xpZGVzaG93IjoiODY4ZTlkNSJ9\" href=\"https:\/\/dalmatia-express.com\/wp-content\/uploads\/2022\/04\/Elaphusa-3135.webp\"><figure class=\"swiper-slide-inner\"><img decoding=\"async\" class=\"swiper-slide-image\" src=\"https:\/\/dalmatia-express.com\/wp-content\/uploads\/2022\/04\/Elaphusa-3135.webp\" alt=\"BRETANIDE Sport &amp; Wellness Resort, Bol, Isola di Brac\" \/><\/figure><\/a><\/div><div class=\"swiper-slide\"><a data-elementor-open-lightbox=\"yes\" data-elementor-lightbox-slideshow=\"868e9d5\" data-elementor-lightbox-title=\"BRETANIDE Sport &amp; Wellness Resort, Bol, Island Brac\" e-action-hash=\"#elementor-action%3Aaction%3Dlightbox%26settings%3DeyJpZCI6MzcyNCwidXJsIjoiaHR0cHM6XC9cL2RhbG1hdGlhLWV4cHJlc3MuY29tXC93cC1jb250ZW50XC91cGxvYWRzXC8yMDIyXC8wNFwvQmx1ZVN1bi1saWZlc3R5bGUtNDAxOC5qcGctMjcwNS53ZWJwIiwic2xpZGVzaG93IjoiODY4ZTlkNSJ9\" href=\"https:\/\/dalmatia-express.com\/wp-content\/uploads\/2022\/04\/BlueSun-lifestyle-4018.jpg-2705.webp\"><figure class=\"swiper-slide-inner\"><img decoding=\"async\" class=\"swiper-slide-image\" src=\"https:\/\/dalmatia-express.com\/wp-content\/uploads\/2022\/04\/BlueSun-lifestyle-4018.jpg-2705.webp\" alt=\"BRETANIDE Sport &amp; Wellness Resort, Bol, Isola di Brac\" \/><\/figure><\/a><\/div><div class=\"swiper-slide\"><a data-elementor-open-lightbox=\"yes\" data-elementor-lightbox-slideshow=\"868e9d5\" data-elementor-lightbox-title=\"BlueSun lifestyle 3735.jpg-2670\" e-action-hash=\"#elementor-action%3Aaction%3Dlightbox%26settings%3DeyJpZCI6MzcyMywidXJsIjoiaHR0cHM6XC9cL2RhbG1hdGlhLWV4cHJlc3MuY29tXC93cC1jb250ZW50XC91cGxvYWRzXC8yMDIyXC8wNFwvQmx1ZVN1bi1saWZlc3R5bGUtMzczNS5qcGctMjY3MC53ZWJwIiwic2xpZGVzaG93IjoiODY4ZTlkNSJ9\" href=\"https:\/\/dalmatia-express.com\/wp-content\/uploads\/2022\/04\/BlueSun-lifestyle-3735.jpg-2670.webp\"><figure class=\"swiper-slide-inner\"><img decoding=\"async\" class=\"swiper-slide-image\" src=\"https:\/\/dalmatia-express.com\/wp-content\/uploads\/2022\/04\/BlueSun-lifestyle-3735.jpg-2670.webp\" alt=\"BRETANIDE Sport &amp; Wellness Resort, Bol, Isola di Brac\" \/><\/figure><\/a><\/div><div class=\"swiper-slide\"><a data-elementor-open-lightbox=\"yes\" data-elementor-lightbox-slideshow=\"868e9d5\" data-elementor-lightbox-title=\"BRETANIDE Sport &amp; Wellness Resort, Bol, Island Brac\" e-action-hash=\"#elementor-action%3Aaction%3Dlightbox%26settings%3DeyJpZCI6MzcyMiwidXJsIjoiaHR0cHM6XC9cL2RhbG1hdGlhLWV4cHJlc3MuY29tXC93cC1jb250ZW50XC91cGxvYWRzXC8yMDIyXC8wNFwvQmx1ZVN1bi1saWZlc3R5bGUtMzY5Mi5qcGctMjY2OS53ZWJwIiwic2xpZGVzaG93IjoiODY4ZTlkNSJ9\" href=\"https:\/\/dalmatia-express.com\/wp-content\/uploads\/2022\/04\/BlueSun-lifestyle-3692.jpg-2669.webp\"><figure class=\"swiper-slide-inner\"><img decoding=\"async\" class=\"swiper-slide-image\" src=\"https:\/\/dalmatia-express.com\/wp-content\/uploads\/2022\/04\/BlueSun-lifestyle-3692.jpg-2669.webp\" alt=\"BRETANIDE Sport &amp; Wellness Resort, Bol, Isola di Brac\" \/><\/figure><\/a><\/div><div class=\"swiper-slide\"><a data-elementor-open-lightbox=\"yes\" data-elementor-lightbox-slideshow=\"868e9d5\" data-elementor-lightbox-title=\"BRETANIDE Sport &amp; Wellness Resort, Bol, Island Brac\" e-action-hash=\"#elementor-action%3Aaction%3Dlightbox%26settings%3DeyJpZCI6MzcyMSwidXJsIjoiaHR0cHM6XC9cL2RhbG1hdGlhLWV4cHJlc3MuY29tXC93cC1jb250ZW50XC91cGxvYWRzXC8yMDIyXC8wNFwvQmx1ZVN1bi1saWZlc3R5bGUtMzU1Ni5qcGctMjYwOS53ZWJwIiwic2xpZGVzaG93IjoiODY4ZTlkNSJ9\" href=\"https:\/\/dalmatia-express.com\/wp-content\/uploads\/2022\/04\/BlueSun-lifestyle-3556.jpg-2609.webp\"><figure class=\"swiper-slide-inner\"><img decoding=\"async\" class=\"swiper-slide-image\" src=\"https:\/\/dalmatia-express.com\/wp-content\/uploads\/2022\/04\/BlueSun-lifestyle-3556.jpg-2609.webp\" alt=\"BRETANIDE Sport &amp; Wellness Resort, Bol, Isola di Brac\" \/><\/figure><\/a><\/div>\t\t\t<\/div>\n\t\t\t\t\t\t\t\t\t\t\t\t\t\t\t\t<\/div>\n\t\t\t\t<\/div>\n\t\t\t\t<\/div>\n\t\t\t\t\t<\/div>\n\t\t<\/div>\n\t\t\t\t\t\t\t<\/div>\n\t\t<\/section>\n\t\t\t\t\t\t\t<\/div>","protected":false},"excerpt":{"rendered":"<p>Bluesun Hotel Elaphusa, Bol Town Valutazione Google \ue933\ue933\ue933\ue933\ue933 4,4\/5 Indirizzo: Put Zlatnog Rata 46 CAP: 21420 Questo rilassante resort all-inclusive dista 6 minuti a piedi dalla spiaggia di Zlatni Rat, sul Mar Adriatico, e 31 km dalla vetta del monte Vidova Gora e dalla sua riserva naturale. Le camere informali sono dotate di Wi-Fi gratuito, TV a schermo piatto e balcone o terrazza. [\u2026]<\/p>","protected":false},"author":1,"featured_media":0,"parent":2792,"menu_order":0,"comment_status":"closed","ping_status":"closed","template":"elementor_theme","meta":{"footnotes":""},"class_list":["post-3713","page","type-page","status-publish","hentry"],"_links":{"self":[{"href":"https:\/\/dalmatia-express.com\/it\/wp-json\/wp\/v2\/pages\/3713","targetHints":{"allow":["GET"]}}],"collection":[{"href":"https:\/\/dalmatia-express.com\/it\/wp-json\/wp\/v2\/pages"}],"about":[{"href":"https:\/\/dalmatia-express.com\/it\/wp-json\/wp\/v2\/types\/page"}],"author":[{"embeddable":true,"href":"https:\/\/dalmatia-express.com\/it\/wp-json\/wp\/v2\/users\/1"}],"replies":[{"embeddable":true,"href":"https:\/\/dalmatia-express.com\/it\/wp-json\/wp\/v2\/comments?post=3713"}],"version-history":[{"count":0,"href":"https:\/\/dalmatia-express.com\/it\/wp-json\/wp\/v2\/pages\/3713\/revisions"}],"up":[{"embeddable":true,"href":"https:\/\/dalmatia-express.com\/it\/wp-json\/wp\/v2\/pages\/2792"}],"wp:attachment":[{"href":"https:\/\/dalmatia-express.com\/it\/wp-json\/wp\/v2\/media?parent=3713"}],"curies":[{"name":"wp","href":"https:\/\/api.w.org\/{rel}","templated":true}]}}