{"id":109,"date":"2020-02-17T07:52:06","date_gmt":"2020-02-17T07:52:06","guid":{"rendered":"http:\/\/el.commonsupport.com\/newwp\/lanong\/?page_id=109"},"modified":"2022-05-02T13:36:19","modified_gmt":"2022-05-02T13:36:19","slug":"about","status":"publish","type":"page","link":"https:\/\/dalmatia-express.com\/nb\/about\/","title":{"rendered":"Om oss"},"content":{"rendered":"<div data-elementor-type=\"wp-page\" data-elementor-id=\"109\" class=\"elementor elementor-109\">\n\t\t\t\t\t\t\t\t\t<section class=\"elementor-section elementor-top-section elementor-element elementor-element-0ef4b47 elementor-section-full_width elementor-section-height-default elementor-section-height-default\" data-id=\"0ef4b47\" data-element_type=\"section\">\n\t\t\t\t\t\t<div class=\"elementor-container elementor-column-gap-no\">\n\t\t\t\t\t<div class=\"elementor-column elementor-col-100 elementor-top-column elementor-element elementor-element-fac0e6e\" data-id=\"fac0e6e\" data-element_type=\"column\">\n\t\t\t<div class=\"elementor-widget-wrap elementor-element-populated\">\n\t\t\t\t\t\t\t\t<div class=\"elementor-element elementor-element-db9ca0d elementor-widget elementor-widget-heading\" data-id=\"db9ca0d\" data-element_type=\"widget\" data-widget_type=\"heading.default\">\n\t\t\t\t<div class=\"elementor-widget-container\">\n\t\t\t<style>\/*! elementor - v3.6.6 - 08-06-2022 *\/\n.elementor-heading-title{padding:0;margin:0;line-height:1}.elementor-widget-heading .elementor-heading-title[class*=elementor-size-]>a{color:inherit;font-size:inherit;line-height:inherit}.elementor-widget-heading .elementor-heading-title.elementor-size-small{font-size:15px}.elementor-widget-heading .elementor-heading-title.elementor-size-medium{font-size:19px}.elementor-widget-heading .elementor-heading-title.elementor-size-large{font-size:29px}.elementor-widget-heading .elementor-heading-title.elementor-size-xl{font-size:39px}.elementor-widget-heading .elementor-heading-title.elementor-size-xxl{font-size:59px}<\/style><h5 class=\"elementor-heading-title elementor-size-medium\">V\u00e5r historie<\/h5>\t\t<\/div>\n\t\t\t\t<\/div>\n\t\t\t\t<div class=\"elementor-element elementor-element-7922bf1 elementor-widget elementor-widget-heading\" data-id=\"7922bf1\" data-element_type=\"widget\" data-widget_type=\"heading.default\">\n\t\t\t\t<div class=\"elementor-widget-container\">\n\t\t\t<h1 class=\"elementor-heading-title elementor-size-default\">Velkommen til <strong>Dalmatia Express<\/strong><\/h1>\t\t<\/div>\n\t\t\t\t<\/div>\n\t\t\t\t<div class=\"elementor-element elementor-element-d54d254 elementor-widget elementor-widget-spacer\" data-id=\"d54d254\" data-element_type=\"widget\" data-widget_type=\"spacer.default\">\n\t\t\t\t<div class=\"elementor-widget-container\">\n\t\t\t<style>\/*! elementor - v3.6.6 - 08-06-2022 *\/\n.e-container.e-container--row .elementor-spacer-inner{width:var(--spacer-size)}.e-container.e-container--column .elementor-spacer-inner,.elementor-column .elementor-spacer-inner{height:var(--spacer-size)}<\/style>\t\t<div class=\"elementor-spacer\">\n\t\t\t<div class=\"elementor-spacer-inner\"><\/div>\n\t\t<\/div>\n\t\t\t\t<\/div>\n\t\t\t\t<\/div>\n\t\t\t\t\t<\/div>\n\t\t<\/div>\n\t\t\t\t\t\t\t<\/div>\n\t\t<\/section>\n\t\t\t\t<section class=\"elementor-section elementor-top-section elementor-element elementor-element-226929f elementor-section-boxed elementor-section-height-default elementor-section-height-default\" data-id=\"226929f\" data-element_type=\"section\">\n\t\t\t\t\t\t<div class=\"elementor-container elementor-column-gap-default\">\n\t\t\t\t\t<div class=\"elementor-column elementor-col-50 elementor-top-column elementor-element elementor-element-d12be71\" data-id=\"d12be71\" data-element_type=\"column\">\n\t\t\t<div class=\"elementor-widget-wrap elementor-element-populated\">\n\t\t\t\t\t\t\t\t<div class=\"elementor-element elementor-element-f077419 elementor-widget elementor-widget-text-editor\" data-id=\"f077419\" data-element_type=\"widget\" data-widget_type=\"text-editor.default\">\n\t\t\t\t<div class=\"elementor-widget-container\">\n\t\t\t<style>\/*! elementor - v3.6.6 - 08-06-2022 *\/\n.elementor-widget-text-editor.elementor-drop-cap-view-stacked .elementor-drop-cap{background-color:#818a91;color:#fff}.elementor-widget-text-editor.elementor-drop-cap-view-framed .elementor-drop-cap{color:#818a91;border:3px solid;background-color:transparent}.elementor-widget-text-editor:not(.elementor-drop-cap-view-default) .elementor-drop-cap{margin-top:8px}.elementor-widget-text-editor:not(.elementor-drop-cap-view-default) .elementor-drop-cap-letter{width:1em;height:1em}.elementor-widget-text-editor .elementor-drop-cap{float:left;text-align:center;line-height:1;font-size:50px}.elementor-widget-text-editor .elementor-drop-cap-letter{display:inline-block}<\/style>\t\t\t\t<p>Som en elsker av havet (utdannet ved fakultetet for \u00f8kologi og havets biologi), bestemte jeg meg for \u00e5 gj\u00f8re min kj\u00e6rlighet til skip og hydrodynamikk til en guttedr\u00f8m og kj\u00f8pte min f\u00f8rste hurtigb\u00e5t som jeg kunne frakte passasjerer med.<\/p><p>Jeg var den f\u00f8rste som begynte \u00e5 tilby privat vanntransport som forbinder gjester med de sentrale dalmatiske \u00f8yene.<\/p><p>Da jeg fant ut av min venn og deltaker i verdens olympiske seilingskonkurranser, legenden om kroatisk seiling, <a href=\"https:\/\/en.wikipedia.org\/wiki\/Mate_Arapov\" target=\"_blank\" rel=\"noopener\">Mato Arapova<\/a>, bygger skip Jeg bestemte meg for \u00e5 kj\u00f8pe produktet hans Lolivul 5.9 med en Honda 90 HK.<\/p><p>Etter den f\u00f8rste sommersesongen overtalte jeg Mata til \u00e5 lage meg en st\u00f8rre b\u00e5t, noe han gjorde. Lolivul 9 m. med Yamaha 350 HK.<\/p>\t\t\t\t\t\t<\/div>\n\t\t\t\t<\/div>\n\t\t\t\t<div class=\"elementor-element elementor-element-c9d5d76 elementor-widget elementor-widget-image\" data-id=\"c9d5d76\" data-element_type=\"widget\" data-widget_type=\"image.default\">\n\t\t\t\t<div class=\"elementor-widget-container\">\n\t\t\t<style>\/*! elementor - v3.6.6 - 08-06-2022 *\/\n.elementor-widget-image{text-align:center}.elementor-widget-image a{display:inline-block}.elementor-widget-image a img[src$=\".svg\"]{width:48px}.elementor-widget-image img{vertical-align:middle;display:inline-block}<\/style>\t\t\t\t\t\t\t\t\t\t\t\t<img loading=\"lazy\" decoding=\"async\" width=\"525\" height=\"214\" src=\"https:\/\/dalmatia-express.com\/wp-content\/uploads\/2022\/04\/0f7bde2c-e75b-4f48-ae19-f5d54da2b3f0-e1651008516154-1024x417.jpg\" class=\"attachment-large size-large\" alt=\"\" srcset=\"https:\/\/dalmatia-express.com\/wp-content\/uploads\/2022\/04\/0f7bde2c-e75b-4f48-ae19-f5d54da2b3f0-e1651008516154-1024x417.jpg 1024w, https:\/\/dalmatia-express.com\/wp-content\/uploads\/2022\/04\/0f7bde2c-e75b-4f48-ae19-f5d54da2b3f0-e1651008516154-300x122.jpg 300w, https:\/\/dalmatia-express.com\/wp-content\/uploads\/2022\/04\/0f7bde2c-e75b-4f48-ae19-f5d54da2b3f0-e1651008516154-768x313.jpg 768w, https:\/\/dalmatia-express.com\/wp-content\/uploads\/2022\/04\/0f7bde2c-e75b-4f48-ae19-f5d54da2b3f0-e1651008516154.jpg 1494w\" sizes=\"auto, (max-width: 525px) 100vw, 525px\" \/>\t\t\t\t\t\t\t\t\t\t\t\t\t\t\t<\/div>\n\t\t\t\t<\/div>\n\t\t\t\t<div class=\"elementor-element elementor-element-1a78b55 elementor-widget elementor-widget-text-editor\" data-id=\"1a78b55\" data-element_type=\"widget\" data-widget_type=\"text-editor.default\">\n\t\t\t\t<div class=\"elementor-widget-container\">\n\t\t\t\t\t\t\t<p>Etter det ville jeg ha en enda st\u00f8rre hurtigb\u00e5t p\u00e5 12 meter og pr\u00f8vde \u00e5 overtale Mata igjen. Han svarte med:<\/p><p><b>\u00abNei, lag det selv, s\u00e5 skal jeg hjelpe deg med det. Du vet hva du vil ha, hva slags b\u00e5t du trenger.\u00bb<\/b><\/p><p>\u00c5 bygge min egen b\u00e5t var for hardt, s\u00e5 jeg begynte \u00e5 lete i utlandet etter en b\u00e5t jeg kunne kj\u00f8pe.<\/p><p>Jeg visste hva slags skip jeg ville ha: profesjonelt, luksuri\u00f8st, raskt, enest\u00e5ende kj\u00f8reegenskaper til sj\u00f8s og eksepsjonell sikkerhet.<\/p><p>Etter et langt s\u00f8k var det ingen produkter som passet til kriteriene mine fordi hvert selskap har inng\u00e5tt noen kompromisser p\u00e5 bekostning av en annen funksjon.<\/p><p>Det gjorde at jeg bestemte meg for \u00e5 bygge min egen hurtigb\u00e5t som ville ha alle funksjonene jeg vil ha uten kompromisser.<\/p>\t\t\t\t\t\t<\/div>\n\t\t\t\t<\/div>\n\t\t\t\t\t<\/div>\n\t\t<\/div>\n\t\t\t\t<div class=\"elementor-column elementor-col-50 elementor-top-column elementor-element elementor-element-a2f1daa\" data-id=\"a2f1daa\" data-element_type=\"column\">\n\t\t\t<div class=\"elementor-widget-wrap elementor-element-populated\">\n\t\t\t\t\t\t\t\t<div class=\"elementor-element elementor-element-5bb1c53 elementor-widget elementor-widget-image\" data-id=\"5bb1c53\" data-element_type=\"widget\" data-widget_type=\"image.default\">\n\t\t\t\t<div class=\"elementor-widget-container\">\n\t\t\t\t\t\t\t\t\t\t\t\t\t\t\t<img loading=\"lazy\" decoding=\"async\" width=\"1502\" height=\"2003\" src=\"https:\/\/dalmatia-express.com\/wp-content\/uploads\/2022\/04\/IMG_3807.jpg\" class=\"attachment-full size-full\" alt=\"\" srcset=\"https:\/\/dalmatia-express.com\/wp-content\/uploads\/2022\/04\/IMG_3807.jpg 1502w, https:\/\/dalmatia-express.com\/wp-content\/uploads\/2022\/04\/IMG_3807-225x300.jpg 225w, https:\/\/dalmatia-express.com\/wp-content\/uploads\/2022\/04\/IMG_3807-768x1024.jpg 768w, https:\/\/dalmatia-express.com\/wp-content\/uploads\/2022\/04\/IMG_3807-1152x1536.jpg 1152w\" sizes=\"auto, (max-width: 1502px) 100vw, 1502px\" \/>\t\t\t\t\t\t\t\t\t\t\t\t\t\t\t<\/div>\n\t\t\t\t<\/div>\n\t\t\t\t<div class=\"elementor-element elementor-element-7ce81e8 elementor-widget elementor-widget-text-editor\" data-id=\"7ce81e8\" data-element_type=\"widget\" id=\"aboutimg\" data-widget_type=\"text-editor.default\">\n\t\t\t\t<div class=\"elementor-widget-container\">\n\t\t\t\t\t\t\t<p>Jeg kalte merket Great White fordi det er uten kompromisser og konkurranse i havet.<\/p><p>Mate introduserer meg for et geni \u2013 en skipsbyggingsingeni\u00f8r, Mr. Ivani\u0161evi\u0107. Jeg sa til Mr. Ivanisevic:<\/p><p><b>&quot;Vi m\u00e5 lage et skip som kan seile trygt n\u00e5r ingen andre kan.&quot;<\/b><\/p><p><span data-preserver-spaces=\"true\">Vi laget skip som kan seile i alle v\u00e6rforhold, praktisk talt usinkbare, b\u00e5ter med en unik visuell identitet og persona.<\/span><\/p><p><strong><span data-preserver-spaces=\"true\">Andre kopierer vi lager.<\/span><\/strong><\/p><p>av Jo\u0161ko Petri\u0107 (grunnlegger og direkt\u00f8r for Dalmatia Express)<\/p>\t\t\t\t\t\t<\/div>\n\t\t\t\t<\/div>\n\t\t\t\t\t<\/div>\n\t\t<\/div>\n\t\t\t\t\t\t\t<\/div>\n\t\t<\/section>\n\t\t\t\t<section class=\"elementor-section elementor-top-section elementor-element elementor-element-e3a32cf elementor-section-full_width elementor-section-height-default elementor-section-height-default\" data-id=\"e3a32cf\" data-element_type=\"section\">\n\t\t\t\t\t\t<div class=\"elementor-container elementor-column-gap-no\">\n\t\t\t\t\t<div class=\"elementor-column elementor-col-100 elementor-top-column elementor-element elementor-element-19940f7\" data-id=\"19940f7\" data-element_type=\"column\">\n\t\t\t<div class=\"elementor-widget-wrap elementor-element-populated\">\n\t\t\t\t\t\t\t\t<div class=\"elementor-element elementor-element-38a15f8 elementor-widget elementor-widget-lanong_about_us_2\" data-id=\"38a15f8\" data-element_type=\"widget\" data-widget_type=\"lanong_about_us_2.default\">\n\t\t\t\t<div class=\"elementor-widget-container\">\n\t\t\t        \r\n        <!--Welcome Section-->\r\n        <section class=\"welcome-section\">\r\n            <div class=\"auto-container\">\r\n                <div class=\"title-box wow fadeInUp\" data-wow-delay=\"0ms\" data-wow-duration=\"1500ms\">\r\n                    <h4><\/h4>\r\n                    <h2><\/h2>\r\n                    <div class=\"text\"><\/div>\r\n                <\/div>\r\n                <div class=\"image-box wow fadeInUp\" data-wow-delay=\"0ms\" data-wow-duration=\"1500ms\">\r\n                    <img decoding=\"async\" src=\"\" alt=\"Fantastisk bilde\">\r\n                <\/div>\r\n    \r\n                <div class=\"event-carousel-box\">\r\n                    <div class=\"event-carousel owl-theme owl-carousel\">\r\n                                                <!--Event Block-->\r\n                        <div class=\"event-block\">\r\n                            <div class=\"inner\">\r\n                                <div class=\"date\"><\/div>\r\n                                <h4><a href=\"\">Starten<\/a><\/h4>\r\n                                <div class=\"text\">Jeg fullf\u00f8rer college og danner selskapet Blizanac doo som f\u00f8rer merkevaren Dalmatia Express.<\/div>\r\n                                <div class=\"year\">2009<\/div>\r\n                            <\/div>\r\n                        <\/div>\r\n                                                <!--Event Block-->\r\n                        <div class=\"event-block\">\r\n                            <div class=\"inner\">\r\n                                <div class=\"date\"><\/div>\r\n                                <h4><a href=\"https:\/\/dalmatia-express.com\/nb\/our-fleet\/great-white-39\/\">Vi bygger den f\u00f8rste Great White<\/a><\/h4>\r\n                                <div class=\"text\">Vi bygde Great White 39, en 12-meters b\u00e5t med en toppfart p\u00e5 50 knop.\n<\/div>\r\n                                <div class=\"year\">2014<\/div>\r\n                            <\/div>\r\n                        <\/div>\r\n                                                <!--Event Block-->\r\n                        <div class=\"event-block\">\r\n                            <div class=\"inner\">\r\n                                <div class=\"date\"><\/div>\r\n                                <h4><a href=\"https:\/\/dalmatia-express.com\/nb\/our-fleet\/great-white-35\/\">Vi bygger det andre skipet<\/a><\/h4>\r\n                                <div class=\"text\">F\u00f8dselen til Great White 35 mindre skip med stor man\u00f8vrerbarhet.<\/div>\r\n                                <div class=\"year\">2017<\/div>\r\n                            <\/div>\r\n                        <\/div>\r\n                                                <!--Event Block-->\r\n                        <div class=\"event-block\">\r\n                            <div class=\"inner\">\r\n                                <div class=\"date\"><\/div>\r\n                                <h4><a href=\"https:\/\/dalmatia-express.com\/nb\/our-fleet\/great-white-49\/\">Kongen av havet<\/a><\/h4>\r\n                                <div class=\"text\">Vi bygger Great White 49 - den st\u00f8rste gummib\u00e5ten produsert i Republikken Kroatia.<\/div>\r\n                                <div class=\"year\">2019<\/div>\r\n                            <\/div>\r\n                        <\/div>\r\n                                            <\/div>\r\n                <\/div>\r\n            <\/div>\r\n        <\/section>\r\n           \r\n\t\t\t\t<\/div>\n\t\t\t\t<\/div>\n\t\t\t\t<div class=\"elementor-element elementor-element-5746170 elementor-widget elementor-widget-heading\" data-id=\"5746170\" data-element_type=\"widget\" data-widget_type=\"heading.default\">\n\t\t\t\t<div class=\"elementor-widget-container\">\n\t\t\t<h2 class=\"elementor-heading-title elementor-size-default\">V\u00e5r kvalitetsgaranti<\/h2>\t\t<\/div>\n\t\t\t\t<\/div>\n\t\t\t\t<div class=\"elementor-element elementor-element-77be444 elementor-widget elementor-widget-spacer\" data-id=\"77be444\" data-element_type=\"widget\" data-widget_type=\"spacer.default\">\n\t\t\t\t<div class=\"elementor-widget-container\">\n\t\t\t\t\t<div class=\"elementor-spacer\">\n\t\t\t<div class=\"elementor-spacer-inner\"><\/div>\n\t\t<\/div>\n\t\t\t\t<\/div>\n\t\t\t\t<\/div>\n\t\t\t\t\t<\/div>\n\t\t<\/div>\n\t\t\t\t\t\t\t<\/div>\n\t\t<\/section>\n\t\t\t\t<section class=\"elementor-section elementor-top-section elementor-element elementor-element-418d5c3 elementor-section-full_width elementor-section-stretched no-link-box elementor-section-height-default elementor-section-height-default\" data-id=\"418d5c3\" data-element_type=\"section\" data-settings=\"{&quot;stretch_section&quot;:&quot;section-stretched&quot;}\">\n\t\t\t\t\t\t<div class=\"elementor-container elementor-column-gap-no\">\n\t\t\t\t\t<div class=\"elementor-column elementor-col-100 elementor-top-column elementor-element elementor-element-1bd7508\" data-id=\"1bd7508\" data-element_type=\"column\">\n\t\t\t<div class=\"elementor-widget-wrap elementor-element-populated\">\n\t\t\t\t\t\t\t\t<div class=\"elementor-element elementor-element-4db29a2 elementor-widget elementor-widget-lanong_features_services\" data-id=\"4db29a2\" data-element_type=\"widget\" data-widget_type=\"lanong_features_services.default\">\n\t\t\t\t<div class=\"elementor-widget-container\">\n\t\t\t\t\t\t\r\n            <!--Features Section-->\r\n            <section class=\"features-section\">\r\n                <div class=\"auto-container\">\r\n                    <div class=\"row clearfix\">\r\n                                                <!--Feature-->\r\n                        <div class=\"feature-block col-lg-4 col-md-6 col-sm-12\">\r\n                            <div class=\"inner-box\">\r\n                                <div class=\"icon-box\">\r\n                                    <div class=\"octagonWrap\">\r\n                                        <div class=\"octagon\"><\/div>\r\n                                    <\/div>\r\n                                    <span class=\"icon fa fa-wind\"><\/span>\r\n                                <\/div>\r\n                                <div class=\"content\">\r\n                                    <h4>Rask<\/h4>\r\n                                    <div class=\"text\">V\u00e5r tjeneste vil gj\u00f8re det mulig for deg \u00e5 spare mye tid p\u00e5 \u00e5 reise og \u00f8ke tiden du nyter. Tross alt er du p\u00e5 ferie!<\/div>\r\n                                    <div class=\"link-box\">\r\n                                        <a href=\"\" class=\"default-link\">\r\n                                            <span class=\"icon flaticon-logout\"><\/span> <span class=\"link-text\">Mer om surfing<\/span>\r\n                                        <\/a>\r\n                                    <\/div>\r\n                                <\/div>\r\n                            <\/div>\r\n                        <\/div>\r\n                                                <!--Feature-->\r\n                        <div class=\"feature-block col-lg-4 col-md-6 col-sm-12\">\r\n                            <div class=\"inner-box\">\r\n                                <div class=\"icon-box\">\r\n                                    <div class=\"octagonWrap\">\r\n                                        <div class=\"octagon\"><\/div>\r\n                                    <\/div>\r\n                                    <span class=\"icon fa fa-shield-alt\"><\/span>\r\n                                <\/div>\r\n                                <div class=\"content\">\r\n                                    <h4>Sikker<\/h4>\r\n                                    <div class=\"text\">Vi er forpliktet til din sikkerhet. Vi utstyrer b\u00e5tene v\u00e5re med det nyeste sikkerhetsutstyret og v\u00e5rt erfarne, profesjonelle mannskap er oppl\u00e6rt til \u00e5 h\u00e5ndtere enhver situasjon.<\/div>\r\n                                    <div class=\"link-box\">\r\n                                        <a href=\"\" class=\"default-link\">\r\n                                            <span class=\"icon flaticon-logout\"><\/span> <span class=\"link-text\">Mer om surfing<\/span>\r\n                                        <\/a>\r\n                                    <\/div>\r\n                                <\/div>\r\n                            <\/div>\r\n                        <\/div>\r\n                                                <!--Feature-->\r\n                        <div class=\"feature-block col-lg-4 col-md-6 col-sm-12\">\r\n                            <div class=\"inner-box\">\r\n                                <div class=\"icon-box\">\r\n                                    <div class=\"octagonWrap\">\r\n                                        <div class=\"octagon\"><\/div>\r\n                                    <\/div>\r\n                                    <span class=\"icon fa fa-crown\"><\/span>\r\n                                <\/div>\r\n                                <div class=\"content\">\r\n                                    <h4>Overlegen<\/h4>\r\n                                    <div class=\"text\">Vi har utviklet tjenesten v\u00e5r for \u00e5 gi deg en best mulig opplevelse. Det inkluderer ingen sprut, komfortable seter, klimaanlegg og selvf\u00f8lgelig kalde drikker.<\/div>\r\n                                    <div class=\"link-box\">\r\n                                        <a href=\"\" class=\"default-link\">\r\n                                            <span class=\"icon flaticon-logout\"><\/span> <span class=\"link-text\">Mer om surfing<\/span>\r\n                                        <\/a>\r\n                                    <\/div>\r\n                                <\/div>\r\n                            <\/div>\r\n                        <\/div>\r\n                                            <\/div>\r\n                <\/div>\r\n            <\/section>\r\n            \r\n        \t\t<\/div>\n\t\t\t\t<\/div>\n\t\t\t\t<div class=\"elementor-element elementor-element-b6ff041 elementor-hidden-mobile elementor-widget elementor-widget-spacer\" data-id=\"b6ff041\" data-element_type=\"widget\" data-widget_type=\"spacer.default\">\n\t\t\t\t<div class=\"elementor-widget-container\">\n\t\t\t\t\t<div class=\"elementor-spacer\">\n\t\t\t<div class=\"elementor-spacer-inner\"><\/div>\n\t\t<\/div>\n\t\t\t\t<\/div>\n\t\t\t\t<\/div>\n\t\t\t\t\t<\/div>\n\t\t<\/div>\n\t\t\t\t\t\t\t<\/div>\n\t\t<\/section>\n\t\t\t\t\t\t\t<\/div>","protected":false},"excerpt":{"rendered":"<p>V\u00e5r historie Velkommen til Dalmatia Express Som en elsker av havet (utdannet ved fakultetet for \u00f8kologi og havets biologi), bestemte jeg meg for \u00e5 gj\u00f8re min kj\u00e6rlighet til skip og hydrodynamikk til en guttedr\u00f8m og kj\u00f8pte min f\u00f8rste hurtigb\u00e5t som jeg var i stand til med \u00e5 frakte passasjerer. Jeg var den f\u00f8rste som [\u2026]<\/p>","protected":false},"author":1,"featured_media":0,"parent":0,"menu_order":0,"comment_status":"closed","ping_status":"closed","template":"elementor_header_footer","meta":{"footnotes":""},"class_list":["post-109","page","type-page","status-publish","hentry"],"_links":{"self":[{"href":"https:\/\/dalmatia-express.com\/nb\/wp-json\/wp\/v2\/pages\/109","targetHints":{"allow":["GET"]}}],"collection":[{"href":"https:\/\/dalmatia-express.com\/nb\/wp-json\/wp\/v2\/pages"}],"about":[{"href":"https:\/\/dalmatia-express.com\/nb\/wp-json\/wp\/v2\/types\/page"}],"author":[{"embeddable":true,"href":"https:\/\/dalmatia-express.com\/nb\/wp-json\/wp\/v2\/users\/1"}],"replies":[{"embeddable":true,"href":"https:\/\/dalmatia-express.com\/nb\/wp-json\/wp\/v2\/comments?post=109"}],"version-history":[{"count":0,"href":"https:\/\/dalmatia-express.com\/nb\/wp-json\/wp\/v2\/pages\/109\/revisions"}],"wp:attachment":[{"href":"https:\/\/dalmatia-express.com\/nb\/wp-json\/wp\/v2\/media?parent=109"}],"curies":[{"name":"wp","href":"https:\/\/api.w.org\/{rel}","templated":true}]}}