{"id":109,"date":"2020-02-17T07:52:06","date_gmt":"2020-02-17T07:52:06","guid":{"rendered":"http:\/\/el.commonsupport.com\/newwp\/lanong\/?page_id=109"},"modified":"2022-05-02T13:36:19","modified_gmt":"2022-05-02T13:36:19","slug":"about","status":"publish","type":"page","link":"https:\/\/dalmatia-express.com\/pt\/about\/","title":{"rendered":"Sobre n\u00f3s"},"content":{"rendered":"<div data-elementor-type=\"wp-page\" data-elementor-id=\"109\" class=\"elementor elementor-109\">\n\t\t\t\t\t\t\t\t\t<section class=\"elementor-section elementor-top-section elementor-element elementor-element-0ef4b47 elementor-section-full_width elementor-section-height-default elementor-section-height-default\" data-id=\"0ef4b47\" data-element_type=\"section\">\n\t\t\t\t\t\t<div class=\"elementor-container elementor-column-gap-no\">\n\t\t\t\t\t<div class=\"elementor-column elementor-col-100 elementor-top-column elementor-element elementor-element-fac0e6e\" data-id=\"fac0e6e\" data-element_type=\"column\">\n\t\t\t<div class=\"elementor-widget-wrap elementor-element-populated\">\n\t\t\t\t\t\t\t\t<div class=\"elementor-element elementor-element-db9ca0d elementor-widget elementor-widget-heading\" data-id=\"db9ca0d\" data-element_type=\"widget\" data-widget_type=\"heading.default\">\n\t\t\t\t<div class=\"elementor-widget-container\">\n\t\t\t<style>\/*! elementor - v3.6.6 - 08-06-2022 *\/\n.elementor-heading-title{padding:0;margin:0;line-height:1}.elementor-widget-heading .elementor-heading-title[class*=elementor-size-]>a{color:inherit;font-size:inherit;line-height:inherit}.elementor-widget-heading .elementor-heading-title.elementor-size-small{font-size:15px}.elementor-widget-heading .elementor-heading-title.elementor-size-medium{font-size:19px}.elementor-widget-heading .elementor-heading-title.elementor-size-large{font-size:29px}.elementor-widget-heading .elementor-heading-title.elementor-size-xl{font-size:39px}.elementor-widget-heading .elementor-heading-title.elementor-size-xxl{font-size:59px}<\/style><h5 class=\"elementor-heading-title elementor-size-medium\">A nossa hist\u00f3ria<\/h5>\t\t<\/div>\n\t\t\t\t<\/div>\n\t\t\t\t<div class=\"elementor-element elementor-element-7922bf1 elementor-widget elementor-widget-heading\" data-id=\"7922bf1\" data-element_type=\"widget\" data-widget_type=\"heading.default\">\n\t\t\t\t<div class=\"elementor-widget-container\">\n\t\t\t<h1 class=\"elementor-heading-title elementor-size-default\">Bem-vindo ao <strong>Expresso da Dalm\u00e1cia<\/strong><\/h1>\t\t<\/div>\n\t\t\t\t<\/div>\n\t\t\t\t<div class=\"elementor-element elementor-element-d54d254 elementor-widget elementor-widget-spacer\" data-id=\"d54d254\" data-element_type=\"widget\" data-widget_type=\"spacer.default\">\n\t\t\t\t<div class=\"elementor-widget-container\">\n\t\t\t<style>\/*! elementor - v3.6.6 - 08-06-2022 *\/\n.e-container.e-container--row .elementor-spacer-inner{width:var(--spacer-size)}.e-container.e-container--column .elementor-spacer-inner,.elementor-column .elementor-spacer-inner{height:var(--spacer-size)}<\/style>\t\t<div class=\"elementor-spacer\">\n\t\t\t<div class=\"elementor-spacer-inner\"><\/div>\n\t\t<\/div>\n\t\t\t\t<\/div>\n\t\t\t\t<\/div>\n\t\t\t\t\t<\/div>\n\t\t<\/div>\n\t\t\t\t\t\t\t<\/div>\n\t\t<\/section>\n\t\t\t\t<section class=\"elementor-section elementor-top-section elementor-element elementor-element-226929f elementor-section-boxed elementor-section-height-default elementor-section-height-default\" data-id=\"226929f\" data-element_type=\"section\">\n\t\t\t\t\t\t<div class=\"elementor-container elementor-column-gap-default\">\n\t\t\t\t\t<div class=\"elementor-column elementor-col-50 elementor-top-column elementor-element elementor-element-d12be71\" data-id=\"d12be71\" data-element_type=\"column\">\n\t\t\t<div class=\"elementor-widget-wrap elementor-element-populated\">\n\t\t\t\t\t\t\t\t<div class=\"elementor-element elementor-element-f077419 elementor-widget elementor-widget-text-editor\" data-id=\"f077419\" data-element_type=\"widget\" data-widget_type=\"text-editor.default\">\n\t\t\t\t<div class=\"elementor-widget-container\">\n\t\t\t<style>\/*! elementor - v3.6.6 - 08-06-2022 *\/\n.elementor-widget-text-editor.elementor-drop-cap-view-stacked .elementor-drop-cap{background-color:#818a91;color:#fff}.elementor-widget-text-editor.elementor-drop-cap-view-framed .elementor-drop-cap{color:#818a91;border:3px solid;background-color:transparent}.elementor-widget-text-editor:not(.elementor-drop-cap-view-default) .elementor-drop-cap{margin-top:8px}.elementor-widget-text-editor:not(.elementor-drop-cap-view-default) .elementor-drop-cap-letter{width:1em;height:1em}.elementor-widget-text-editor .elementor-drop-cap{float:left;text-align:center;line-height:1;font-size:50px}.elementor-widget-text-editor .elementor-drop-cap-letter{display:inline-block}<\/style>\t\t\t\t<p>Como amante do mar (licenciado pela Faculdade de Ecologia e Biologia do Mar), decidi transformar o meu amor pelos navios e pela hidrodin\u00e2mica num sonho de rapaz e comprei a minha primeira lancha com a qual pude transportar passageiros.<\/p><p>Fui o primeiro a come\u00e7ar a oferecer transferes aqu\u00e1ticos privados que ligam os h\u00f3spedes \u00e0s ilhas da Dalm\u00e1cia central.<\/p><p>Quando descobri que o meu amigo e participante nas competi\u00e7\u00f5es ol\u00edmpicas mundiais de vela, a lenda da vela croata, <a href=\"https:\/\/en.wikipedia.org\/wiki\/Mate_Arapov\" target=\"_blank\" rel=\"noopener\">Mato Arapova<\/a>Por isso, decidi comprar o seu produto Lolivul 5.9 com uma Honda 90 HP.<\/p><p>Ap\u00f3s a primeira \u00e9poca de ver\u00e3o, convenci o Mata a fazer-me um barco maior, o que ele fez. Lolivul 9 m. com Yamaha 350 HP.<\/p>\t\t\t\t\t\t<\/div>\n\t\t\t\t<\/div>\n\t\t\t\t<div class=\"elementor-element elementor-element-c9d5d76 elementor-widget elementor-widget-image\" data-id=\"c9d5d76\" data-element_type=\"widget\" data-widget_type=\"image.default\">\n\t\t\t\t<div class=\"elementor-widget-container\">\n\t\t\t<style>\/*! elementor - v3.6.6 - 08-06-2022 *\/\n.elementor-widget-image{text-align:center}.elementor-widget-image a{display:inline-block}.elementor-widget-image a img[src$=\".svg\"]{width:48px}.elementor-widget-image img{vertical-align:middle;display:inline-block}<\/style>\t\t\t\t\t\t\t\t\t\t\t\t<img loading=\"lazy\" decoding=\"async\" width=\"525\" height=\"214\" src=\"https:\/\/dalmatia-express.com\/wp-content\/uploads\/2022\/04\/0f7bde2c-e75b-4f48-ae19-f5d54da2b3f0-e1651008516154-1024x417.jpg\" class=\"attachment-large size-large\" alt=\"\" srcset=\"https:\/\/dalmatia-express.com\/wp-content\/uploads\/2022\/04\/0f7bde2c-e75b-4f48-ae19-f5d54da2b3f0-e1651008516154-1024x417.jpg 1024w, https:\/\/dalmatia-express.com\/wp-content\/uploads\/2022\/04\/0f7bde2c-e75b-4f48-ae19-f5d54da2b3f0-e1651008516154-300x122.jpg 300w, https:\/\/dalmatia-express.com\/wp-content\/uploads\/2022\/04\/0f7bde2c-e75b-4f48-ae19-f5d54da2b3f0-e1651008516154-768x313.jpg 768w, https:\/\/dalmatia-express.com\/wp-content\/uploads\/2022\/04\/0f7bde2c-e75b-4f48-ae19-f5d54da2b3f0-e1651008516154.jpg 1494w\" sizes=\"auto, (max-width: 525px) 100vw, 525px\" \/>\t\t\t\t\t\t\t\t\t\t\t\t\t\t\t<\/div>\n\t\t\t\t<\/div>\n\t\t\t\t<div class=\"elementor-element elementor-element-1a78b55 elementor-widget elementor-widget-text-editor\" data-id=\"1a78b55\" data-element_type=\"widget\" data-widget_type=\"text-editor.default\">\n\t\t\t\t<div class=\"elementor-widget-container\">\n\t\t\t\t\t\t\t<p>Depois disso, eu queria uma lancha ainda maior, de 12 metros, e tentei convencer o Mata novamente. Ele respondeu-me com:<\/p><p><b>\"N\u00e3o, fa\u00e7a-o voc\u00ea mesmo e eu ajudo-o a faz\u00ea-lo. Tu sabes o que queres, que tipo de barco precisas\".<\/b><\/p><p>Construir o meu pr\u00f3prio barco pareceu-me demasiado dif\u00edcil, pelo que comecei a procurar um barco para comprar no estrangeiro.<\/p><p>Eu sabia que tipo de navio queria: profissional, luxuoso, r\u00e1pido, com excelentes caracter\u00edsticas de condu\u00e7\u00e3o no mar e uma seguran\u00e7a excecional.<\/p><p>Ap\u00f3s uma longa pesquisa, nenhum produto correspondia aos meus crit\u00e9rios, porque todas as empresas faziam concess\u00f5es em detrimento de outras caracter\u00edsticas.<\/p><p>Isso fez-me decidir construir a minha pr\u00f3pria lancha que teria todas as caracter\u00edsticas que eu queria sem qualquer compromisso.<\/p>\t\t\t\t\t\t<\/div>\n\t\t\t\t<\/div>\n\t\t\t\t\t<\/div>\n\t\t<\/div>\n\t\t\t\t<div class=\"elementor-column elementor-col-50 elementor-top-column elementor-element elementor-element-a2f1daa\" data-id=\"a2f1daa\" data-element_type=\"column\">\n\t\t\t<div class=\"elementor-widget-wrap elementor-element-populated\">\n\t\t\t\t\t\t\t\t<div class=\"elementor-element elementor-element-5bb1c53 elementor-widget elementor-widget-image\" data-id=\"5bb1c53\" data-element_type=\"widget\" data-widget_type=\"image.default\">\n\t\t\t\t<div class=\"elementor-widget-container\">\n\t\t\t\t\t\t\t\t\t\t\t\t\t\t\t<img loading=\"lazy\" decoding=\"async\" width=\"1502\" height=\"2003\" src=\"https:\/\/dalmatia-express.com\/wp-content\/uploads\/2022\/04\/IMG_3807.jpg\" class=\"attachment-full size-full\" alt=\"\" srcset=\"https:\/\/dalmatia-express.com\/wp-content\/uploads\/2022\/04\/IMG_3807.jpg 1502w, https:\/\/dalmatia-express.com\/wp-content\/uploads\/2022\/04\/IMG_3807-225x300.jpg 225w, https:\/\/dalmatia-express.com\/wp-content\/uploads\/2022\/04\/IMG_3807-768x1024.jpg 768w, https:\/\/dalmatia-express.com\/wp-content\/uploads\/2022\/04\/IMG_3807-1152x1536.jpg 1152w\" sizes=\"auto, (max-width: 1502px) 100vw, 1502px\" \/>\t\t\t\t\t\t\t\t\t\t\t\t\t\t\t<\/div>\n\t\t\t\t<\/div>\n\t\t\t\t<div class=\"elementor-element elementor-element-7ce81e8 elementor-widget elementor-widget-text-editor\" data-id=\"7ce81e8\" data-element_type=\"widget\" id=\"aboutimg\" data-widget_type=\"text-editor.default\">\n\t\t\t\t<div class=\"elementor-widget-container\">\n\t\t\t\t\t\t\t<p>Chamei \u00e0 marca Great White porque \u00e9 uma marca sem compromisso e sem concorr\u00eancia no mar.<\/p><p>Um colega apresentou-me a um g\u00e9nio - um engenheiro naval, o Sr. Ivani\u0161evi\u0107. Eu disse ao Sr. Ivanisevic:<\/p><p><b>\"Temos de criar um navio que possa navegar em seguran\u00e7a quando mais ningu\u00e9m o faz.\"<\/b><\/p><p><span data-preserver-spaces=\"true\">Cri\u00e1mos navios que podem navegar em todas as condi\u00e7\u00f5es meteorol\u00f3gicas, praticamente inafund\u00e1veis, barcos com uma identidade visual e uma personalidade \u00fanicas.<\/span><\/p><p><strong><span data-preserver-spaces=\"true\">Outros copiam, n\u00f3s criamos.<\/span><\/strong><\/p><p>por Jo\u0161ko Petri\u0107 (fundador e diretor da Dalmatia Express)<\/p>\t\t\t\t\t\t<\/div>\n\t\t\t\t<\/div>\n\t\t\t\t\t<\/div>\n\t\t<\/div>\n\t\t\t\t\t\t\t<\/div>\n\t\t<\/section>\n\t\t\t\t<section class=\"elementor-section elementor-top-section elementor-element elementor-element-e3a32cf elementor-section-full_width elementor-section-height-default elementor-section-height-default\" data-id=\"e3a32cf\" data-element_type=\"section\">\n\t\t\t\t\t\t<div class=\"elementor-container elementor-column-gap-no\">\n\t\t\t\t\t<div class=\"elementor-column elementor-col-100 elementor-top-column elementor-element elementor-element-19940f7\" data-id=\"19940f7\" data-element_type=\"column\">\n\t\t\t<div class=\"elementor-widget-wrap elementor-element-populated\">\n\t\t\t\t\t\t\t\t<div class=\"elementor-element elementor-element-38a15f8 elementor-widget elementor-widget-lanong_about_us_2\" data-id=\"38a15f8\" data-element_type=\"widget\" data-widget_type=\"lanong_about_us_2.default\">\n\t\t\t\t<div class=\"elementor-widget-container\">\n\t\t\t        \r\n        <!--Welcome Section-->\r\n        <section class=\"welcome-section\">\r\n            <div class=\"auto-container\">\r\n                <div class=\"title-box wow fadeInUp\" data-wow-delay=\"0ms\" data-wow-duration=\"1500ms\">\r\n                    <h4><\/h4>\r\n                    <h2><\/h2>\r\n                    <div class=\"text\"><\/div>\r\n                <\/div>\r\n                <div class=\"image-box wow fadeInUp\" data-wow-delay=\"0ms\" data-wow-duration=\"1500ms\">\r\n                    <img decoding=\"async\" src=\"\" alt=\"Imagem incr\u00edvel\">\r\n                <\/div>\r\n    \r\n                <div class=\"event-carousel-box\">\r\n                    <div class=\"event-carousel owl-theme owl-carousel\">\r\n                                                <!--Event Block-->\r\n                        <div class=\"event-block\">\r\n                            <div class=\"inner\">\r\n                                <div class=\"date\"><\/div>\r\n                                <h4><a href=\"\">O in\u00edcio<\/a><\/h4>\r\n                                <div class=\"text\">Acabo a faculdade e constituo a empresa Blizanac d.o.o., que ostenta a marca Dalmatia Express.<\/div>\r\n                                <div class=\"year\">2009<\/div>\r\n                            <\/div>\r\n                        <\/div>\r\n                                                <!--Event Block-->\r\n                        <div class=\"event-block\">\r\n                            <div class=\"inner\">\r\n                                <div class=\"date\"><\/div>\r\n                                <h4><a href=\"https:\/\/dalmatia-express.com\/pt\/our-fleet\/great-white-39\/\">Constru\u00edmos o primeiro Grande Branco<\/a><\/h4>\r\n                                <div class=\"text\">Constru\u00edmos o Great White 39, um barco de 12 metros com uma velocidade m\u00e1xima de 50 n\u00f3s.\n<\/div>\r\n                                <div class=\"year\">2014<\/div>\r\n                            <\/div>\r\n                        <\/div>\r\n                                                <!--Event Block-->\r\n                        <div class=\"event-block\">\r\n                            <div class=\"inner\">\r\n                                <div class=\"date\"><\/div>\r\n                                <h4><a href=\"https:\/\/dalmatia-express.com\/pt\/our-fleet\/great-white-35\/\">Constru\u00edmos o segundo navio<\/a><\/h4>\r\n                                <div class=\"text\">O nascimento do Great White 35 navio mais pequeno com grande capacidade de manobra.<\/div>\r\n                                <div class=\"year\">2017<\/div>\r\n                            <\/div>\r\n                        <\/div>\r\n                                                <!--Event Block-->\r\n                        <div class=\"event-block\">\r\n                            <div class=\"inner\">\r\n                                <div class=\"date\"><\/div>\r\n                                <h4><a href=\"https:\/\/dalmatia-express.com\/pt\/our-fleet\/great-white-49\/\">O Rei do Mar<\/a><\/h4>\r\n                                <div class=\"text\">Constru\u00edmos o Great White 49 - o maior barco insufl\u00e1vel produzido na Rep\u00fablica da Cro\u00e1cia.<\/div>\r\n                                <div class=\"year\">2019<\/div>\r\n                            <\/div>\r\n                        <\/div>\r\n                                            <\/div>\r\n                <\/div>\r\n            <\/div>\r\n        <\/section>\r\n           \r\n\t\t\t\t<\/div>\n\t\t\t\t<\/div>\n\t\t\t\t<div class=\"elementor-element elementor-element-5746170 elementor-widget elementor-widget-heading\" data-id=\"5746170\" data-element_type=\"widget\" data-widget_type=\"heading.default\">\n\t\t\t\t<div class=\"elementor-widget-container\">\n\t\t\t<h2 class=\"elementor-heading-title elementor-size-default\">A nossa garantia de qualidade<\/h2>\t\t<\/div>\n\t\t\t\t<\/div>\n\t\t\t\t<div class=\"elementor-element elementor-element-77be444 elementor-widget elementor-widget-spacer\" data-id=\"77be444\" data-element_type=\"widget\" data-widget_type=\"spacer.default\">\n\t\t\t\t<div class=\"elementor-widget-container\">\n\t\t\t\t\t<div class=\"elementor-spacer\">\n\t\t\t<div class=\"elementor-spacer-inner\"><\/div>\n\t\t<\/div>\n\t\t\t\t<\/div>\n\t\t\t\t<\/div>\n\t\t\t\t\t<\/div>\n\t\t<\/div>\n\t\t\t\t\t\t\t<\/div>\n\t\t<\/section>\n\t\t\t\t<section class=\"elementor-section elementor-top-section elementor-element elementor-element-418d5c3 elementor-section-full_width elementor-section-stretched no-link-box elementor-section-height-default elementor-section-height-default\" data-id=\"418d5c3\" data-element_type=\"section\" data-settings=\"{&quot;stretch_section&quot;:&quot;section-stretched&quot;}\">\n\t\t\t\t\t\t<div class=\"elementor-container elementor-column-gap-no\">\n\t\t\t\t\t<div class=\"elementor-column elementor-col-100 elementor-top-column elementor-element elementor-element-1bd7508\" data-id=\"1bd7508\" data-element_type=\"column\">\n\t\t\t<div class=\"elementor-widget-wrap elementor-element-populated\">\n\t\t\t\t\t\t\t\t<div class=\"elementor-element elementor-element-4db29a2 elementor-widget elementor-widget-lanong_features_services\" data-id=\"4db29a2\" data-element_type=\"widget\" data-widget_type=\"lanong_features_services.default\">\n\t\t\t\t<div class=\"elementor-widget-container\">\n\t\t\t\t\t\t\r\n            <!--Features Section-->\r\n            <section class=\"features-section\">\r\n                <div class=\"auto-container\">\r\n                    <div class=\"row clearfix\">\r\n                                                <!--Feature-->\r\n                        <div class=\"feature-block col-lg-4 col-md-6 col-sm-12\">\r\n                            <div class=\"inner-box\">\r\n                                <div class=\"icon-box\">\r\n                                    <div class=\"octagonWrap\">\r\n                                        <div class=\"octagon\"><\/div>\r\n                                    <\/div>\r\n                                    <span class=\"icon fa fa-wind\"><\/span>\r\n                                <\/div>\r\n                                <div class=\"content\">\r\n                                    <h4>R\u00e1pido<\/h4>\r\n                                    <div class=\"text\">O nosso servi\u00e7o permitir-lhe-\u00e1 poupar muito tempo de viagem e aumentar o tempo de divers\u00e3o. Afinal de contas, est\u00e1 de f\u00e9rias!<\/div>\r\n                                    <div class=\"link-box\">\r\n                                        <a href=\"\" class=\"default-link\">\r\n                                            <span class=\"icon flaticon-logout\"><\/span> <span class=\"link-text\">Mais sobre surfe<\/span>\r\n                                        <\/a>\r\n                                    <\/div>\r\n                                <\/div>\r\n                            <\/div>\r\n                        <\/div>\r\n                                                <!--Feature-->\r\n                        <div class=\"feature-block col-lg-4 col-md-6 col-sm-12\">\r\n                            <div class=\"inner-box\">\r\n                                <div class=\"icon-box\">\r\n                                    <div class=\"octagonWrap\">\r\n                                        <div class=\"octagon\"><\/div>\r\n                                    <\/div>\r\n                                    <span class=\"icon fa fa-shield-alt\"><\/span>\r\n                                <\/div>\r\n                                <div class=\"content\">\r\n                                    <h4>Seguro<\/h4>\r\n                                    <div class=\"text\">Estamos empenhados na sua seguran\u00e7a. Equipamos os nossos barcos com o mais recente equipamento de seguran\u00e7a e a nossa equipa experiente e profissional est\u00e1 treinada para lidar com qualquer situa\u00e7\u00e3o.<\/div>\r\n                                    <div class=\"link-box\">\r\n                                        <a href=\"\" class=\"default-link\">\r\n                                            <span class=\"icon flaticon-logout\"><\/span> <span class=\"link-text\">Mais sobre surfe<\/span>\r\n                                        <\/a>\r\n                                    <\/div>\r\n                                <\/div>\r\n                            <\/div>\r\n                        <\/div>\r\n                                                <!--Feature-->\r\n                        <div class=\"feature-block col-lg-4 col-md-6 col-sm-12\">\r\n                            <div class=\"inner-box\">\r\n                                <div class=\"icon-box\">\r\n                                    <div class=\"octagonWrap\">\r\n                                        <div class=\"octagon\"><\/div>\r\n                                    <\/div>\r\n                                    <span class=\"icon fa fa-crown\"><\/span>\r\n                                <\/div>\r\n                                <div class=\"content\">\r\n                                    <h4>Superior<\/h4>\r\n                                    <div class=\"text\">Concebemos o nosso servi\u00e7o para lhe proporcionar a melhor experi\u00eancia poss\u00edvel. Isso inclui a aus\u00eancia de salpicos, assentos confort\u00e1veis, ar condicionado e, claro, bebidas frescas.<\/div>\r\n                                    <div class=\"link-box\">\r\n                                        <a href=\"\" class=\"default-link\">\r\n                                            <span class=\"icon flaticon-logout\"><\/span> <span class=\"link-text\">Mais sobre surfe<\/span>\r\n                                        <\/a>\r\n                                    <\/div>\r\n                                <\/div>\r\n                            <\/div>\r\n                        <\/div>\r\n                                            <\/div>\r\n                <\/div>\r\n            <\/section>\r\n            \r\n        \t\t<\/div>\n\t\t\t\t<\/div>\n\t\t\t\t<div class=\"elementor-element elementor-element-b6ff041 elementor-hidden-mobile elementor-widget elementor-widget-spacer\" data-id=\"b6ff041\" data-element_type=\"widget\" data-widget_type=\"spacer.default\">\n\t\t\t\t<div class=\"elementor-widget-container\">\n\t\t\t\t\t<div class=\"elementor-spacer\">\n\t\t\t<div class=\"elementor-spacer-inner\"><\/div>\n\t\t<\/div>\n\t\t\t\t<\/div>\n\t\t\t\t<\/div>\n\t\t\t\t\t<\/div>\n\t\t<\/div>\n\t\t\t\t\t\t\t<\/div>\n\t\t<\/section>\n\t\t\t\t\t\t\t<\/div>","protected":false},"excerpt":{"rendered":"<p>Nossa hist\u00f3ria Bem-vindo ao Dalmatia Express. Como amante do mar (formado pela Faculdade de Ecologia e Biologia do Mar), decidi transformar meu amor por navios e hidrodin\u00e2mica em um sonho de menino e comprei minha primeira lancha r\u00e1pida, com a qual pude transportar passageiros. Fui o primeiro a [\u2026]<\/p>","protected":false},"author":1,"featured_media":0,"parent":0,"menu_order":0,"comment_status":"closed","ping_status":"closed","template":"elementor_header_footer","meta":{"footnotes":""},"class_list":["post-109","page","type-page","status-publish","hentry"],"_links":{"self":[{"href":"https:\/\/dalmatia-express.com\/pt\/wp-json\/wp\/v2\/pages\/109","targetHints":{"allow":["GET"]}}],"collection":[{"href":"https:\/\/dalmatia-express.com\/pt\/wp-json\/wp\/v2\/pages"}],"about":[{"href":"https:\/\/dalmatia-express.com\/pt\/wp-json\/wp\/v2\/types\/page"}],"author":[{"embeddable":true,"href":"https:\/\/dalmatia-express.com\/pt\/wp-json\/wp\/v2\/users\/1"}],"replies":[{"embeddable":true,"href":"https:\/\/dalmatia-express.com\/pt\/wp-json\/wp\/v2\/comments?post=109"}],"version-history":[{"count":0,"href":"https:\/\/dalmatia-express.com\/pt\/wp-json\/wp\/v2\/pages\/109\/revisions"}],"wp:attachment":[{"href":"https:\/\/dalmatia-express.com\/pt\/wp-json\/wp\/v2\/media?parent=109"}],"curies":[{"name":"wp","href":"https:\/\/api.w.org\/{rel}","templated":true}]}}